{"id":30114,"date":"2025-06-06T19:25:24","date_gmt":"2025-06-06T19:25:24","guid":{"rendered":"https:\/\/ati.novanta.com\/products\/collision-sensors\/"},"modified":"2025-10-12T15:37:54","modified_gmt":"2025-10-12T15:37:54","slug":"collision-sensors","status":"publish","type":"page","link":"https:\/\/ati.novanta.com\/de\/products\/collision-sensors\/","title":{"rendered":"Kollisionssensoren"},"content":{"rendered":"\n\n<div class=\"hero alignfull hero--wide hero--medium has-overlay has-overlay-dark\">\n\t\t\t\t\t<figure class=\"hero__image-wrap\">\n\t\t\t\t<img decoding=\"async\" width=\"2560\" height=\"1227\" src=\"https:\/\/ati.novanta.com\/wp-content\/uploads\/sites\/2\/2025\/06\/collision-sensor-featured-image.webp?quality=85&amp;strip=all&amp;w=2560\" class=\"attachment-design-max size-design-max\" alt=\"\" fetchpriority=\"high\" srcset=\"https:\/\/ati.novanta.com\/wp-content\/uploads\/sites\/2\/2025\/06\/collision-sensor-featured-image.webp?resize=320%2C153&amp;quality=85&amp;strip=all 320w, https:\/\/ati.novanta.com\/wp-content\/uploads\/sites\/2\/2025\/06\/collision-sensor-featured-image.webp?resize=400%2C192&amp;quality=85&amp;strip=all 400w, https:\/\/ati.novanta.com\/wp-content\/uploads\/sites\/2\/2025\/06\/collision-sensor-featured-image.webp?resize=840%2C403&amp;quality=85&amp;strip=all 840w, https:\/\/ati.novanta.com\/wp-content\/uploads\/sites\/2\/2025\/06\/collision-sensor-featured-image.webp?resize=1200%2C575&amp;quality=85&amp;strip=all 1200w, https:\/\/ati.novanta.com\/wp-content\/uploads\/sites\/2\/2025\/06\/collision-sensor-featured-image.webp?resize=1680%2C805&amp;quality=85&amp;strip=all 1680w, https:\/\/ati.novanta.com\/wp-content\/uploads\/sites\/2\/2025\/06\/collision-sensor-featured-image.webp?resize=1920%2C920&amp;quality=85&amp;strip=all 1920w\" sizes=\"(max-width: 2560px) 100vw, 2560px\" \/>\t\t\t<\/figure>\n\t\t\t\n\t\n\t\n<div class=\"hero__content hero__content--vertical-align-bottom\" style=\"--one-novanta-hero-pre-heading-acent-line-color: var(--wp--preset--color--primary)\">\n\t<div class=\"hero__content-wrap has-medium-font-size has-heading-font-family\">\n\t\t\t\t\t<p class=\"hero__pre-heading shiny-text\">\n\t\t\t\tProdukte\t\t\t<\/p>\n\t\t\n\t\t<h1 class=\"hero__heading line-expanding has-display-font-size\">\n\t\t\tKollisionssensoren\t\t<\/h1>\n\n\t\t<p><\/p>\t<\/div>\n<\/div>\n<\/div>\n\n\n\n<div class=\"alignfull large-text-block is-layout-constrained wp-block-one-novanta-section-is-layout-constrained\" style=\"padding-top:var(--wp--preset--spacing--80);padding-bottom:var(--wp--preset--spacing--80)\">\n<div class=\"wp-block-one-novanta-section-content alignwide\">\n<p class=\"large-text-block__text has-heading-font-family has-xx-large-font-size\" style=\"font-style:normal;font-weight:600\">Verbessern Sie die Sicherheit, Effizienz und Zuverl\u00e4ssigkeit Ihrer automatisierten Systeme.<\/p>\n<\/div>\n\n\n\n<div class=\"alignfull is-layout-constrained wp-block-one-novanta-section-is-layout-constrained\" style=\"padding-top:var(--wp--preset--spacing--40);padding-bottom:var(--wp--preset--spacing--40)\">\n<div class=\"wp-block-one-novanta-section-content alignwide\">\n<hr class=\"wp-block-separator has-alpha-channel-opacity\" style=\"margin-top:0;margin-bottom:0;padding-top:0;padding-bottom:0\"\/>\n<\/div>\n<\/div>\n\n\n\n<div class=\"alignfull is-layout-constrained wp-block-one-novanta-section-is-layout-constrained\" style=\"padding-top:var(--wp--preset--spacing--40);padding-bottom:var(--wp--preset--spacing--40)\">\n<div class=\"wp-block-one-novanta-section-content alignwide\">\n<div class=\"featured-content featured-content--media-align-right\" >\n\t\n<div class=\"featured-content__media\">\n\t\n<novanta-video class=\"novanta-video one-novanta-video-component\" thumbnail=\"static\" id=\"video_69dfaf4fe76c5\">\n\t<figure class=\"novanta-video__thumbnail image-zoom-in\">\n\t\t\n<div class=\"media-lightbox\">\n\t<ati-media-lightbox>\n\t\t<rt-lightbox id=\"videolightbox_video_69dfaf4fe76c5\" close-on-overlay-click=\"yes\" swipe=\"yes\" swipe-threshold=\"300\" class=\"media-lightbox__wrapper\">\n\t\t\t<dialog class=\"media-lightbox__dialog\">\n\t\t\t\t<div class=\"media-lightbox__content-wrapper\">\n\t\t\t\t\t<rt-lightbox-close class=\"media-lightbox__close\">\n\t\t\t\t\t\t<button class=\"media-lightbox__close-button\" aria-label=\"Schlie\u00dfen Sie\">\n\t\t\t\t\t\t\t<svg xmlns=\"http:\/\/www.w3.org\/2000\/svg\" fill=\"none\" stroke=\"currentColor\" width=\"24\" height=\"24\" viewBox=\"0 0 24 24\"><path stroke-linecap=\"round\" stroke-linejoin=\"round\" d=\"M6 18 18 6M6 6l12 12\" \/><\/svg>\n\t\t\t\t\t\t<\/button>\n\t\t\t\t\t<\/rt-lightbox-close>\n\n\t\t\t\t\t<rt-lightbox-previous class=\"media-lightbox__navigation-previous\">\n\t\t\t\t\t\t<button class=\"media-lightbox__navigation-button\" aria-label=\"Vorherige\">\n\t\t\t\t\t\t\t<svg xmlns=\"http:\/\/www.w3.org\/2000\/svg\" width=\"16\" height=\"30\" fill=\"none\" viewBox=\"0 0 16 30\"><path stroke=\"currentColor\" d=\"M.86.857 15.001 15 .858 29.142\" \/><\/svg>\t\t\t\t\t\t<\/button>\n\t\t\t\t\t<\/rt-lightbox-previous>\n\t\t\t\t\t<rt-lightbox-content class=\"media-lightbox__content\"><\/rt-lightbox-content>\n\t\t\t\t\t<rt-lightbox-next class=\"media-lightbox__navigation-next\">\n\t\t\t\t\t\t<button class=\"media-lightbox__navigation-button\" aria-label=\"Weiter\">\n\t\t\t\t\t\t\t<svg xmlns=\"http:\/\/www.w3.org\/2000\/svg\" width=\"16\" height=\"30\" fill=\"none\" viewBox=\"0 0 16 30\"><path stroke=\"currentColor\" d=\"M.86.857 15.001 15 .858 29.142\" \/><\/svg>\t\t\t\t\t\t<\/button>\n\t\t\t\t\t<\/rt-lightbox-next>\n\t\t\t\t\t\t\t\t\t\t<div class=\"media-lightbox__nav\"><\/div>\n\t\t\t\t<\/div>\n\t\t\t<\/dialog>\n\t\t<\/rt-lightbox>\n\t<\/ati-media-lightbox>\n\t<rt-lightbox-trigger lightbox=\"videolightbox_video_69dfaf4fe76c5\" group=\"video-gallery-video_69dfaf4fe76c5\" class=\"media-lightbox__trigger\">\n\t\t<button class=\"media-lightbox__trigger-button\" aria-label=\"Leuchtkasten \u00f6ffnen\">\n\t\t\t<figure class=\"media-lightbox__figure\">\n\t\t\t\t<img loading=\"lazy\" decoding=\"async\" style=\"object-position: 50% 50%\" width=\"840\" height=\"460\" src=\"https:\/\/ati.novanta.com\/wp-content\/uploads\/sites\/2\/2025\/06\/collision-sensor-video-thumbnail.webp?quality=85&amp;strip=all&amp;w=840\" class=\"one-novanta-default-image novanta-video__static-thumbnail\" alt=\"\" srcset=\"https:\/\/ati.novanta.com\/wp-content\/uploads\/sites\/2\/2025\/06\/collision-sensor-video-thumbnail.webp?quality=85&amp;strip=all 1680w, https:\/\/ati.novanta.com\/wp-content\/uploads\/sites\/2\/2025\/06\/collision-sensor-video-thumbnail.webp?resize=320%2C175&amp;quality=85&amp;strip=all 320w, https:\/\/ati.novanta.com\/wp-content\/uploads\/sites\/2\/2025\/06\/collision-sensor-video-thumbnail.webp?resize=400%2C219&amp;quality=85&amp;strip=all 400w, https:\/\/ati.novanta.com\/wp-content\/uploads\/sites\/2\/2025\/06\/collision-sensor-video-thumbnail.webp?resize=840%2C460&amp;quality=85&amp;strip=all 840w, https:\/\/ati.novanta.com\/wp-content\/uploads\/sites\/2\/2025\/06\/collision-sensor-video-thumbnail.webp?resize=1200%2C657&amp;quality=85&amp;strip=all 1200w\" sizes=\"auto, (max-width: 840px) 100vw, 840px\" \/>\t\t\t\t\n\t\t\t\t\t\t\t<\/figure>\n\t\t<\/button>\n\t\t<template>\n\t\t\t\t\t\t\t\t\t\t\t<wistia-player media-id=\"1uycqe85h5\"><\/wistia-player>\n\t\t\t\t\t<\/template>\n\t<\/rt-lightbox-trigger>\n<\/div>\n\n\t\t\n\t\t<button class=\"novanta-video__play-button\" aria-label=\"Schaltfl\u00e4che &quot;Video abspielen\" type=\"button\">\n\t\t\t<svg xmlns=\"http:\/\/www.w3.org\/2000\/svg\" fill=\"none\" viewBox=\"0 0 166 166\"><path stroke=\"currentColor\" stroke-width=\"2\" d=\"M66.75 115.719V49.281L117.183 82.5 66.75 115.719Z\" \/><circle cx=\"83\" cy=\"83\" r=\"82\" stroke=\"currentColor\" stroke-width=\"2\" \/><\/svg>\n\t\t<\/button>\n\t<\/figure>\n<\/novanta-video>\n<\/div>\n\n<div class=\"featured-content__content\">\n\t\n\n<h2 class=\"wp-block-heading has-x-large-font-size\" id=\"h-why-ati-collision-sensors\">Warum ATI Kollisionssensoren?<\/h2>\n\n\n\n<p class=\"has-normal-font-size\">Sch\u00fctzt sowohl Ihre Ausr\u00fcstung als auch Ihr Personal durch die Vermeidung von Unf\u00e4llen.<br>Reduziert Ausfallzeiten und Wartungskosten und sorgt f\u00fcr einen reibungslosen Betrieb.<br>Kompatibel mit verschiedenen Robotersystemen und einfach zu installieren.<br>Erh\u00e4ltlich in verschiedenen Modellen, die den spezifischen Anforderungen und Anwendungen entsprechen.<\/p>\n\n\n\n<div class=\"wp-block-buttons is-layout-flex wp-container-core-buttons-is-layout-6a34cae4 wp-block-buttons-is-layout-flex\">\n<div class=\"wp-block-button is-style-fill has-arrow\"><a class=\"wp-block-button__link wp-element-button\" href=\"https:\/\/ati.novanta.com\/de\/product\/robotic-collision-sensors\/\">Modelle durchsuchen<\/a><\/div>\n\n\n\n<div class=\"wp-block-button is-style-outline has-arrow is-style-outline--1\"><a class=\"wp-block-button__link wp-element-button\" href=\"https:\/\/ati.novanta.com\/wp-content\/uploads\/sites\/2\/2025\/06\/ATI-Collision-Sensor-Application-Sheet.xls\">Arbeitsblatt herunterladen<\/a><\/div>\n<\/div>\n\n<\/div>\n<\/div>\n<\/div>\n<\/div>\n<\/div>\n\n\n\n<div class=\"alignfull is-layout-constrained wp-block-one-novanta-section-is-layout-constrained\" style=\"padding-top:0;padding-bottom:0\">\n<div class=\"wp-block-one-novanta-section-heading alignwide\" style=\"margin-bottom:var(--wp--preset--spacing--40)\">\n<h2 class=\"wp-block-heading one-novanta-section__title has-xx-large-font-size\" id=\"h-collision-sensors\">Kollisionssensoren<\/h2>\n\n\n\n<p class=\"one-novanta-section__description has-medium-font-size has-heading-font-family\"><\/p>\n<\/div>\n\n\n\n<div class=\"wp-block-one-novanta-section-content alignwide\">\n<figure class=\"wp-block-table is-style-wp-novanta-quick-compare-table\"><table class=\"has-fixed-layout\"><thead><tr><th>Modell<\/th><th>Winkel-Disp.<\/th><th>Axial-Disp.<\/th><th>Gewicht<\/th><th>Moment Losbrecher **<\/th><th>Axiales Losbrechmoment *<\/th><\/tr><\/thead><tbody><tr><td><strong>SR-48<\/strong><\/td><td>\u00b113\u00b0<\/td><td>5.1 mm<\/td><td>0.249 kg<\/td><td>2.3 Nm &#8211; 6 Nm<\/td><td>440 N<\/td><\/tr><tr><td><strong>SR-61<\/strong><\/td><td>\u00b111\u00b0<\/td><td>5.6 mm<\/td><td>0.318 kg<\/td><td>6.8 Nm &#8211; 28 Nm<\/td><td>880 N<\/td><\/tr><tr><td><strong>SR-81<\/strong><\/td><td>\u00b113\u00b0<\/td><td>8.6 mm<\/td><td>0.581 kg<\/td><td>14 Nm &#8211; 59 Nm<\/td><td>1700 N<\/td><\/tr><tr><td><strong>SR-82<\/strong><\/td><td>\u00b113\u00b0<\/td><td>8.6 mm<\/td><td>0.581 kg<\/td><td>14 Nm &#8211; 59 Nm<\/td><td>1700 N<\/td><\/tr><tr><td><strong>SR-101<\/strong><\/td><td>\u00b112\u00b0<\/td><td>10 mm<\/td><td>1.18 kg<\/td><td>27 Nm &#8211; 120 Nm<\/td><td>2700 N<\/td><\/tr><tr><td><strong>SR-131<\/strong><\/td><td>\u00b110\u00b0<\/td><td>12 mm<\/td><td>2.31 kg<\/td><td>76 Nm &#8211; 340 Nm<\/td><td>4700 N<\/td><\/tr><tr><td><strong>SR-176<\/strong><\/td><td>\u00b110\u00b0<\/td><td>16 mm<\/td><td>5.44 kg<\/td><td>180 Nm &#8211; 810 Nm<\/td><td>8900 N<\/td><\/tr><tr><td><strong>SR-221<\/strong><\/td><td>\u00b18\u00b0<\/td><td>16 mm<\/td><td>11.4 kg<\/td><td>440 Nm &#8211; 2000 Nm<\/td><td>14000 N<\/td><\/tr><\/tbody><\/table><figcaption class=\"wp-element-caption\">* Bei einem Druck von 6,2 bar<br>**In einem Druckbereich von 1,4-6,2 bar<\/figcaption><\/figure>\n<\/div>\n<\/div>\n\n\n\n<div class=\"alignfull has-background-background-color has-background is-layout-constrained wp-block-one-novanta-section-is-layout-constrained\" style=\"padding-top:var(--wp--preset--spacing--80);padding-bottom:var(--wp--preset--spacing--80)\">\n<div class=\"wp-block-one-novanta-section-content alignwide\">\n<div class=\"wp-block-one-novanta-media-text-cover media-text-cover alignwide media-text-cover--content-align-right\" >\n\n\t<figure class=\"media-text-cover__image-wrap\">\n\t\t<img loading=\"lazy\" decoding=\"async\" width=\"1680\" height=\"710\" src=\"https:\/\/ati.novanta.com\/wp-content\/uploads\/sites\/2\/2025\/05\/63e6eba529e1ef173f41fbfdb8d59f2b52b56010_52637d.png?quality=85&amp;strip=all&amp;w=1680\" class=\"attachment-design-xl size-design-xl\" alt=\"\" srcset=\"https:\/\/ati.novanta.com\/wp-content\/uploads\/sites\/2\/2025\/05\/63e6eba529e1ef173f41fbfdb8d59f2b52b56010_52637d.png?quality=85&amp;strip=all 1680w, https:\/\/ati.novanta.com\/wp-content\/uploads\/sites\/2\/2025\/05\/63e6eba529e1ef173f41fbfdb8d59f2b52b56010_52637d.png?resize=320%2C135&amp;quality=85&amp;strip=all 320w, https:\/\/ati.novanta.com\/wp-content\/uploads\/sites\/2\/2025\/05\/63e6eba529e1ef173f41fbfdb8d59f2b52b56010_52637d.png?resize=400%2C169&amp;quality=85&amp;strip=all 400w, https:\/\/ati.novanta.com\/wp-content\/uploads\/sites\/2\/2025\/05\/63e6eba529e1ef173f41fbfdb8d59f2b52b56010_52637d.png?resize=840%2C355&amp;quality=85&amp;strip=all 840w, https:\/\/ati.novanta.com\/wp-content\/uploads\/sites\/2\/2025\/05\/63e6eba529e1ef173f41fbfdb8d59f2b52b56010_52637d.png?resize=1200%2C507&amp;quality=85&amp;strip=all 1200w\" sizes=\"auto, (max-width: 1680px) 100vw, 1680px\" \/>\t<\/figure>\n\n\t\t\t<div class=\"media-text-cover__content has-medium-font-size has-heading-font-family\">\n\t\t\t\n\t\t\t<h2 class=\"media-text-cover__heading has-xxx-large-font-size\">\n\t\t\t\tSprechen Sie mit einem Experten\t\t\t<\/h2>\n\n\t\t\t<p>Sind Sie bereit, Ihre Herausforderungen zu meistern und das volle Potenzial Ihrer Roboteranwendungen zu erschlie\u00dfen? Kontaktieren Sie unser Expertenteam noch heute.<\/p>\n\n<div class=\"wp-block-buttons is-layout-flex wp-block-buttons-is-layout-flex\">\n<div class=\"wp-block-button is-style-fill has-arrow\"><a class=\"wp-block-button__link wp-element-button\" href=\"https:\/\/ati.novanta.com\/de\/talk-to-an-expert\/\">Kontaktieren Sie uns<\/a><\/div>\n<\/div>\n\n\t\t<\/div>\n\t<\/div>\n<\/div>\n<\/div>\n","protected":false},"excerpt":{"rendered":"","protected":false},"author":36,"featured_media":0,"parent":30045,"menu_order":0,"comment_status":"closed","ping_status":"closed","template":"","meta":{"_acf_changed":false,"footnotes":""},"class_list":["post-30114","page","type-page","status-publish","hentry"],"acf":[],"yoast_head":"<!-- This site is optimized with the Yoast SEO Premium plugin v27.0 (Yoast SEO v27.3) - https:\/\/yoast.com\/product\/yoast-seo-premium-wordpress\/ -->\n<title>Kollisionssensoren - ATI Industrial Automation<\/title>\n<meta name=\"robots\" content=\"index, follow, max-snippet:-1, max-image-preview:large, max-video-preview:-1\" \/>\n<link rel=\"canonical\" href=\"https:\/\/ati.novanta.com\/de\/products\/collision-sensors\/\" \/>\n<meta property=\"og:locale\" content=\"de_DE\" \/>\n<meta property=\"og:type\" content=\"article\" \/>\n<meta property=\"og:title\" content=\"Kollisionssensoren\" \/>\n<meta property=\"og:url\" content=\"https:\/\/ati.novanta.com\/de\/products\/collision-sensors\/\" \/>\n<meta property=\"og:site_name\" content=\"ATI Industrial Automation\" \/>\n<meta property=\"article:modified_time\" content=\"2025-10-12T15:37:54+00:00\" \/>\n<meta property=\"og:image\" content=\"https:\/\/ati.novanta.com\/wp-content\/uploads\/sites\/2\/2026\/01\/ati-logo_1024x1024.png?resize=1024,675\" \/>\n\t<meta property=\"og:image:width\" content=\"1024\" \/>\n\t<meta property=\"og:image:height\" content=\"675\" \/>\n\t<meta property=\"og:image:type\" content=\"image\/png\" \/>\n<meta name=\"twitter:card\" content=\"summary_large_image\" \/>\n<meta name=\"twitter:label1\" content=\"Est. reading time\" \/>\n\t<meta name=\"twitter:data1\" content=\"1\u00a0Minute\" \/>\n<script type=\"application\/ld+json\" class=\"yoast-schema-graph\">{\"@context\":\"https:\\\/\\\/schema.org\",\"@graph\":[{\"@type\":\"WebPage\",\"@id\":\"https:\\\/\\\/ati.novanta.com\\\/de\\\/products\\\/collision-sensors\\\/\",\"url\":\"https:\\\/\\\/ati.novanta.com\\\/de\\\/products\\\/collision-sensors\\\/\",\"name\":\"Kollisionssensoren - ATI Industrial Automation\",\"isPartOf\":{\"@id\":\"https:\\\/\\\/ati.novanta.com\\\/#website\"},\"datePublished\":\"2025-06-06T19:25:24+00:00\",\"dateModified\":\"2025-10-12T15:37:54+00:00\",\"breadcrumb\":{\"@id\":\"https:\\\/\\\/ati.novanta.com\\\/de\\\/products\\\/collision-sensors\\\/#breadcrumb\"},\"inLanguage\":\"de\",\"potentialAction\":[{\"@type\":\"ReadAction\",\"target\":[\"https:\\\/\\\/ati.novanta.com\\\/de\\\/products\\\/collision-sensors\\\/\"]}]},{\"@type\":\"BreadcrumbList\",\"@id\":\"https:\\\/\\\/ati.novanta.com\\\/de\\\/products\\\/collision-sensors\\\/#breadcrumb\",\"itemListElement\":[{\"@type\":\"ListItem\",\"position\":1,\"name\":\"Home\",\"item\":\"https:\\\/\\\/ati.novanta.com\\\/de\\\/home\\\/\"},{\"@type\":\"ListItem\",\"position\":2,\"name\":\"Produkte\",\"item\":\"https:\\\/\\\/ati.novanta.com\\\/products\\\/\"},{\"@type\":\"ListItem\",\"position\":3,\"name\":\"Kollisionssensoren\"}]},{\"@type\":\"WebSite\",\"@id\":\"https:\\\/\\\/ati.novanta.com\\\/#website\",\"url\":\"https:\\\/\\\/ati.novanta.com\\\/\",\"name\":\"ATI Industrial Automation\",\"description\":\"\",\"publisher\":{\"@id\":\"https:\\\/\\\/ati.novanta.com\\\/#organization\"},\"potentialAction\":[{\"@type\":\"SearchAction\",\"target\":{\"@type\":\"EntryPoint\",\"urlTemplate\":\"https:\\\/\\\/ati.novanta.com\\\/?s={search_term_string}\"},\"query-input\":{\"@type\":\"PropertyValueSpecification\",\"valueRequired\":true,\"valueName\":\"search_term_string\"}}],\"inLanguage\":\"de\"},{\"@type\":\"Organization\",\"@id\":\"https:\\\/\\\/ati.novanta.com\\\/#organization\",\"name\":\"ATI Industrial Automation\",\"url\":\"https:\\\/\\\/ati.novanta.com\\\/\",\"logo\":{\"@type\":\"ImageObject\",\"inLanguage\":\"de\",\"@id\":\"https:\\\/\\\/ati.novanta.com\\\/#\\\/schema\\\/logo\\\/image\\\/\",\"url\":\"\",\"contentUrl\":\"\",\"caption\":\"ATI Industrial Automation\"},\"image\":{\"@id\":\"https:\\\/\\\/ati.novanta.com\\\/#\\\/schema\\\/logo\\\/image\\\/\"}}]}<\/script>\n<!-- \/ Yoast SEO Premium plugin. -->","yoast_head_json":{"title":"Kollisionssensoren - ATI Industrial Automation","robots":{"index":"index","follow":"follow","max-snippet":"max-snippet:-1","max-image-preview":"max-image-preview:large","max-video-preview":"max-video-preview:-1"},"canonical":"https:\/\/ati.novanta.com\/de\/products\/collision-sensors\/","og_locale":"de_DE","og_type":"article","og_title":"Kollisionssensoren","og_url":"https:\/\/ati.novanta.com\/de\/products\/collision-sensors\/","og_site_name":"ATI Industrial Automation","article_modified_time":"2025-10-12T15:37:54+00:00","og_image":[{"width":1024,"height":675,"url":"https:\/\/ati.novanta.com\/wp-content\/uploads\/sites\/2\/2026\/01\/ati-logo_1024x1024.png?resize=1024,675","type":"image\/png"}],"twitter_card":"summary_large_image","twitter_misc":{"Est. reading time":"1\u00a0Minute"},"schema":{"@context":"https:\/\/schema.org","@graph":[{"@type":"WebPage","@id":"https:\/\/ati.novanta.com\/de\/products\/collision-sensors\/","url":"https:\/\/ati.novanta.com\/de\/products\/collision-sensors\/","name":"Kollisionssensoren - ATI Industrial Automation","isPartOf":{"@id":"https:\/\/ati.novanta.com\/#website"},"datePublished":"2025-06-06T19:25:24+00:00","dateModified":"2025-10-12T15:37:54+00:00","breadcrumb":{"@id":"https:\/\/ati.novanta.com\/de\/products\/collision-sensors\/#breadcrumb"},"inLanguage":"de","potentialAction":[{"@type":"ReadAction","target":["https:\/\/ati.novanta.com\/de\/products\/collision-sensors\/"]}]},{"@type":"BreadcrumbList","@id":"https:\/\/ati.novanta.com\/de\/products\/collision-sensors\/#breadcrumb","itemListElement":[{"@type":"ListItem","position":1,"name":"Home","item":"https:\/\/ati.novanta.com\/de\/home\/"},{"@type":"ListItem","position":2,"name":"Produkte","item":"https:\/\/ati.novanta.com\/products\/"},{"@type":"ListItem","position":3,"name":"Kollisionssensoren"}]},{"@type":"WebSite","@id":"https:\/\/ati.novanta.com\/#website","url":"https:\/\/ati.novanta.com\/","name":"ATI Industrial Automation","description":"","publisher":{"@id":"https:\/\/ati.novanta.com\/#organization"},"potentialAction":[{"@type":"SearchAction","target":{"@type":"EntryPoint","urlTemplate":"https:\/\/ati.novanta.com\/?s={search_term_string}"},"query-input":{"@type":"PropertyValueSpecification","valueRequired":true,"valueName":"search_term_string"}}],"inLanguage":"de"},{"@type":"Organization","@id":"https:\/\/ati.novanta.com\/#organization","name":"ATI Industrial Automation","url":"https:\/\/ati.novanta.com\/","logo":{"@type":"ImageObject","inLanguage":"de","@id":"https:\/\/ati.novanta.com\/#\/schema\/logo\/image\/","url":"","contentUrl":"","caption":"ATI Industrial Automation"},"image":{"@id":"https:\/\/ati.novanta.com\/#\/schema\/logo\/image\/"}}]}},"parsely":{"version":"1.1.0","canonical_url":"https:\/\/novanta.com\/de\/products\/collision-sensors\/","smart_links":{"inbound":0,"outbound":0},"traffic_boost_suggestions_count":0,"meta":{"@context":"https:\/\/schema.org","@type":"WebPage","headline":"Kollisionssensoren","url":"http:\/\/ati.novanta.com\/de\/products\/collision-sensors\/","mainEntityOfPage":{"@type":"WebPage","@id":"http:\/\/ati.novanta.com\/de\/products\/collision-sensors\/"},"thumbnailUrl":"","image":{"@type":"ImageObject","url":""},"articleSection":"Nicht kategorisiert","author":[{"@type":"Person","name":"evan"}],"creator":["evan"],"publisher":{"@type":"Organization","name":"ATI Industrial Automation","logo":""},"keywords":[],"dateCreated":"2025-06-06T19:25:24Z","datePublished":"2025-06-06T19:25:24Z","dateModified":"2025-10-12T15:37:54Z"},"rendered":"<script type=\"application\/ld+json\" class=\"wp-parsely-metadata\">{\"@context\":\"https:\\\/\\\/schema.org\",\"@type\":\"WebPage\",\"headline\":\"Kollisionssensoren\",\"url\":\"http:\\\/\\\/ati.novanta.com\\\/de\\\/products\\\/collision-sensors\\\/\",\"mainEntityOfPage\":{\"@type\":\"WebPage\",\"@id\":\"http:\\\/\\\/ati.novanta.com\\\/de\\\/products\\\/collision-sensors\\\/\"},\"thumbnailUrl\":\"\",\"image\":{\"@type\":\"ImageObject\",\"url\":\"\"},\"articleSection\":\"Nicht kategorisiert\",\"author\":[{\"@type\":\"Person\",\"name\":\"evan\"}],\"creator\":[\"evan\"],\"publisher\":{\"@type\":\"Organization\",\"name\":\"ATI Industrial Automation\",\"logo\":\"\"},\"keywords\":[],\"dateCreated\":\"2025-06-06T19:25:24Z\",\"datePublished\":\"2025-06-06T19:25:24Z\",\"dateModified\":\"2025-10-12T15:37:54Z\"}<\/script>","tracker_url":"https:\/\/cdn.parsely.com\/keys\/novanta.com\/p.js"},"_links":{"self":[{"href":"https:\/\/ati.novanta.com\/de\/wp-json\/wp\/v2\/pages\/30114","targetHints":{"allow":["GET"]}}],"collection":[{"href":"https:\/\/ati.novanta.com\/de\/wp-json\/wp\/v2\/pages"}],"about":[{"href":"https:\/\/ati.novanta.com\/de\/wp-json\/wp\/v2\/types\/page"}],"author":[{"embeddable":true,"href":"https:\/\/ati.novanta.com\/de\/wp-json\/wp\/v2\/users\/36"}],"replies":[{"embeddable":true,"href":"https:\/\/ati.novanta.com\/de\/wp-json\/wp\/v2\/comments?post=30114"}],"version-history":[{"count":1,"href":"https:\/\/ati.novanta.com\/de\/wp-json\/wp\/v2\/pages\/30114\/revisions"}],"predecessor-version":[{"id":45060,"href":"https:\/\/ati.novanta.com\/de\/wp-json\/wp\/v2\/pages\/30114\/revisions\/45060"}],"up":[{"embeddable":true,"href":"https:\/\/ati.novanta.com\/de\/wp-json\/wp\/v2\/pages\/30045"}],"wp:attachment":[{"href":"https:\/\/ati.novanta.com\/de\/wp-json\/wp\/v2\/media?parent=30114"}],"curies":[{"name":"wp","href":"https:\/\/api.w.org\/{rel}","templated":true}]}}