{"id":30115,"date":"2025-06-06T19:26:58","date_gmt":"2025-06-06T19:26:58","guid":{"rendered":"https:\/\/ati.novanta.com\/products\/compliance-devices\/"},"modified":"2025-07-22T10:53:10","modified_gmt":"2025-07-22T10:53:10","slug":"compliance-devices","status":"publish","type":"page","link":"https:\/\/ati.novanta.com\/de\/products\/compliance-devices\/","title":{"rendered":"Compliance-Ger\u00e4te"},"content":{"rendered":"\n\n<div class=\"hero alignfull hero--wide hero--medium has-overlay has-overlay-dark\">\n\t\t\t\t\t<figure class=\"hero__image-wrap\">\n\t\t\t\t<img decoding=\"async\" width=\"2560\" height=\"1227\" src=\"https:\/\/ati.novanta.com\/wp-content\/uploads\/sites\/2\/2025\/06\/compliance-device-featured-image.webp?quality=85&amp;strip=all&amp;w=2560\" class=\"attachment-design-max size-design-max\" alt=\"\" fetchpriority=\"high\" srcset=\"https:\/\/ati.novanta.com\/wp-content\/uploads\/sites\/2\/2025\/06\/compliance-device-featured-image.webp?resize=320%2C153&amp;quality=85&amp;strip=all 320w, https:\/\/ati.novanta.com\/wp-content\/uploads\/sites\/2\/2025\/06\/compliance-device-featured-image.webp?resize=400%2C192&amp;quality=85&amp;strip=all 400w, https:\/\/ati.novanta.com\/wp-content\/uploads\/sites\/2\/2025\/06\/compliance-device-featured-image.webp?resize=840%2C403&amp;quality=85&amp;strip=all 840w, https:\/\/ati.novanta.com\/wp-content\/uploads\/sites\/2\/2025\/06\/compliance-device-featured-image.webp?resize=1200%2C575&amp;quality=85&amp;strip=all 1200w, https:\/\/ati.novanta.com\/wp-content\/uploads\/sites\/2\/2025\/06\/compliance-device-featured-image.webp?resize=1680%2C805&amp;quality=85&amp;strip=all 1680w, https:\/\/ati.novanta.com\/wp-content\/uploads\/sites\/2\/2025\/06\/compliance-device-featured-image.webp?resize=1920%2C920&amp;quality=85&amp;strip=all 1920w\" sizes=\"(max-width: 2560px) 100vw, 2560px\" \/>\t\t\t<\/figure>\n\t\t\t\n\t\n\t\n<div class=\"hero__content hero__content--vertical-align-bottom\" style=\"--one-novanta-hero-pre-heading-acent-line-color: var(--wp--preset--color--primary)\">\n\t<div class=\"hero__content-wrap has-medium-font-size has-heading-font-family\">\n\t\t\t\t\t<p class=\"hero__pre-heading shiny-text\">\n\t\t\t\tProdukte\t\t\t<\/p>\n\t\t\n\t\t<h1 class=\"hero__heading line-expanding has-display-font-size\">\n\t\t\tCompliance-Ger\u00e4te\t\t<\/h1>\n\n\t\t<p><\/p>\t<\/div>\n<\/div>\n<\/div>\n\n\n\n<div class=\"alignfull large-text-block is-layout-constrained wp-block-one-novanta-section-is-layout-constrained\" style=\"padding-top:var(--wp--preset--spacing--80);padding-bottom:var(--wp--preset--spacing--80)\">\n<div class=\"wp-block-one-novanta-section-content alignwide\">\n<p class=\"large-text-block__text has-heading-font-family has-xx-large-font-size\" style=\"font-style:normal;font-weight:600\">Erm\u00f6glicht pr\u00e4zises, wiederholbares Einsetzen von Teilen bei Fehlausrichtung oder Positionsunsicherheit.<\/p>\n<\/div>\n\n\n\n<div class=\"alignfull is-layout-constrained wp-block-one-novanta-section-is-layout-constrained\" style=\"padding-top:var(--wp--preset--spacing--40);padding-bottom:var(--wp--preset--spacing--40)\">\n<div class=\"wp-block-one-novanta-section-content alignwide\">\n<hr class=\"wp-block-separator has-alpha-channel-opacity\" style=\"margin-top:0;margin-bottom:0;padding-top:0;padding-bottom:0\"\/>\n<\/div>\n<\/div>\n\n\n\n<div class=\"alignfull is-layout-constrained wp-block-one-novanta-section-is-layout-constrained\" style=\"padding-top:var(--wp--preset--spacing--40);padding-bottom:var(--wp--preset--spacing--40)\">\n<div class=\"wp-block-one-novanta-section-content alignwide\">\n<div class=\"featured-content featured-content--media-align-right\" >\n\t\n<div class=\"featured-content__media\">\n\t<img loading=\"lazy\" decoding=\"async\" width=\"840\" height=\"460\" src=\"https:\/\/ati.novanta.com\/wp-content\/uploads\/sites\/2\/2025\/06\/compliance-device-video-thumbnail.webp?quality=85&amp;strip=all&amp;w=840\" class=\"attachment-design-md size-design-md\" alt=\"\" srcset=\"https:\/\/ati.novanta.com\/wp-content\/uploads\/sites\/2\/2025\/06\/compliance-device-video-thumbnail.webp?quality=85&amp;strip=all 1680w, https:\/\/ati.novanta.com\/wp-content\/uploads\/sites\/2\/2025\/06\/compliance-device-video-thumbnail.webp?resize=320%2C175&amp;quality=85&amp;strip=all 320w, https:\/\/ati.novanta.com\/wp-content\/uploads\/sites\/2\/2025\/06\/compliance-device-video-thumbnail.webp?resize=400%2C219&amp;quality=85&amp;strip=all 400w, https:\/\/ati.novanta.com\/wp-content\/uploads\/sites\/2\/2025\/06\/compliance-device-video-thumbnail.webp?resize=840%2C460&amp;quality=85&amp;strip=all 840w, https:\/\/ati.novanta.com\/wp-content\/uploads\/sites\/2\/2025\/06\/compliance-device-video-thumbnail.webp?resize=1200%2C657&amp;quality=85&amp;strip=all 1200w\" sizes=\"auto, (max-width: 840px) 100vw, 840px\" \/><\/div>\n\n<div class=\"featured-content__content\">\n\t\n\n<h2 class=\"wp-block-heading has-x-large-font-size\" id=\"h-why-ati-compliance-devices\">Warum ATI-Einstellger\u00e4te?<\/h2>\n\n\n\n<p class=\"has-normal-font-size\">ATI Compliance Devices helfen Robotersystemen bei der Anpassung an Schwankungen in der Montage, beim Einsetzen und bei der Zusammenf\u00fchrung von Teilen.<br><br>Indem sie begrenzte passive Bewegungen zulassen, minimieren sie das Verklemmen von Teilen, verringern die Belastung der Werkzeuge und verbessern die Erfolgsquote des Prozesses, ohne dass komplexe Sensorik oder Software erforderlich ist.<\/p>\n\n\n\n<div class=\"wp-block-buttons is-layout-flex wp-container-core-buttons-is-layout-6a34cae4 wp-block-buttons-is-layout-flex\">\n<div class=\"wp-block-button is-style-fill has-arrow\"><a class=\"wp-block-button__link wp-element-button\" href=\"https:\/\/ati.novanta.com\/de\/product-category\/compliance-device\/\">Produkte durchsuchen<\/a><\/div>\n\n\n\n<div class=\"wp-block-button is-style-outline has-arrow is-style-outline--1\"><a class=\"wp-block-button__link wp-element-button\" href=\"https:\/\/ati.novanta.com\/wp-content\/uploads\/sites\/2\/2025\/06\/ATI-Compliance-Device-Application-Sheet.xls\">Arbeitsblatt herunterladen<\/a><\/div>\n<\/div>\n\n<\/div>\n<\/div>\n<\/div>\n<\/div>\n<\/div>\n\n\n\n<div class=\"alignfull has-quaternary-background-color has-background is-layout-constrained wp-block-one-novanta-section-is-layout-constrained\" style=\"padding-top:var(--wp--preset--spacing--40);padding-bottom:var(--wp--preset--spacing--40)\">\n<div class=\"alignfull is-layout-constrained wp-block-one-novanta-section-is-layout-constrained\" style=\"padding-top:var(--wp--preset--spacing--80);padding-bottom:var(--wp--preset--spacing--80)\">\n<div class=\"alignfull large-text-block is-layout-constrained wp-block-one-novanta-section-is-layout-constrained\" style=\"padding-top:0;padding-bottom:0\">\n<div class=\"wp-block-one-novanta-section-content alignwide\"><\/div>\n<\/div>\n\n\n\n<div class=\"wp-block-one-novanta-section-content alignwide\">\n<div class=\"one-novanta-tiles wp-block-one-novanta-tiles grid alignwide grid--cols-3\" >\n\t\n\n<div class=\"tile image-zoom-in has-secondary-background-color tile--has-description\">\n\t<figure class=\"tile__figure\">\n\t\t<img loading=\"lazy\" decoding=\"async\" style=\"object-position: 50% 50%\" width=\"400\" height=\"400\" src=\"https:\/\/ati.novanta.com\/wp-content\/uploads\/sites\/2\/2025\/06\/universal-compliance-compensator-image.png?quality=85&amp;strip=all&amp;w=400\" class=\"one-novanta-default-image tile__image\" alt=\"\" srcset=\"https:\/\/ati.novanta.com\/wp-content\/uploads\/sites\/2\/2025\/06\/universal-compliance-compensator-image.png?quality=85&amp;strip=all 1080w, https:\/\/ati.novanta.com\/wp-content\/uploads\/sites\/2\/2025\/06\/universal-compliance-compensator-image.png?resize=320%2C320&amp;quality=85&amp;strip=all 320w, https:\/\/ati.novanta.com\/wp-content\/uploads\/sites\/2\/2025\/06\/universal-compliance-compensator-image.png?resize=400%2C400&amp;quality=85&amp;strip=all 400w, https:\/\/ati.novanta.com\/wp-content\/uploads\/sites\/2\/2025\/06\/universal-compliance-compensator-image.png?resize=840%2C840&amp;quality=85&amp;strip=all 840w\" sizes=\"auto, (max-width: 400px) 100vw, 400px\" \/>\t<\/figure>\n\t<div class=\"tile__content-wrapper\">\n\t\t<div class=\"tile__content\">\n\t\t\t\n\t\t\t\t\t\t\t<h3 class=\"tile__heading has-large-font-size\">\n\t\t\t\t\t\t\t\t\t\t\t<a href=\"https:\/\/ati.novanta.com\/de\/product\/universal-compliance-compensators-u1-050\/\" class=\"stretched-link tile__link\">\n\t\t\t\t\t\n\t\t\t\t\t\tUniversal Compliance Compensator\n\t\t\t\t\t\t\t\t\t\t\t<\/a>\n\t\t\t\t\t\t\t\t\t<\/h3>\n\t\t\t\n\t\t\t\t\t\t\t<p class=\"tile__description has-heading-font-family has-medium-font-size\">\n\t\t\t\t\tWerkzeuge mit Elektromotoren sind ideal f\u00fcr Anwendungen, die gleichm\u00e4\u00dfige und hochwertige Oberfl\u00e4chen erfordern.\t\t\t\t<\/p>\n\t\t\t\t\t<\/div>\n\n\t\t<svg xmlns=\"http:\/\/www.w3.org\/2000\/svg\" width=\"16\" height=\"30\" fill=\"none\" viewBox=\"0 0 16 30\"><path stroke=\"currentColor\" d=\"M.86.857 15.001 15 .858 29.142\" \/><\/svg>\t<\/div>\n<\/div>\n\n\n\n<div class=\"tile image-zoom-in has-secondary-background-color tile--has-description\">\n\t<figure class=\"tile__figure\">\n\t\t<img loading=\"lazy\" decoding=\"async\" style=\"object-position: 50% 50%\" width=\"400\" height=\"400\" src=\"https:\/\/ati.novanta.com\/wp-content\/uploads\/sites\/2\/2025\/06\/lateral-compliance-compensators.png?quality=85&amp;strip=all&amp;w=400\" class=\"one-novanta-default-image tile__image\" alt=\"\" srcset=\"https:\/\/ati.novanta.com\/wp-content\/uploads\/sites\/2\/2025\/06\/lateral-compliance-compensators.png?quality=85&amp;strip=all 1080w, https:\/\/ati.novanta.com\/wp-content\/uploads\/sites\/2\/2025\/06\/lateral-compliance-compensators.png?resize=320%2C320&amp;quality=85&amp;strip=all 320w, https:\/\/ati.novanta.com\/wp-content\/uploads\/sites\/2\/2025\/06\/lateral-compliance-compensators.png?resize=400%2C400&amp;quality=85&amp;strip=all 400w, https:\/\/ati.novanta.com\/wp-content\/uploads\/sites\/2\/2025\/06\/lateral-compliance-compensators.png?resize=840%2C840&amp;quality=85&amp;strip=all 840w\" sizes=\"auto, (max-width: 400px) 100vw, 400px\" \/>\t<\/figure>\n\t<div class=\"tile__content-wrapper\">\n\t\t<div class=\"tile__content\">\n\t\t\t\n\t\t\t\t\t\t\t<h3 class=\"tile__heading has-large-font-size\">\n\t\t\t\t\t\t\t\t\t\t\t<a href=\"https:\/\/ati.novanta.com\/de\/product\/lateral-compliance-compensators\/\" class=\"stretched-link tile__link\">\n\t\t\t\t\t\n\t\t\t\t\t\tSeitliche Nachgiebigkeitskompensatoren\n\t\t\t\t\t\t\t\t\t\t\t<\/a>\n\t\t\t\t\t\t\t\t\t<\/h3>\n\t\t\t\n\t\t\t\t\t\t\t<p class=\"tile__description has-heading-font-family has-medium-font-size\">\n\t\t\t\t\tWerkzeuge mit Druckluftmotoren, die sich gut zum Anfasen, Endbearbeiten und Entgraten einer Vielzahl von Materialien eignen.\t\t\t\t<\/p>\n\t\t\t\t\t<\/div>\n\n\t\t<svg xmlns=\"http:\/\/www.w3.org\/2000\/svg\" width=\"16\" height=\"30\" fill=\"none\" viewBox=\"0 0 16 30\"><path stroke=\"currentColor\" d=\"M.86.857 15.001 15 .858 29.142\" \/><\/svg>\t<\/div>\n<\/div>\n\n\n\n<div class=\"tile image-zoom-in has-secondary-background-color tile--has-description\">\n\t<figure class=\"tile__figure\">\n\t\t<img loading=\"lazy\" decoding=\"async\" style=\"object-position: 50% 50%\" width=\"400\" height=\"400\" src=\"https:\/\/ati.novanta.com\/wp-content\/uploads\/sites\/2\/2025\/06\/remote-compliance-compensators-image.png?quality=85&amp;strip=all&amp;w=400\" class=\"one-novanta-default-image tile__image\" alt=\"\" srcset=\"https:\/\/ati.novanta.com\/wp-content\/uploads\/sites\/2\/2025\/06\/remote-compliance-compensators-image.png?quality=85&amp;strip=all 1080w, https:\/\/ati.novanta.com\/wp-content\/uploads\/sites\/2\/2025\/06\/remote-compliance-compensators-image.png?resize=320%2C320&amp;quality=85&amp;strip=all 320w, https:\/\/ati.novanta.com\/wp-content\/uploads\/sites\/2\/2025\/06\/remote-compliance-compensators-image.png?resize=400%2C400&amp;quality=85&amp;strip=all 400w, https:\/\/ati.novanta.com\/wp-content\/uploads\/sites\/2\/2025\/06\/remote-compliance-compensators-image.png?resize=840%2C840&amp;quality=85&amp;strip=all 840w\" sizes=\"auto, (max-width: 400px) 100vw, 400px\" \/>\t<\/figure>\n\t<div class=\"tile__content-wrapper\">\n\t\t<div class=\"tile__content\">\n\t\t\t\n\t\t\t\t\t\t\t<h3 class=\"tile__heading has-large-font-size\">\n\t\t\t\t\t\t\t\t\t\t\t<a href=\"https:\/\/ati.novanta.com\/de\/product\/remote-center-compensators\/\" class=\"stretched-link tile__link\">\n\t\t\t\t\t\n\t\t\t\t\t\tKompensatoren f\u00fcr die Ferneinhaltung\n\t\t\t\t\t\t\t\t\t\t\t<\/a>\n\t\t\t\t\t\t\t\t\t<\/h3>\n\t\t\t\n\t\t\t\t\t\t\t<p class=\"tile__description has-heading-font-family has-medium-font-size\">\n\t\t\t\t\tVielseitige Werkzeuge, die mit handels\u00fcblichen Handentgratungsklingen und leicht austauschbaren Medien verwendet werden k\u00f6nnen.\t\t\t\t<\/p>\n\t\t\t\t\t<\/div>\n\n\t\t<svg xmlns=\"http:\/\/www.w3.org\/2000\/svg\" width=\"16\" height=\"30\" fill=\"none\" viewBox=\"0 0 16 30\"><path stroke=\"currentColor\" d=\"M.86.857 15.001 15 .858 29.142\" \/><\/svg>\t<\/div>\n<\/div>\n\n<\/div>\n<\/div>\n<\/div>\n<\/div>\n\n\n\n<div class=\"alignfull has-background-background-color has-background is-layout-constrained wp-block-one-novanta-section-is-layout-constrained\" style=\"padding-top:var(--wp--preset--spacing--80);padding-bottom:var(--wp--preset--spacing--80)\">\n<div class=\"wp-block-one-novanta-section-content alignwide\">\n<div class=\"wp-block-one-novanta-media-text-cover media-text-cover alignwide media-text-cover--content-align-right\" >\n\n\t<figure class=\"media-text-cover__image-wrap\">\n\t\t<img loading=\"lazy\" decoding=\"async\" width=\"1680\" height=\"710\" src=\"https:\/\/ati.novanta.com\/wp-content\/uploads\/sites\/2\/2025\/05\/63e6eba529e1ef173f41fbfdb8d59f2b52b56010_52637d.png?quality=85&amp;strip=all&amp;w=1680\" class=\"attachment-design-xl size-design-xl\" alt=\"\" srcset=\"https:\/\/ati.novanta.com\/wp-content\/uploads\/sites\/2\/2025\/05\/63e6eba529e1ef173f41fbfdb8d59f2b52b56010_52637d.png?quality=85&amp;strip=all 1680w, https:\/\/ati.novanta.com\/wp-content\/uploads\/sites\/2\/2025\/05\/63e6eba529e1ef173f41fbfdb8d59f2b52b56010_52637d.png?resize=320%2C135&amp;quality=85&amp;strip=all 320w, https:\/\/ati.novanta.com\/wp-content\/uploads\/sites\/2\/2025\/05\/63e6eba529e1ef173f41fbfdb8d59f2b52b56010_52637d.png?resize=400%2C169&amp;quality=85&amp;strip=all 400w, https:\/\/ati.novanta.com\/wp-content\/uploads\/sites\/2\/2025\/05\/63e6eba529e1ef173f41fbfdb8d59f2b52b56010_52637d.png?resize=840%2C355&amp;quality=85&amp;strip=all 840w, https:\/\/ati.novanta.com\/wp-content\/uploads\/sites\/2\/2025\/05\/63e6eba529e1ef173f41fbfdb8d59f2b52b56010_52637d.png?resize=1200%2C507&amp;quality=85&amp;strip=all 1200w\" sizes=\"auto, (max-width: 1680px) 100vw, 1680px\" \/>\t<\/figure>\n\n\t\t\t<div class=\"media-text-cover__content has-medium-font-size has-heading-font-family\">\n\t\t\t\n\t\t\t<h2 class=\"media-text-cover__heading has-xxx-large-font-size\">\n\t\t\t\tSprechen Sie mit einem Experten\t\t\t<\/h2>\n\n\t\t\t<p>Sind Sie bereit, Ihre Herausforderungen zu meistern und das volle Potenzial Ihrer Roboteranwendungen zu erschlie\u00dfen? Kontaktieren Sie unser Expertenteam noch heute.<\/p>\n\n<div class=\"wp-block-buttons is-layout-flex wp-block-buttons-is-layout-flex\">\n<div class=\"wp-block-button is-style-fill has-arrow\"><a class=\"wp-block-button__link wp-element-button\" href=\"https:\/\/ati.novanta.com\/de\/talk-to-an-expert\/\">Kontaktieren Sie uns<\/a><\/div>\n<\/div>\n\n\t\t<\/div>\n\t<\/div>\n<\/div>\n<\/div>\n","protected":false},"excerpt":{"rendered":"","protected":false},"author":36,"featured_media":0,"parent":30045,"menu_order":0,"comment_status":"closed","ping_status":"closed","template":"","meta":{"_acf_changed":false,"footnotes":""},"class_list":["post-30115","page","type-page","status-publish","hentry"],"acf":[],"yoast_head":"<!-- This site is optimized with the Yoast SEO Premium plugin v27.0 (Yoast SEO v27.3) - https:\/\/yoast.com\/product\/yoast-seo-premium-wordpress\/ -->\n<title>Compliance-Ger\u00e4te - ATI Industrial Automation<\/title>\n<meta name=\"robots\" content=\"index, follow, max-snippet:-1, max-image-preview:large, max-video-preview:-1\" \/>\n<link rel=\"canonical\" href=\"https:\/\/ati.novanta.com\/de\/products\/compliance-devices\/\" \/>\n<meta property=\"og:locale\" content=\"de_DE\" \/>\n<meta property=\"og:type\" content=\"article\" \/>\n<meta property=\"og:title\" content=\"Compliance-Ger\u00e4te\" \/>\n<meta property=\"og:url\" content=\"https:\/\/ati.novanta.com\/de\/products\/compliance-devices\/\" \/>\n<meta property=\"og:site_name\" content=\"ATI Industrial Automation\" \/>\n<meta property=\"article:modified_time\" content=\"2025-07-22T10:53:10+00:00\" \/>\n<meta property=\"og:image\" content=\"https:\/\/ati.novanta.com\/wp-content\/uploads\/sites\/2\/2026\/01\/ati-logo_1024x1024.png?resize=1024,675\" \/>\n\t<meta property=\"og:image:width\" content=\"1024\" \/>\n\t<meta property=\"og:image:height\" content=\"675\" \/>\n\t<meta property=\"og:image:type\" content=\"image\/png\" \/>\n<meta name=\"twitter:card\" content=\"summary_large_image\" \/>\n<meta name=\"twitter:label1\" content=\"Est. reading time\" \/>\n\t<meta name=\"twitter:data1\" content=\"1\u00a0Minute\" \/>\n<script type=\"application\/ld+json\" class=\"yoast-schema-graph\">{\"@context\":\"https:\\\/\\\/schema.org\",\"@graph\":[{\"@type\":\"WebPage\",\"@id\":\"https:\\\/\\\/ati.novanta.com\\\/de\\\/products\\\/compliance-devices\\\/\",\"url\":\"https:\\\/\\\/ati.novanta.com\\\/de\\\/products\\\/compliance-devices\\\/\",\"name\":\"Compliance-Ger\u00e4te - ATI Industrial Automation\",\"isPartOf\":{\"@id\":\"https:\\\/\\\/ati.novanta.com\\\/#website\"},\"datePublished\":\"2025-06-06T19:26:58+00:00\",\"dateModified\":\"2025-07-22T10:53:10+00:00\",\"breadcrumb\":{\"@id\":\"https:\\\/\\\/ati.novanta.com\\\/de\\\/products\\\/compliance-devices\\\/#breadcrumb\"},\"inLanguage\":\"de\",\"potentialAction\":[{\"@type\":\"ReadAction\",\"target\":[\"https:\\\/\\\/ati.novanta.com\\\/de\\\/products\\\/compliance-devices\\\/\"]}]},{\"@type\":\"BreadcrumbList\",\"@id\":\"https:\\\/\\\/ati.novanta.com\\\/de\\\/products\\\/compliance-devices\\\/#breadcrumb\",\"itemListElement\":[{\"@type\":\"ListItem\",\"position\":1,\"name\":\"Home\",\"item\":\"https:\\\/\\\/ati.novanta.com\\\/de\\\/home\\\/\"},{\"@type\":\"ListItem\",\"position\":2,\"name\":\"Produkte\",\"item\":\"https:\\\/\\\/ati.novanta.com\\\/products\\\/\"},{\"@type\":\"ListItem\",\"position\":3,\"name\":\"Compliance-Ger\u00e4te\"}]},{\"@type\":\"WebSite\",\"@id\":\"https:\\\/\\\/ati.novanta.com\\\/#website\",\"url\":\"https:\\\/\\\/ati.novanta.com\\\/\",\"name\":\"ATI Industrial Automation\",\"description\":\"\",\"publisher\":{\"@id\":\"https:\\\/\\\/ati.novanta.com\\\/#organization\"},\"potentialAction\":[{\"@type\":\"SearchAction\",\"target\":{\"@type\":\"EntryPoint\",\"urlTemplate\":\"https:\\\/\\\/ati.novanta.com\\\/?s={search_term_string}\"},\"query-input\":{\"@type\":\"PropertyValueSpecification\",\"valueRequired\":true,\"valueName\":\"search_term_string\"}}],\"inLanguage\":\"de\"},{\"@type\":\"Organization\",\"@id\":\"https:\\\/\\\/ati.novanta.com\\\/#organization\",\"name\":\"ATI Industrial Automation\",\"url\":\"https:\\\/\\\/ati.novanta.com\\\/\",\"logo\":{\"@type\":\"ImageObject\",\"inLanguage\":\"de\",\"@id\":\"https:\\\/\\\/ati.novanta.com\\\/#\\\/schema\\\/logo\\\/image\\\/\",\"url\":\"\",\"contentUrl\":\"\",\"caption\":\"ATI Industrial Automation\"},\"image\":{\"@id\":\"https:\\\/\\\/ati.novanta.com\\\/#\\\/schema\\\/logo\\\/image\\\/\"}}]}<\/script>\n<!-- \/ Yoast SEO Premium plugin. -->","yoast_head_json":{"title":"Compliance-Ger\u00e4te - ATI Industrial Automation","robots":{"index":"index","follow":"follow","max-snippet":"max-snippet:-1","max-image-preview":"max-image-preview:large","max-video-preview":"max-video-preview:-1"},"canonical":"https:\/\/ati.novanta.com\/de\/products\/compliance-devices\/","og_locale":"de_DE","og_type":"article","og_title":"Compliance-Ger\u00e4te","og_url":"https:\/\/ati.novanta.com\/de\/products\/compliance-devices\/","og_site_name":"ATI Industrial Automation","article_modified_time":"2025-07-22T10:53:10+00:00","og_image":[{"width":1024,"height":675,"url":"https:\/\/ati.novanta.com\/wp-content\/uploads\/sites\/2\/2026\/01\/ati-logo_1024x1024.png?resize=1024,675","type":"image\/png"}],"twitter_card":"summary_large_image","twitter_misc":{"Est. reading time":"1\u00a0Minute"},"schema":{"@context":"https:\/\/schema.org","@graph":[{"@type":"WebPage","@id":"https:\/\/ati.novanta.com\/de\/products\/compliance-devices\/","url":"https:\/\/ati.novanta.com\/de\/products\/compliance-devices\/","name":"Compliance-Ger\u00e4te - ATI Industrial Automation","isPartOf":{"@id":"https:\/\/ati.novanta.com\/#website"},"datePublished":"2025-06-06T19:26:58+00:00","dateModified":"2025-07-22T10:53:10+00:00","breadcrumb":{"@id":"https:\/\/ati.novanta.com\/de\/products\/compliance-devices\/#breadcrumb"},"inLanguage":"de","potentialAction":[{"@type":"ReadAction","target":["https:\/\/ati.novanta.com\/de\/products\/compliance-devices\/"]}]},{"@type":"BreadcrumbList","@id":"https:\/\/ati.novanta.com\/de\/products\/compliance-devices\/#breadcrumb","itemListElement":[{"@type":"ListItem","position":1,"name":"Home","item":"https:\/\/ati.novanta.com\/de\/home\/"},{"@type":"ListItem","position":2,"name":"Produkte","item":"https:\/\/ati.novanta.com\/products\/"},{"@type":"ListItem","position":3,"name":"Compliance-Ger\u00e4te"}]},{"@type":"WebSite","@id":"https:\/\/ati.novanta.com\/#website","url":"https:\/\/ati.novanta.com\/","name":"ATI Industrial Automation","description":"","publisher":{"@id":"https:\/\/ati.novanta.com\/#organization"},"potentialAction":[{"@type":"SearchAction","target":{"@type":"EntryPoint","urlTemplate":"https:\/\/ati.novanta.com\/?s={search_term_string}"},"query-input":{"@type":"PropertyValueSpecification","valueRequired":true,"valueName":"search_term_string"}}],"inLanguage":"de"},{"@type":"Organization","@id":"https:\/\/ati.novanta.com\/#organization","name":"ATI Industrial Automation","url":"https:\/\/ati.novanta.com\/","logo":{"@type":"ImageObject","inLanguage":"de","@id":"https:\/\/ati.novanta.com\/#\/schema\/logo\/image\/","url":"","contentUrl":"","caption":"ATI Industrial Automation"},"image":{"@id":"https:\/\/ati.novanta.com\/#\/schema\/logo\/image\/"}}]}},"parsely":{"version":"1.1.0","canonical_url":"https:\/\/novanta.com\/de\/products\/compliance-devices\/","smart_links":{"inbound":0,"outbound":0},"traffic_boost_suggestions_count":0,"meta":{"@context":"https:\/\/schema.org","@type":"WebPage","headline":"Compliance-Ger\u00e4te","url":"http:\/\/ati.novanta.com\/de\/products\/compliance-devices\/","mainEntityOfPage":{"@type":"WebPage","@id":"http:\/\/ati.novanta.com\/de\/products\/compliance-devices\/"},"thumbnailUrl":"","image":{"@type":"ImageObject","url":""},"articleSection":"Nicht kategorisiert","author":[{"@type":"Person","name":"evan"}],"creator":["evan"],"publisher":{"@type":"Organization","name":"ATI Industrial Automation","logo":""},"keywords":[],"dateCreated":"2025-06-06T19:26:58Z","datePublished":"2025-06-06T19:26:58Z","dateModified":"2025-07-22T10:53:10Z"},"rendered":"<script type=\"application\/ld+json\" class=\"wp-parsely-metadata\">{\"@context\":\"https:\\\/\\\/schema.org\",\"@type\":\"WebPage\",\"headline\":\"Compliance-Ger\\u00e4te\",\"url\":\"http:\\\/\\\/ati.novanta.com\\\/de\\\/products\\\/compliance-devices\\\/\",\"mainEntityOfPage\":{\"@type\":\"WebPage\",\"@id\":\"http:\\\/\\\/ati.novanta.com\\\/de\\\/products\\\/compliance-devices\\\/\"},\"thumbnailUrl\":\"\",\"image\":{\"@type\":\"ImageObject\",\"url\":\"\"},\"articleSection\":\"Nicht kategorisiert\",\"author\":[{\"@type\":\"Person\",\"name\":\"evan\"}],\"creator\":[\"evan\"],\"publisher\":{\"@type\":\"Organization\",\"name\":\"ATI Industrial Automation\",\"logo\":\"\"},\"keywords\":[],\"dateCreated\":\"2025-06-06T19:26:58Z\",\"datePublished\":\"2025-06-06T19:26:58Z\",\"dateModified\":\"2025-07-22T10:53:10Z\"}<\/script>","tracker_url":"https:\/\/cdn.parsely.com\/keys\/novanta.com\/p.js"},"_links":{"self":[{"href":"https:\/\/ati.novanta.com\/de\/wp-json\/wp\/v2\/pages\/30115","targetHints":{"allow":["GET"]}}],"collection":[{"href":"https:\/\/ati.novanta.com\/de\/wp-json\/wp\/v2\/pages"}],"about":[{"href":"https:\/\/ati.novanta.com\/de\/wp-json\/wp\/v2\/types\/page"}],"author":[{"embeddable":true,"href":"https:\/\/ati.novanta.com\/de\/wp-json\/wp\/v2\/users\/36"}],"replies":[{"embeddable":true,"href":"https:\/\/ati.novanta.com\/de\/wp-json\/wp\/v2\/comments?post=30115"}],"version-history":[{"count":1,"href":"https:\/\/ati.novanta.com\/de\/wp-json\/wp\/v2\/pages\/30115\/revisions"}],"predecessor-version":[{"id":44278,"href":"https:\/\/ati.novanta.com\/de\/wp-json\/wp\/v2\/pages\/30115\/revisions\/44278"}],"up":[{"embeddable":true,"href":"https:\/\/ati.novanta.com\/de\/wp-json\/wp\/v2\/pages\/30045"}],"wp:attachment":[{"href":"https:\/\/ati.novanta.com\/de\/wp-json\/wp\/v2\/media?parent=30115"}],"curies":[{"name":"wp","href":"https:\/\/api.w.org\/{rel}","templated":true}]}}