{"id":32399,"date":"2025-05-06T10:49:04","date_gmt":"2025-05-06T10:49:04","guid":{"rendered":"https:\/\/ati.novanta.com\/product\/utility-couplers-uc-gl5\/"},"modified":"2025-05-06T10:49:04","modified_gmt":"2025-05-06T10:49:04","slug":"utility-couplers-uc-gl5","status":"publish","type":"product","link":"https:\/\/ati.novanta.com\/de\/product\/utility-couplers-uc-gl5\/","title":{"rendered":"Utility-Kupplungen: UC-GL5"},"content":{"rendered":"\n<div class=\"alignfull has-secondary-background-color has-background is-layout-constrained wp-block-one-novanta-section-is-layout-constrained\" style=\"padding-top:var(--wp--preset--spacing--20);padding-bottom:var(--wp--preset--spacing--80)\">\n<div class=\"wp-block-one-novanta-section-content alignwide\">\n<rt-tabs class=\"novanta-tabs-wrapper\" current-tab=\"tab-produktmerkmale-1\" >\n\n\t<rt-tabs-nav class=\"novanta-tabs-nav\">\n\t\t\t\t\t\t\t\t<rt-tabs-nav-item class=\"novanta-tabs-nav__item has-medium-font-size\"  active=\"yes\">\n\t\t\t\t<a class=\"has-foreground-color\" href=\"#tab-produktmerkmale-1\">Produktmerkmale<\/a>\n\t\t\t<\/rt-tabs-nav-item>\n\n\t\t\t\t\t\t\t\t\t\t\t<rt-tabs-nav-item class=\"novanta-tabs-nav__item has-medium-font-size\" >\n\t\t\t\t<a class=\"has-foreground-color\" href=\"#tab-spezifikationen-2\">Spezifikationen<\/a>\n\t\t\t<\/rt-tabs-nav-item>\n\n\t\t\t\t\t\t\t\t\t\t\t<rt-tabs-nav-item class=\"novanta-tabs-nav__item has-medium-font-size\" >\n\t\t\t\t<a class=\"has-foreground-color\" href=\"#tab-dokumente-downloads-3\">Dokumente &amp; Downloads<\/a>\n\t\t\t<\/rt-tabs-nav-item>\n\n\t\t\t\t\t\t\t\t\t\t\t<rt-tabs-nav-item class=\"novanta-tabs-nav__item has-medium-font-size\" >\n\t\t\t\t<a class=\"has-foreground-color\" href=\"#tab-3d-cad-modelle-4\">3D-CAD-Modelle<\/a>\n\t\t\t<\/rt-tabs-nav-item>\n\n\t\t\t\t\t\t<\/rt-tabs-nav>\n\n\t\t\t\t\t<rt-tabs-tab id=\"tab-produktmerkmale-1\"  open=\"yes\">\n\t\t\t\t\t\n<div class=\"alignfull is-layout-constrained wp-block-one-novanta-section-is-layout-constrained\" style=\"padding-top:0;padding-bottom:0\">\n<div class=\"wp-block-one-novanta-section-content alignwide\">\n<div class=\"two-columns--media-align-left wp-block-one-novanta-fifty-fifty-wrapper two-columns two-columns--vertical-align-top\">\n\t\n<div class=\"two-columns__column\">\n\t<h2 class=\"one-novanta-50-50-wrapper__heading has-xx-large-font-size\">Produktmerkmale<\/h2><\/div>\n\n<div class=\"two-columns__column\">\n\t\n<div class=\"wp-block-one-novanta-fifty-fifty-wrapper alignfull\">\n<ul class=\"wp-block-list\">\n<li>(4) Montagefl\u00e4chen zur Befestigung von Standard-ATI-Versorgungsmodulen zur Leistenmontage<\/li>\n\n\n\n<li>Eingebaute Konformit\u00e4t zur Gew\u00e4hrleistung einer zuverl\u00e4ssigen Verbindung.<\/li>\n\n\n\n<li>Sensoren zur Erkennung des Vorhandenseins der Werkzeugseite verf\u00fcgbar.<\/li>\n\n\n\n<li>Antriebszylinder und Linearantriebe verf\u00fcgbar.<\/li>\n\n\n\n<li>Ausrichtungsstifte aus geh\u00e4rtetem Edelstahl.<\/li>\n\n\n\n<li>Erm\u00f6glicht die direkte Montage des DL4-Moduls auf den Fl\u00e4chen B und D.<\/li>\n<\/ul>\n\n\n\n<ul class=\"wp-block-list\">\n<li><\/li>\n<\/ul>\n<\/div>\n<\/div>\n<\/div>\n<\/div>\n<\/div>\n\t\t\t\t<\/rt-tabs-tab>\n\n\t\t\t\t\t\t\t<rt-tabs-tab id=\"tab-spezifikationen-2\" >\n\t\t\t\t\t\n<div class=\"wp-one-novanta-table wp-one-novanta-table--has-background--secondary\">\n\n\t<div class=\"wp-one-novanta-table__header\">\n\t\t\n\t\t<\/div>\n\n\t<figure data-is-loading=\"false\">\n\n\t\t<table class=\"wp-one-novanta-table__wrapper\">\n\n\t\t\t<thead class=\"wp-one-novanta-table__head\">\n\t\t\t\t<tr class=\"wp-one-novanta-table__head-row\">\n\t\t\t\t\t\t\t\t\t\t\t<th class=\"wp-one-novanta-table__head-cell wp-one-novanta-table__head-cell__background-mid-gray\">Specification<\/th>\n\t\t\t\t\t\t\t\t\t\t\t<th class=\"wp-one-novanta-table__head-cell wp-one-novanta-table__head-cell__background-mid-gray\">Value<\/th>\n\t\t\t\t\t\t\t\t\t<\/tr>\n\t\t\t<\/thead>\n\n\t\t\t<tbody class=\"wp-one-novanta-table__body\">\n\t\t\t\n\n<tr class=\"wp-one-novanta-table__body-row\">\n\t\t\t\t<td class=\"wp-one-novanta-table__body-cell\">\n\t\t\t\tArt der Einhaltung\t\t\t<\/td>\n\t\t\t\t\t\t\t<td class=\"wp-one-novanta-table__body-cell\">\n\t\t\t\tIntegriert\t\t\t<\/td>\n\t\t\t\t<\/tr>\n\n\n\n<tr class=\"wp-one-novanta-table__body-row\">\n\t\t\t\t<td class=\"wp-one-novanta-table__body-cell\">\n\t\t\t\tArt der Verriegelung\t\t\t<\/td>\n\t\t\t\t\t\t\t<td class=\"wp-one-novanta-table__body-cell\">\n\t\t\t\tKeine\t\t\t<\/td>\n\t\t\t\t<\/tr>\n\n\n\n<tr class=\"wp-one-novanta-table__body-row\">\n\t\t\t\t<td class=\"wp-one-novanta-table__body-cell\">\n\t\t\t\tMindest-Kupplungskraft\t\t\t<\/td>\n\t\t\t\t\t\t\t<td class=\"wp-one-novanta-table__body-cell\">\n\t\t\t\t2200 N\t\t\t<\/td>\n\t\t\t\t<\/tr>\n\n\n\n<tr class=\"wp-one-novanta-table__body-row\">\n\t\t\t\t<td class=\"wp-one-novanta-table__body-cell\">\n\t\t\t\tMinimale Betriebstemperatur\t\t\t<\/td>\n\t\t\t\t\t\t\t<td class=\"wp-one-novanta-table__body-cell\">\n\t\t\t\t-28.9 \u00b0C\t\t\t<\/td>\n\t\t\t\t<\/tr>\n\n\n\n<tr class=\"wp-one-novanta-table__body-row\">\n\t\t\t\t<td class=\"wp-one-novanta-table__body-cell\">\n\t\t\t\tMaximale Betriebstemperatur\t\t\t<\/td>\n\t\t\t\t\t\t\t<td class=\"wp-one-novanta-table__body-cell\">\n\t\t\t\t65.6 \u00b0C\t\t\t<\/td>\n\t\t\t\t<\/tr>\n\n\n\n<tr class=\"wp-one-novanta-table__body-row\">\n\t\t\t\t<td class=\"wp-one-novanta-table__body-cell\">\n\t\t\t\tModul-Wohnungen\t\t\t<\/td>\n\t\t\t\t\t\t\t<td class=\"wp-one-novanta-table__body-cell\">\n\t\t\t\t4\t\t\t<\/td>\n\t\t\t\t<\/tr>\n\n\n\n<tr class=\"wp-one-novanta-table__body-row\">\n\t\t\t\t<td class=\"wp-one-novanta-table__body-cell\">\n\t\t\t\tModul-Typ\t\t\t<\/td>\n\t\t\t\t\t\t\t<td class=\"wp-one-novanta-table__body-cell\">\n\t\t\t\tSchwer\t\t\t<\/td>\n\t\t\t\t<\/tr>\n\n\n\n<tr class=\"wp-one-novanta-table__body-row\">\n\t\t\t\t<td class=\"wp-one-novanta-table__body-cell\">\n\t\t\t\tAnzahl der Ports\t\t\t<\/td>\n\t\t\t\t\t\t\t<td class=\"wp-one-novanta-table__body-cell\">\n\t\t\t\t2\t\t\t<\/td>\n\t\t\t\t<\/tr>\n\n\n\n<tr class=\"wp-one-novanta-table__body-row\">\n\t\t\t\t<td class=\"wp-one-novanta-table__body-cell\">\n\t\t\t\tHafen Typ\t\t\t<\/td>\n\t\t\t\t\t\t\t<td class=\"wp-one-novanta-table__body-cell\">\n\t\t\t\tGepr\u00fcft\t\t\t<\/td>\n\t\t\t\t<\/tr>\n\n\n\n<tr class=\"wp-one-novanta-table__body-row\">\n\t\t\t\t<td class=\"wp-one-novanta-table__body-cell\">\n\t\t\t\tGewicht\t\t\t<\/td>\n\t\t\t\t\t\t\t<td class=\"wp-one-novanta-table__body-cell\">\n\t\t\t\t8.4 kg\t\t\t<\/td>\n\t\t\t\t<\/tr>\n\n\n\n<tr class=\"wp-one-novanta-table__body-row\">\n\t\t\t\t<td class=\"wp-one-novanta-table__body-cell\">\n\t\t\t\tX\/Y-Einhaltungsbereich\t\t\t<\/td>\n\t\t\t\t\t\t\t<td class=\"wp-one-novanta-table__body-cell\">\n\t\t\t\t\u00b14,1 mm\t\t\t<\/td>\n\t\t\t\t<\/tr>\n\n\n\n<tr class=\"wp-one-novanta-table__body-row\">\n\t\t\t\t<td class=\"wp-one-novanta-table__body-cell\">\n\t\t\t\tZ Einhaltung der Vorschriften\t\t\t<\/td>\n\t\t\t\t\t\t\t<td class=\"wp-one-novanta-table__body-cell\">\n\t\t\t\t2 mm\t\t\t<\/td>\n\t\t\t\t<\/tr>\n\n\t\t\t<\/tbody>\n\n\t\t<\/table>\n\n\t\t\n\t<div class=\"\n\t\twp-one-novanta-table__is-loading hidden\t\">\n\t\t<svg xmlns=\"http:\/\/www.w3.org\/2000\/svg\" width=\"32\" height=\"32\" viewBox=\"0 0 24 24\"><!-- Icon from SVG Spinners by Utkarsh Verma - https:\/\/github.com\/n3r4zzurr0\/svg-spinners\/blob\/main\/LICENSE --><path fill=\"currentColor\" d=\"M12,1A11,11,0,1,0,23,12,11,11,0,0,0,12,1Zm0,19a8,8,0,1,1,8-8A8,8,0,0,1,12,20Z\" opacity=\".25\" \/><path fill=\"currentColor\" d=\"M12,4a8,8,0,0,1,7.89,6.7A1.53,1.53,0,0,0,21.38,12h0a1.5,1.5,0,0,0,1.48-1.75,11,11,0,0,0-21.72,0A1.5,1.5,0,0,0,2.62,12h0a1.53,1.53,0,0,0,1.49-1.3A8,8,0,0,1,12,4Z\"><animateTransform attributeName=\"transform\" dur=\"0.75s\" repeatCount=\"indefinite\" type=\"rotate\" values=\"0 12 12;360 12 12\" \/><\/path><\/svg>\n\t<\/div>\n\n\t<\/figure>\n\n\t\n<\/div>\n\t\t\t\t<\/rt-tabs-tab>\n\n\t\t\t\t\t\t\t<rt-tabs-tab id=\"tab-dokumente-downloads-3\" >\n\t\t\t\t\t\n<div class=\"align wp-block-one-novanta-documents wp-one-novanta-table wp-one-novanta-table--has-background--secondary\">\n\n\t<div class=\"wp-one-novanta-table__header\">\n\t\t\n\t\n<div class=\"wp-one-novanta-table__filter one-novanta-filter-dropdown\" data-filter-column=\"2\">\n\n\t\t<button class=\"one-novanta-filter-dropdown__button wp-one-novanta-button wp-one-novanta-button--secondary\" aria-expanded=\"false\" type=\"button\">\n\t\t<span class=\"text\"><span class=\"one-novanta-filter-dropdown__selected\"><span class=\"has-medium-font-size one-novanta-filter-dropdown__selected-value-prefix\"><\/span><span class=\"has-medium-font-size one-novanta-filter-dropdown__selected-value\">Filtern nach Typ<\/span><\/span><\/span>\n\t\t\t\t\t<span class=\"wp-one-novanta-button__icon\">\n\t\t\t\t<svg xmlns=\"http:\/\/www.w3.org\/2000\/svg\" width=\"12\" height=\"8\" viewBox=\"0 0 12 8\" fill=\"none\"><path fill=\"currentColor\" d=\"M1.41.297 6 4.877l4.59-4.58L12 1.707l-6 6-6-6L1.41.297Z\" \/><\/svg>\t\t\t<\/span>\n\t\t\t<\/button>\n\t\n\t<ul class=\"one-novanta-filter-dropdown__dropdown-list is-hidden one-novanta-filter-dropdown__dropdown-list--left\" role=\"listbox\">\n\t\t<!-- Default option -->\n\t\t<li id=\"filter-option-0\" role=\"option\" class=\"selected wp-one-novanta-table__filter__option--default\">Filtern nach Typ<\/li>\n\n\t\t<!-- Options from column. -->\n\t\t\t\t\t<li id=\"filter-option-1\" role=\"option\">Zeichnungen<\/li>\n\t\t\t\t\t\t<li id=\"filter-option-2\" role=\"option\">Handb\u00fccher<\/li>\n\t\t\t\t<\/ul>\n<\/div>\n\t<\/div>\n\n\t<figure data-is-loading=\"false\">\n\n\t\t<table class=\"wp-one-novanta-table__wrapper\">\n\n\t\t\t<thead class=\"wp-one-novanta-table__head\">\n\t\t\t\t<tr class=\"wp-one-novanta-table__head-row\">\n\t\t\t\t\t\t\t\t\t\t\t<th class=\"wp-one-novanta-table__head-cell wp-one-novanta-table__head-cell__background-mid-gray\">Herunterladen<\/th>\n\t\t\t\t\t\t\t\t\t\t\t<th class=\"wp-one-novanta-table__head-cell wp-one-novanta-table__head-cell__background-mid-gray\">Typ herunterladen<\/th>\n\t\t\t\t\t\t\t\t\t\t\t<th class=\"wp-one-novanta-table__head-cell wp-one-novanta-table__head-cell__background-mid-gray\">Sprache<\/th>\n\t\t\t\t\t\t\t\t\t<\/tr>\n\t\t\t<\/thead>\n\n\t\t\t<tbody class=\"wp-one-novanta-table__body\">\n\t\t\t\n<tr class=\"wp-one-novanta-table__body-row\">\n\t\t\t\t<td class=\"wp-one-novanta-table__body-cell\">\n\t\t\t\tGL5-konforme Versorgungskupplung, G-Anschlussgewinde\t\t\t<\/td>\n\t\t\t\t\t\t\t<td class=\"wp-one-novanta-table__body-cell\">\n\t\t\t\tZeichnungen\t\t\t<\/td>\n\t\t\t\t\t\t\t<td class=\"wp-one-novanta-table__body-cell\">\n\t\t\t\t<a href=\"https:\/\/ati.novanta.com\/wp-content\/uploads\/sites\/2\/2025\/05\/9630-20-GL5-E.auto.pdf\" target=\"_blank\">Englisch<\/a>\t\t\t<\/td>\n\t\t\t\t<\/tr>\n\n<tr class=\"wp-one-novanta-table__body-row\">\n\t\t\t\t<td class=\"wp-one-novanta-table__body-cell\">\n\t\t\t\tGL5-R Utility Coupler Zeichnung\t\t\t<\/td>\n\t\t\t\t\t\t\t<td class=\"wp-one-novanta-table__body-cell\">\n\t\t\t\tZeichnungen\t\t\t<\/td>\n\t\t\t\t\t\t\t<td class=\"wp-one-novanta-table__body-cell\">\n\t\t\t\t<a href=\"https:\/\/ati.novanta.com\/wp-content\/uploads\/sites\/2\/2025\/05\/9630-20-GL5-R.auto.pdf\" target=\"_blank\">Englisch<\/a>\t\t\t<\/td>\n\t\t\t\t<\/tr>\n\n<tr class=\"wp-one-novanta-table__body-row\">\n\t\t\t\t<td class=\"wp-one-novanta-table__body-cell\">\n\t\t\t\tGLx Utility Coupler Handbuch (inkl. GL1, GL2, GL2A, GL3, GL5, GL8)\t\t\t<\/td>\n\t\t\t\t\t\t\t<td class=\"wp-one-novanta-table__body-cell\">\n\t\t\t\tHandb\u00fccher\t\t\t<\/td>\n\t\t\t\t\t\t\t<td class=\"wp-one-novanta-table__body-cell\">\n\t\t\t\t<a href=\"https:\/\/ati.novanta.com\/wp-content\/uploads\/sites\/2\/2025\/05\/9620-20-B-GLx.pdf\" target=\"_blank\">Englisch<\/a>\t\t\t<\/td>\n\t\t\t\t<\/tr>\n\t\t\t<\/tbody>\n\n\t\t<\/table>\n\n\t\t\n\t<div class=\"\n\t\twp-one-novanta-table__is-loading hidden\t\">\n\t\t<svg xmlns=\"http:\/\/www.w3.org\/2000\/svg\" width=\"32\" height=\"32\" viewBox=\"0 0 24 24\"><!-- Icon from SVG Spinners by Utkarsh Verma - https:\/\/github.com\/n3r4zzurr0\/svg-spinners\/blob\/main\/LICENSE --><path fill=\"currentColor\" d=\"M12,1A11,11,0,1,0,23,12,11,11,0,0,0,12,1Zm0,19a8,8,0,1,1,8-8A8,8,0,0,1,12,20Z\" opacity=\".25\" \/><path fill=\"currentColor\" d=\"M12,4a8,8,0,0,1,7.89,6.7A1.53,1.53,0,0,0,21.38,12h0a1.5,1.5,0,0,0,1.48-1.75,11,11,0,0,0-21.72,0A1.5,1.5,0,0,0,2.62,12h0a1.53,1.53,0,0,0,1.49-1.3A8,8,0,0,1,12,4Z\"><animateTransform attributeName=\"transform\" dur=\"0.75s\" repeatCount=\"indefinite\" type=\"rotate\" values=\"0 12 12;360 12 12\" \/><\/path><\/svg>\n\t<\/div>\n\n\t<\/figure>\n\n\t\n<\/div>\n\t\t\t\t<\/rt-tabs-tab>\n\n\t\t\t\t\t\t\t<rt-tabs-tab id=\"tab-3d-cad-modelle-4\" >\n\t\t\t\t\t\n<div class=\"wp-one-novanta-table wp-one-novanta-table--has-background--secondary\">\n\n\t<div class=\"wp-one-novanta-table__header\">\n\t\t\n\t\t<\/div>\n\n\t<figure data-is-loading=\"false\">\n\n\t\t<table class=\"wp-one-novanta-table__wrapper\">\n\n\t\t\t<thead class=\"wp-one-novanta-table__head\">\n\t\t\t\t<tr class=\"wp-one-novanta-table__head-row\">\n\t\t\t\t\t\t\t\t\t\t\t<th class=\"wp-one-novanta-table__head-cell wp-one-novanta-table__head-cell__background-mid-gray\">Herunterladen<\/th>\n\t\t\t\t\t\t\t\t\t\t\t<th class=\"wp-one-novanta-table__head-cell wp-one-novanta-table__head-cell__background-mid-gray\">Beschreibung<\/th>\n\t\t\t\t\t\t\t\t\t<\/tr>\n\t\t\t<\/thead>\n\n\t\t\t<tbody class=\"wp-one-novanta-table__body\">\n\t\t\t\n\n<tr class=\"wp-one-novanta-table__body-row\">\n\t\t\t\t<td class=\"wp-one-novanta-table__body-cell\">\n\t\t\t\t<a href='https:\/\/www.3dcontentcentral.com\/Model-Preview-Resp.aspx?catalogId=201&amp;name=UC-GL5%20Master-Euro' target='_blank'>UC-GL5 Master-Euro<\/a>\t\t\t<\/td>\n\t\t\t\t\t\t\t<td class=\"wp-one-novanta-table__body-cell\">\n\t\t\t\tKonforme Versorgungskupplung mit (2) G 1\/2 gepr\u00fcften Anschl\u00fcssen und kurzen Ausrichtungsstiften\t\t\t<\/td>\n\t\t\t\t<\/tr>\n\n\n\n<tr class=\"wp-one-novanta-table__body-row\">\n\t\t\t\t<td class=\"wp-one-novanta-table__body-cell\">\n\t\t\t\t<a href='https:\/\/www.3dcontentcentral.com\/Model-Preview-Resp.aspx?catalogId=201&amp;name=UC-GL5%20Tool-Euro' target='_blank'>UC-GL5 Werkzeug-Euro<\/a>\t\t\t<\/td>\n\t\t\t\t\t\t\t<td class=\"wp-one-novanta-table__body-cell\">\n\t\t\t\tUtility-Kupplung mit (2) G 1\/2-Anschl\u00fcssen\t\t\t<\/td>\n\t\t\t\t<\/tr>\n\n\t\t\t<\/tbody>\n\n\t\t<\/table>\n\n\t\t\n\t<div class=\"\n\t\twp-one-novanta-table__is-loading hidden\t\">\n\t\t<svg xmlns=\"http:\/\/www.w3.org\/2000\/svg\" width=\"32\" height=\"32\" viewBox=\"0 0 24 24\"><!-- Icon from SVG Spinners by Utkarsh Verma - https:\/\/github.com\/n3r4zzurr0\/svg-spinners\/blob\/main\/LICENSE --><path fill=\"currentColor\" d=\"M12,1A11,11,0,1,0,23,12,11,11,0,0,0,12,1Zm0,19a8,8,0,1,1,8-8A8,8,0,0,1,12,20Z\" opacity=\".25\" \/><path fill=\"currentColor\" d=\"M12,4a8,8,0,0,1,7.89,6.7A1.53,1.53,0,0,0,21.38,12h0a1.5,1.5,0,0,0,1.48-1.75,11,11,0,0,0-21.72,0A1.5,1.5,0,0,0,2.62,12h0a1.53,1.53,0,0,0,1.49-1.3A8,8,0,0,1,12,4Z\"><animateTransform attributeName=\"transform\" dur=\"0.75s\" repeatCount=\"indefinite\" type=\"rotate\" values=\"0 12 12;360 12 12\" \/><\/path><\/svg>\n\t<\/div>\n\n\t<\/figure>\n\n\t\n<\/div>\n\t\t\t\t<\/rt-tabs-tab>\n\n\t\t\t\n<\/rt-tabs>\n<\/div>\n<\/div>\n\n\n\n<p><\/p>\n","protected":false},"excerpt":{"rendered":"<p><!-- wp:list --><\/p>\n<ul class=\"wp-block-list\"><!-- wp:list-item --><\/p>\n<li>(4) Montagefl\u00e4chen zur Befestigung von Standard-ATI-Versorgungsmodulen zur Leistenmontage<\/li>\n<p><!-- \/wp:list-item --><\/p>\n<p><!-- wp:list-item --><\/p>\n<li>Eingebaute Konformit\u00e4t zur Gew\u00e4hrleistung einer zuverl\u00e4ssigen Verbindung.<\/li>\n<p><!-- \/wp:list-item --><\/p>\n<p><!-- wp:list-item --><\/p>\n<li>Sensoren zur Erkennung des Vorhandenseins der Werkzeugseite verf\u00fcgbar.<\/li>\n<p><!-- \/wp:list-item --><\/p>\n<p><!-- wp:list-item --><\/p>\n<li>Antriebszylinder und Linearantriebe verf\u00fcgbar.<\/li>\n<p><!-- \/wp:list-item --><\/p>\n<p><!-- wp:list-item --><\/p>\n<li>Ausrichtungsstifte aus geh\u00e4rtetem Edelstahl.<\/li>\n<p><!-- \/wp:list-item --><\/p>\n<p><!-- wp:list-item --><\/p>\n<li>Erm\u00f6glicht die direkte Montage des DL4-Moduls auf den Fl\u00e4chen B und D.<\/li>\n<p><!-- \/wp:list-item --><\/ul>\n<p><!-- \/wp:list --><\/p>\n","protected":false},"featured_media":18387,"template":"","meta":{"_acf_changed":false,"is_product_deprecated":false,"new_product_name":"","new_product_url":""},"product_cat":[1012],"product_tag":[],"class_list":{"0":"post-32399","1":"product","2":"type-product","3":"status-publish","4":"has-post-thumbnail","6":"product_cat-utility-couplers","8":"first","9":"instock","10":"shipping-taxable","11":"purchasable","12":"product-type-simple"},"acf":[],"yoast_head":"<!-- This site is optimized with the Yoast SEO Premium plugin v27.0 (Yoast SEO v27.3) - https:\/\/yoast.com\/product\/yoast-seo-premium-wordpress\/ -->\n<title>Utility-Kupplungen: UC-GL5 - ATI Industrial Automation<\/title>\n<meta name=\"robots\" content=\"index, follow, max-snippet:-1, max-image-preview:large, max-video-preview:-1\" \/>\n<link rel=\"canonical\" href=\"https:\/\/ati.novanta.com\/product\/utility-couplers-uc-gl5\/\" \/>\n<meta property=\"og:locale\" content=\"de_DE\" \/>\n<meta property=\"og:type\" content=\"article\" \/>\n<meta property=\"og:title\" content=\"Utility-Kupplungen: UC-GL5\" \/>\n<meta property=\"og:description\" content=\"(4) Montagefl\u00e4chen zur Befestigung von Standard-ATI-Versorgungsmodulen zur Leistenmontage    Eingebaute Konformit\u00e4t zur Gew\u00e4hrleistung einer zuverl\u00e4ssigen Verbindung.    Sensoren zur Erkennung des Vorhandenseins der Werkzeugseite verf\u00fcgbar.    Antriebszylinder und Linearantriebe verf\u00fcgbar.    Ausrichtungsstifte aus geh\u00e4rtetem Edelstahl.    Erm\u00f6glicht die direkte Montage des DL4-Moduls auf den Fl\u00e4chen B und D.\" \/>\n<meta property=\"og:url\" content=\"https:\/\/ati.novanta.com\/product\/utility-couplers-uc-gl5\/\" \/>\n<meta property=\"og:site_name\" content=\"ATI Industrial Automation\" \/>\n<meta property=\"og:image\" content=\"https:\/\/ati.novanta.com\/wp-content\/uploads\/sites\/2\/2025\/05\/UC-GL5.jpg?quality=85&strip=all&w=1200&h=675&crop=1\" \/>\n\t<meta property=\"og:image:width\" content=\"1920\" \/>\n\t<meta property=\"og:image:height\" content=\"640\" \/>\n\t<meta property=\"og:image:type\" content=\"image\/jpeg\" \/>\n<meta name=\"twitter:card\" content=\"summary_large_image\" \/>\n<meta name=\"twitter:label1\" content=\"Est. reading time\" \/>\n\t<meta name=\"twitter:data1\" content=\"1\u00a0Minute\" \/>\n<script type=\"application\/ld+json\" class=\"yoast-schema-graph\">{\"@context\":\"https:\\\/\\\/schema.org\",\"@graph\":[{\"@type\":\"WebPage\",\"@id\":\"https:\\\/\\\/ati.novanta.com\\\/product\\\/utility-couplers-uc-gl5\\\/\",\"url\":\"https:\\\/\\\/ati.novanta.com\\\/product\\\/utility-couplers-uc-gl5\\\/\",\"name\":\"Utility-Kupplungen: UC-GL5 - ATI Industrial Automation\",\"isPartOf\":{\"@id\":\"https:\\\/\\\/ati.novanta.com\\\/#website\"},\"primaryImageOfPage\":{\"@id\":\"https:\\\/\\\/ati.novanta.com\\\/product\\\/utility-couplers-uc-gl5\\\/#primaryimage\"},\"image\":{\"@id\":\"https:\\\/\\\/ati.novanta.com\\\/product\\\/utility-couplers-uc-gl5\\\/#primaryimage\"},\"thumbnailUrl\":\"https:\\\/\\\/ati.novanta.com\\\/wp-content\\\/uploads\\\/sites\\\/2\\\/2025\\\/05\\\/ati-header-image.jpg?quality=85&strip=all\",\"datePublished\":\"2025-05-06T10:49:04+00:00\",\"breadcrumb\":{\"@id\":\"https:\\\/\\\/ati.novanta.com\\\/product\\\/utility-couplers-uc-gl5\\\/#breadcrumb\"},\"inLanguage\":\"de\",\"potentialAction\":[{\"@type\":\"ReadAction\",\"target\":[\"https:\\\/\\\/ati.novanta.com\\\/product\\\/utility-couplers-uc-gl5\\\/\"]}]},{\"@type\":\"ImageObject\",\"inLanguage\":\"de\",\"@id\":\"https:\\\/\\\/ati.novanta.com\\\/product\\\/utility-couplers-uc-gl5\\\/#primaryimage\",\"url\":\"https:\\\/\\\/ati.novanta.com\\\/wp-content\\\/uploads\\\/sites\\\/2\\\/2025\\\/05\\\/ati-header-image.jpg?quality=85&strip=all\",\"contentUrl\":\"https:\\\/\\\/ati.novanta.com\\\/wp-content\\\/uploads\\\/sites\\\/2\\\/2025\\\/05\\\/ati-header-image.jpg?quality=85&strip=all\",\"width\":1920,\"height\":640},{\"@type\":\"BreadcrumbList\",\"@id\":\"https:\\\/\\\/ati.novanta.com\\\/product\\\/utility-couplers-uc-gl5\\\/#breadcrumb\",\"itemListElement\":[{\"@type\":\"ListItem\",\"position\":1,\"name\":\"Home\",\"item\":\"https:\\\/\\\/ati.novanta.com\\\/de\\\/home\\\/\"},{\"@type\":\"ListItem\",\"position\":2,\"name\":\"Products\",\"item\":\"https:\\\/\\\/ati.novanta.com\\\/products\\\/\"},{\"@type\":\"ListItem\",\"position\":3,\"name\":\"Utility-Kupplungen: UC-GL5\"}]},{\"@type\":\"WebSite\",\"@id\":\"https:\\\/\\\/ati.novanta.com\\\/#website\",\"url\":\"https:\\\/\\\/ati.novanta.com\\\/\",\"name\":\"ATI Industrial Automation\",\"description\":\"\",\"publisher\":{\"@id\":\"https:\\\/\\\/ati.novanta.com\\\/#organization\"},\"potentialAction\":[{\"@type\":\"SearchAction\",\"target\":{\"@type\":\"EntryPoint\",\"urlTemplate\":\"https:\\\/\\\/ati.novanta.com\\\/?s={search_term_string}\"},\"query-input\":{\"@type\":\"PropertyValueSpecification\",\"valueRequired\":true,\"valueName\":\"search_term_string\"}}],\"inLanguage\":\"de\"},{\"@type\":\"Organization\",\"@id\":\"https:\\\/\\\/ati.novanta.com\\\/#organization\",\"name\":\"ATI Industrial Automation\",\"url\":\"https:\\\/\\\/ati.novanta.com\\\/\",\"logo\":{\"@type\":\"ImageObject\",\"inLanguage\":\"de\",\"@id\":\"https:\\\/\\\/ati.novanta.com\\\/#\\\/schema\\\/logo\\\/image\\\/\",\"url\":\"\",\"contentUrl\":\"\",\"caption\":\"ATI Industrial Automation\"},\"image\":{\"@id\":\"https:\\\/\\\/ati.novanta.com\\\/#\\\/schema\\\/logo\\\/image\\\/\"}}]}<\/script>\n<!-- \/ Yoast SEO Premium plugin. -->","yoast_head_json":{"title":"Utility-Kupplungen: UC-GL5 - ATI Industrial Automation","robots":{"index":"index","follow":"follow","max-snippet":"max-snippet:-1","max-image-preview":"max-image-preview:large","max-video-preview":"max-video-preview:-1"},"canonical":"https:\/\/ati.novanta.com\/product\/utility-couplers-uc-gl5\/","og_locale":"de_DE","og_type":"article","og_title":"Utility-Kupplungen: UC-GL5","og_description":"(4) Montagefl\u00e4chen zur Befestigung von Standard-ATI-Versorgungsmodulen zur Leistenmontage    Eingebaute Konformit\u00e4t zur Gew\u00e4hrleistung einer zuverl\u00e4ssigen Verbindung.    Sensoren zur Erkennung des Vorhandenseins der Werkzeugseite verf\u00fcgbar.    Antriebszylinder und Linearantriebe verf\u00fcgbar.    Ausrichtungsstifte aus geh\u00e4rtetem Edelstahl.    Erm\u00f6glicht die direkte Montage des DL4-Moduls auf den Fl\u00e4chen B und D.","og_url":"https:\/\/ati.novanta.com\/product\/utility-couplers-uc-gl5\/","og_site_name":"ATI Industrial Automation","og_image":[{"width":1920,"height":640,"url":"https:\/\/ati.novanta.com\/wp-content\/uploads\/sites\/2\/2025\/05\/UC-GL5.jpg?quality=85&strip=all&w=1200&h=675&crop=1","type":"image\/jpeg"}],"twitter_card":"summary_large_image","twitter_misc":{"Est. reading time":"1\u00a0Minute"},"schema":{"@context":"https:\/\/schema.org","@graph":[{"@type":"WebPage","@id":"https:\/\/ati.novanta.com\/product\/utility-couplers-uc-gl5\/","url":"https:\/\/ati.novanta.com\/product\/utility-couplers-uc-gl5\/","name":"Utility-Kupplungen: UC-GL5 - ATI Industrial Automation","isPartOf":{"@id":"https:\/\/ati.novanta.com\/#website"},"primaryImageOfPage":{"@id":"https:\/\/ati.novanta.com\/product\/utility-couplers-uc-gl5\/#primaryimage"},"image":{"@id":"https:\/\/ati.novanta.com\/product\/utility-couplers-uc-gl5\/#primaryimage"},"thumbnailUrl":"https:\/\/ati.novanta.com\/wp-content\/uploads\/sites\/2\/2025\/05\/ati-header-image.jpg?quality=85&strip=all","datePublished":"2025-05-06T10:49:04+00:00","breadcrumb":{"@id":"https:\/\/ati.novanta.com\/product\/utility-couplers-uc-gl5\/#breadcrumb"},"inLanguage":"de","potentialAction":[{"@type":"ReadAction","target":["https:\/\/ati.novanta.com\/product\/utility-couplers-uc-gl5\/"]}]},{"@type":"ImageObject","inLanguage":"de","@id":"https:\/\/ati.novanta.com\/product\/utility-couplers-uc-gl5\/#primaryimage","url":"https:\/\/ati.novanta.com\/wp-content\/uploads\/sites\/2\/2025\/05\/ati-header-image.jpg?quality=85&strip=all","contentUrl":"https:\/\/ati.novanta.com\/wp-content\/uploads\/sites\/2\/2025\/05\/ati-header-image.jpg?quality=85&strip=all","width":1920,"height":640},{"@type":"BreadcrumbList","@id":"https:\/\/ati.novanta.com\/product\/utility-couplers-uc-gl5\/#breadcrumb","itemListElement":[{"@type":"ListItem","position":1,"name":"Home","item":"https:\/\/ati.novanta.com\/de\/home\/"},{"@type":"ListItem","position":2,"name":"Products","item":"https:\/\/ati.novanta.com\/products\/"},{"@type":"ListItem","position":3,"name":"Utility-Kupplungen: UC-GL5"}]},{"@type":"WebSite","@id":"https:\/\/ati.novanta.com\/#website","url":"https:\/\/ati.novanta.com\/","name":"ATI Industrial Automation","description":"","publisher":{"@id":"https:\/\/ati.novanta.com\/#organization"},"potentialAction":[{"@type":"SearchAction","target":{"@type":"EntryPoint","urlTemplate":"https:\/\/ati.novanta.com\/?s={search_term_string}"},"query-input":{"@type":"PropertyValueSpecification","valueRequired":true,"valueName":"search_term_string"}}],"inLanguage":"de"},{"@type":"Organization","@id":"https:\/\/ati.novanta.com\/#organization","name":"ATI Industrial Automation","url":"https:\/\/ati.novanta.com\/","logo":{"@type":"ImageObject","inLanguage":"de","@id":"https:\/\/ati.novanta.com\/#\/schema\/logo\/image\/","url":"","contentUrl":"","caption":"ATI Industrial Automation"},"image":{"@id":"https:\/\/ati.novanta.com\/#\/schema\/logo\/image\/"}}]}},"_links":{"self":[{"href":"https:\/\/ati.novanta.com\/de\/wp-json\/wp\/v2\/product\/32399","targetHints":{"allow":["GET"]}}],"collection":[{"href":"https:\/\/ati.novanta.com\/de\/wp-json\/wp\/v2\/product"}],"about":[{"href":"https:\/\/ati.novanta.com\/de\/wp-json\/wp\/v2\/types\/product"}],"wp:featuredmedia":[{"embeddable":true,"href":"https:\/\/ati.novanta.com\/de\/wp-json\/wp\/v2\/media\/18387"}],"wp:attachment":[{"href":"https:\/\/ati.novanta.com\/de\/wp-json\/wp\/v2\/media?parent=32399"}],"wp:term":[{"taxonomy":"product_cat","embeddable":true,"href":"https:\/\/ati.novanta.com\/de\/wp-json\/wp\/v2\/product_cat?post=32399"},{"taxonomy":"product_tag","embeddable":true,"href":"https:\/\/ati.novanta.com\/de\/wp-json\/wp\/v2\/product_tag?post=32399"}],"curies":[{"name":"wp","href":"https:\/\/api.w.org\/{rel}","templated":true}]}}