{"id":32416,"date":"2025-05-06T10:49:08","date_gmt":"2025-05-06T10:49:08","guid":{"rendered":"https:\/\/ati.novanta.com\/product\/tool-changers-mc-16r\/"},"modified":"2025-05-06T10:49:08","modified_gmt":"2025-05-06T10:49:08","slug":"tool-changers-mc-16r","status":"publish","type":"product","link":"https:\/\/ati.novanta.com\/de\/product\/tool-changers-mc-16r\/","title":{"rendered":"MC-16R Manueller Werkzeugwechsler"},"content":{"rendered":"\n<div class=\"alignfull has-secondary-background-color has-background is-layout-constrained wp-block-one-novanta-section-is-layout-constrained\" style=\"padding-top:var(--wp--preset--spacing--20);padding-bottom:var(--wp--preset--spacing--80)\">\n<div class=\"wp-block-one-novanta-section-content alignwide\">\n<rt-tabs class=\"novanta-tabs-wrapper\" current-tab=\"tab-produktmerkmale-1\" >\n\n\t<rt-tabs-nav class=\"novanta-tabs-nav\">\n\t\t\t\t\t\t\t\t<rt-tabs-nav-item class=\"novanta-tabs-nav__item has-medium-font-size\"  active=\"yes\">\n\t\t\t\t<a class=\"has-foreground-color\" href=\"#tab-produktmerkmale-1\">Produktmerkmale<\/a>\n\t\t\t<\/rt-tabs-nav-item>\n\n\t\t\t\t\t\t\t\t\t\t\t<rt-tabs-nav-item class=\"novanta-tabs-nav__item has-medium-font-size\" >\n\t\t\t\t<a class=\"has-foreground-color\" href=\"#tab-spezifikationen-2\">Spezifikationen<\/a>\n\t\t\t<\/rt-tabs-nav-item>\n\n\t\t\t\t\t\t\t\t\t\t\t<rt-tabs-nav-item class=\"novanta-tabs-nav__item has-medium-font-size\" >\n\t\t\t\t<a class=\"has-foreground-color\" href=\"#tab-dokumente-downloads-3\">Dokumente &amp; Downloads<\/a>\n\t\t\t<\/rt-tabs-nav-item>\n\n\t\t\t\t\t\t\t\t\t\t\t<rt-tabs-nav-item class=\"novanta-tabs-nav__item has-medium-font-size\" >\n\t\t\t\t<a class=\"has-foreground-color\" href=\"#tab-3d-cad-modelle-4\">3D-CAD-Modelle<\/a>\n\t\t\t<\/rt-tabs-nav-item>\n\n\t\t\t\t\t\t<\/rt-tabs-nav>\n\n\t\t\t\t\t<rt-tabs-tab id=\"tab-produktmerkmale-1\"  open=\"yes\">\n\t\t\t\t\t\n<div class=\"alignfull is-layout-constrained wp-block-one-novanta-section-is-layout-constrained\" style=\"padding-top:0;padding-bottom:0\">\n<div class=\"wp-block-one-novanta-section-content alignwide\">\n<div class=\"two-columns--media-align-left wp-block-one-novanta-fifty-fifty-wrapper two-columns two-columns--vertical-align-top\">\n\t\n<div class=\"two-columns__column\">\n\t<h2 class=\"one-novanta-50-50-wrapper__heading has-xx-large-font-size\">Produktmerkmale<\/h2><\/div>\n\n<div class=\"two-columns__column\">\n\t\n<div class=\"wp-block-one-novanta-fifty-fifty-wrapper alignfull\">\n<ul class=\"wp-block-list\">\n<li>(4) 1\/8 NPT Integrierte Luftdurchlass\u00f6ffnungen in einem kompakten Geh\u00e4use von 794 Gramm<\/li>\n\n\n\n<li>Verriegelungsmechanismus mit Schrauben (patentiert) sorgt f\u00fcr eine hohe Verriegelungskraft.<\/li>\n\n\n\n<li>Der Ratschenknopf sorgt f\u00fcr zus\u00e4tzliche Sicherheit in der verriegelten Position.<\/li>\n\n\n\n<li>Eine (1) Abflachung f\u00fcr die Montage von elektrischen Modulen f\u00fcr mehr Funktionalit\u00e4t verf\u00fcgbar<\/li>\n\n\n\n<li>Geeignet f\u00fcr 16 kg (35 lb) Nutzlast.<\/li>\n\n\n\n<li>Hohes Verh\u00e4ltnis von St\u00e4rke zu Gewicht.<\/li>\n<\/ul>\n\n\n\n<ul class=\"wp-block-list\"><\/ul>\n\n\n\n<div class=\"wp-block-buttons is-layout-flex wp-block-buttons-is-layout-flex\">\n<div class=\"wp-block-button is-style-outline has-arrow is-style-outline--2\"><a class=\"wp-block-button__link wp-element-button\" href=\"https:\/\/ati.novanta.com\/de\/products\/tool-changers\/\">Erfahren Sie mehr \u00fcber Werkzeugwechsler<\/a><\/div>\n<\/div>\n<\/div>\n<\/div>\n<\/div>\n<\/div>\n<\/div>\n\t\t\t\t<\/rt-tabs-tab>\n\n\t\t\t\t\t\t\t<rt-tabs-tab id=\"tab-spezifikationen-2\" >\n\t\t\t\t\t\n<div class=\"wp-one-novanta-table wp-one-novanta-table--has-background--secondary\">\n\n\t<div class=\"wp-one-novanta-table__header\">\n\t\t\n\t\t<\/div>\n\n\t<figure data-is-loading=\"false\">\n\n\t\t<table class=\"wp-one-novanta-table__wrapper\">\n\n\t\t\t<thead class=\"wp-one-novanta-table__head\">\n\t\t\t\t<tr class=\"wp-one-novanta-table__head-row\">\n\t\t\t\t\t\t\t\t\t\t\t<th class=\"wp-one-novanta-table__head-cell wp-one-novanta-table__head-cell__background-mid-gray\">Specification<\/th>\n\t\t\t\t\t\t\t\t\t\t\t<th class=\"wp-one-novanta-table__head-cell wp-one-novanta-table__head-cell__background-mid-gray\">Value<\/th>\n\t\t\t\t\t\t\t\t\t<\/tr>\n\t\t\t<\/thead>\n\n\t\t\t<tbody class=\"wp-one-novanta-table__body\">\n\t\t\t\n\n<tr class=\"wp-one-novanta-table__body-row\">\n\t\t\t\t<td class=\"wp-one-novanta-table__body-cell\">\n\t\t\t\tPassthrough-Anschlussgr\u00f6\u00dfen\t\t\t<\/td>\n\t\t\t\t\t\t\t<td class=\"wp-one-novanta-table__body-cell\">\n\t\t\t\t(4) 1\/8 NPT\t\t\t<\/td>\n\t\t\t\t<\/tr>\n\n\n\n<tr class=\"wp-one-novanta-table__body-row\">\n\t\t\t\t<td class=\"wp-one-novanta-table__body-cell\">\n\t\t\t\tPneumatischer Passthrough-Anschluss Anzahl\t\t\t<\/td>\n\t\t\t\t\t\t\t<td class=\"wp-one-novanta-table__body-cell\">\n\t\t\t\t4\t\t\t<\/td>\n\t\t\t\t<\/tr>\n\n\n\n<tr class=\"wp-one-novanta-table__body-row\">\n\t\t\t\t<td class=\"wp-one-novanta-table__body-cell\">\n\t\t\t\tPositionelle Wiederholgenauigkeit\t\t\t<\/td>\n\t\t\t\t\t\t\t<td class=\"wp-one-novanta-table__body-cell\">\n\t\t\t\t0.0254 mm\t\t\t<\/td>\n\t\t\t\t<\/tr>\n\n\n\n<tr class=\"wp-one-novanta-table__body-row\">\n\t\t\t\t<td class=\"wp-one-novanta-table__body-cell\">\n\t\t\t\tVorgeschlagene Nutzlastgrenze\t\t\t<\/td>\n\t\t\t\t\t\t\t<td class=\"wp-one-novanta-table__body-cell\">\n\t\t\t\t16 kg\t\t\t<\/td>\n\t\t\t\t<\/tr>\n\n\n\n<tr class=\"wp-one-novanta-table__body-row\">\n\t\t\t\t<td class=\"wp-one-novanta-table__body-cell\">\n\t\t\t\tX\/Y Statisches Moment Kapazit\u00e4t\t\t\t<\/td>\n\t\t\t\t\t\t\t<td class=\"wp-one-novanta-table__body-cell\">\n\t\t\t\t24.9 Nm\t\t\t<\/td>\n\t\t\t\t<\/tr>\n\n\n\n<tr class=\"wp-one-novanta-table__body-row\">\n\t\t\t\t<td class=\"wp-one-novanta-table__body-cell\">\n\t\t\t\tZ Statisches Moment Kapazit\u00e4t\t\t\t<\/td>\n\t\t\t\t\t\t\t<td class=\"wp-one-novanta-table__body-cell\">\n\t\t\t\t45.2 Nm\t\t\t<\/td>\n\t\t\t\t<\/tr>\n\n\n\n<tr class=\"wp-one-novanta-table__body-row\">\n\t\t\t\t<td class=\"wp-one-novanta-table__body-cell\">\n\t\t\t\tMaster Seite Gewicht\t\t\t<\/td>\n\t\t\t\t\t\t\t<td class=\"wp-one-novanta-table__body-cell\">\n\t\t\t\t0.522 kg\t\t\t<\/td>\n\t\t\t\t<\/tr>\n\n\n\n<tr class=\"wp-one-novanta-table__body-row\">\n\t\t\t\t<td class=\"wp-one-novanta-table__body-cell\">\n\t\t\t\tWerkzeugseite Gewicht\t\t\t<\/td>\n\t\t\t\t\t\t\t<td class=\"wp-one-novanta-table__body-cell\">\n\t\t\t\t0.272 kg\t\t\t<\/td>\n\t\t\t\t<\/tr>\n\n\n\n<tr class=\"wp-one-novanta-table__body-row\">\n\t\t\t\t<td class=\"wp-one-novanta-table__body-cell\">\n\t\t\t\tGewicht im gekoppelten Zustand\t\t\t<\/td>\n\t\t\t\t\t\t\t<td class=\"wp-one-novanta-table__body-cell\">\n\t\t\t\t0.794 kg\t\t\t<\/td>\n\t\t\t\t<\/tr>\n\n\n\n<tr class=\"wp-one-novanta-table__body-row\">\n\t\t\t\t<td class=\"wp-one-novanta-table__body-cell\">\n\t\t\t\tBet\u00e4tigungsart\t\t\t<\/td>\n\t\t\t\t\t\t\t<td class=\"wp-one-novanta-table__body-cell\">\n\t\t\t\tHandbuch\t\t\t<\/td>\n\t\t\t\t<\/tr>\n\n\n\n<tr class=\"wp-one-novanta-table__body-row\">\n\t\t\t\t<td class=\"wp-one-novanta-table__body-cell\">\n\t\t\t\tRoboter Handgelenk Typ\t\t\t<\/td>\n\t\t\t\t\t\t\t<td class=\"wp-one-novanta-table__body-cell\">\n\t\t\t\tStandard\t\t\t<\/td>\n\t\t\t\t<\/tr>\n\n\n\n<tr class=\"wp-one-novanta-table__body-row\">\n\t\t\t\t<td class=\"wp-one-novanta-table__body-cell\">\n\t\t\t\tFarbe\t\t\t<\/td>\n\t\t\t\t\t\t\t<td class=\"wp-one-novanta-table__body-cell\">\n\t\t\t\tSchwarz\t\t\t<\/td>\n\t\t\t\t<\/tr>\n\n\n\n<tr class=\"wp-one-novanta-table__body-row\">\n\t\t\t\t<td class=\"wp-one-novanta-table__body-cell\">\n\t\t\t\tHafengewinde\t\t\t<\/td>\n\t\t\t\t\t\t\t<td class=\"wp-one-novanta-table__body-cell\">\n\t\t\t\tNPT-Gewinde\t\t\t<\/td>\n\t\t\t\t<\/tr>\n\n\t\t\t<\/tbody>\n\n\t\t<\/table>\n\n\t\t\n\t<div class=\"\n\t\twp-one-novanta-table__is-loading hidden\t\">\n\t\t<svg xmlns=\"http:\/\/www.w3.org\/2000\/svg\" width=\"32\" height=\"32\" viewBox=\"0 0 24 24\"><!-- Icon from SVG Spinners by Utkarsh Verma - https:\/\/github.com\/n3r4zzurr0\/svg-spinners\/blob\/main\/LICENSE --><path fill=\"currentColor\" d=\"M12,1A11,11,0,1,0,23,12,11,11,0,0,0,12,1Zm0,19a8,8,0,1,1,8-8A8,8,0,0,1,12,20Z\" opacity=\".25\" \/><path fill=\"currentColor\" d=\"M12,4a8,8,0,0,1,7.89,6.7A1.53,1.53,0,0,0,21.38,12h0a1.5,1.5,0,0,0,1.48-1.75,11,11,0,0,0-21.72,0A1.5,1.5,0,0,0,2.62,12h0a1.53,1.53,0,0,0,1.49-1.3A8,8,0,0,1,12,4Z\"><animateTransform attributeName=\"transform\" dur=\"0.75s\" repeatCount=\"indefinite\" type=\"rotate\" values=\"0 12 12;360 12 12\" \/><\/path><\/svg>\n\t<\/div>\n\n\t<\/figure>\n\n\t\n<\/div>\n\t\t\t\t<\/rt-tabs-tab>\n\n\t\t\t\t\t\t\t<rt-tabs-tab id=\"tab-dokumente-downloads-3\" >\n\t\t\t\t\t\n<div class=\"align wp-block-one-novanta-documents wp-one-novanta-table wp-one-novanta-table--has-background--secondary\">\n\n\t<div class=\"wp-one-novanta-table__header\">\n\t\t\n\t\n<div class=\"wp-one-novanta-table__filter one-novanta-filter-dropdown\" data-filter-column=\"2\">\n\n\t\t<button class=\"one-novanta-filter-dropdown__button wp-one-novanta-button wp-one-novanta-button--secondary\" aria-expanded=\"false\" type=\"button\">\n\t\t<span class=\"text\"><span class=\"one-novanta-filter-dropdown__selected\"><span class=\"has-medium-font-size one-novanta-filter-dropdown__selected-value-prefix\"><\/span><span class=\"has-medium-font-size one-novanta-filter-dropdown__selected-value\">Filtern nach Typ<\/span><\/span><\/span>\n\t\t\t\t\t<span class=\"wp-one-novanta-button__icon\">\n\t\t\t\t<svg xmlns=\"http:\/\/www.w3.org\/2000\/svg\" width=\"12\" height=\"8\" viewBox=\"0 0 12 8\" fill=\"none\"><path fill=\"currentColor\" d=\"M1.41.297 6 4.877l4.59-4.58L12 1.707l-6 6-6-6L1.41.297Z\" \/><\/svg>\t\t\t<\/span>\n\t\t\t<\/button>\n\t\n\t<ul class=\"one-novanta-filter-dropdown__dropdown-list is-hidden one-novanta-filter-dropdown__dropdown-list--left\" role=\"listbox\">\n\t\t<!-- Default option -->\n\t\t<li id=\"filter-option-0\" role=\"option\" class=\"selected wp-one-novanta-table__filter__option--default\">Filtern nach Typ<\/li>\n\n\t\t<!-- Options from column. -->\n\t\t\t\t\t<li id=\"filter-option-1\" role=\"option\">Zeichnungen<\/li>\n\t\t\t\t\t\t<li id=\"filter-option-2\" role=\"option\">Handb\u00fccher<\/li>\n\t\t\t\t<\/ul>\n<\/div>\n\t<\/div>\n\n\t<figure data-is-loading=\"false\">\n\n\t\t<table class=\"wp-one-novanta-table__wrapper\">\n\n\t\t\t<thead class=\"wp-one-novanta-table__head\">\n\t\t\t\t<tr class=\"wp-one-novanta-table__head-row\">\n\t\t\t\t\t\t\t\t\t\t\t<th class=\"wp-one-novanta-table__head-cell wp-one-novanta-table__head-cell__background-mid-gray\">Herunterladen<\/th>\n\t\t\t\t\t\t\t\t\t\t\t<th class=\"wp-one-novanta-table__head-cell wp-one-novanta-table__head-cell__background-mid-gray\">Typ herunterladen<\/th>\n\t\t\t\t\t\t\t\t\t\t\t<th class=\"wp-one-novanta-table__head-cell wp-one-novanta-table__head-cell__background-mid-gray\">Sprache<\/th>\n\t\t\t\t\t\t\t\t\t<\/tr>\n\t\t\t<\/thead>\n\n\t\t\t<tbody class=\"wp-one-novanta-table__body\">\n\t\t\t\n<tr class=\"wp-one-novanta-table__body-row\">\n\t\t\t\t<td class=\"wp-one-novanta-table__body-cell\">\n\t\t\t\tMC-16R Manueller Werkzeugwechsler Zeichnung\t\t\t<\/td>\n\t\t\t\t\t\t\t<td class=\"wp-one-novanta-table__body-cell\">\n\t\t\t\tZeichnungen\t\t\t<\/td>\n\t\t\t\t\t\t\t<td class=\"wp-one-novanta-table__body-cell\">\n\t\t\t\t<a href=\"https:\/\/ati.novanta.com\/wp-content\/uploads\/sites\/2\/2025\/05\/9630-20-MC16R.auto.pdf\" target=\"_blank\">Englisch<\/a>\t\t\t<\/td>\n\t\t\t\t<\/tr>\n\n<tr class=\"wp-one-novanta-table__body-row\">\n\t\t\t\t<td class=\"wp-one-novanta-table__body-cell\">\n\t\t\t\tMC-16R Ganzstahlmeister, Vollgewinde, Ratschenknopf, Anschl\u00fcsse entfernt, Zeichnung\t\t\t<\/td>\n\t\t\t\t\t\t\t<td class=\"wp-one-novanta-table__body-cell\">\n\t\t\t\tZeichnungen\t\t\t<\/td>\n\t\t\t\t\t\t\t<td class=\"wp-one-novanta-table__body-cell\">\n\t\t\t\t<a href=\"https:\/\/ati.novanta.com\/wp-content\/uploads\/sites\/2\/2025\/05\/9630-20-MC16R-NP.auto.pdf\" target=\"_blank\">Englisch<\/a>\t\t\t<\/td>\n\t\t\t\t<\/tr>\n\n<tr class=\"wp-one-novanta-table__body-row\">\n\t\t\t\t<td class=\"wp-one-novanta-table__body-cell\">\n\t\t\t\tMC-16R Manueller Werkzeugwechsler Handbuch\t\t\t<\/td>\n\t\t\t\t\t\t\t<td class=\"wp-one-novanta-table__body-cell\">\n\t\t\t\tHandb\u00fccher\t\t\t<\/td>\n\t\t\t\t\t\t\t<td class=\"wp-one-novanta-table__body-cell\">\n\t\t\t\t<a href=\"https:\/\/ati.novanta.com\/wp-content\/uploads\/sites\/2\/2025\/05\/9620-20-B-MC-16R-Tool-Changer-Manual.pdf\" target=\"_blank\">Englisch<\/a>\t\t\t<\/td>\n\t\t\t\t<\/tr>\n\t\t\t<\/tbody>\n\n\t\t<\/table>\n\n\t\t\n\t<div class=\"\n\t\twp-one-novanta-table__is-loading hidden\t\">\n\t\t<svg xmlns=\"http:\/\/www.w3.org\/2000\/svg\" width=\"32\" height=\"32\" viewBox=\"0 0 24 24\"><!-- Icon from SVG Spinners by Utkarsh Verma - https:\/\/github.com\/n3r4zzurr0\/svg-spinners\/blob\/main\/LICENSE --><path fill=\"currentColor\" d=\"M12,1A11,11,0,1,0,23,12,11,11,0,0,0,12,1Zm0,19a8,8,0,1,1,8-8A8,8,0,0,1,12,20Z\" opacity=\".25\" \/><path fill=\"currentColor\" d=\"M12,4a8,8,0,0,1,7.89,6.7A1.53,1.53,0,0,0,21.38,12h0a1.5,1.5,0,0,0,1.48-1.75,11,11,0,0,0-21.72,0A1.5,1.5,0,0,0,2.62,12h0a1.53,1.53,0,0,0,1.49-1.3A8,8,0,0,1,12,4Z\"><animateTransform attributeName=\"transform\" dur=\"0.75s\" repeatCount=\"indefinite\" type=\"rotate\" values=\"0 12 12;360 12 12\" \/><\/path><\/svg>\n\t<\/div>\n\n\t<\/figure>\n\n\t\n<\/div>\n\t\t\t\t<\/rt-tabs-tab>\n\n\t\t\t\t\t\t\t<rt-tabs-tab id=\"tab-3d-cad-modelle-4\" >\n\t\t\t\t\t\n<div class=\"wp-one-novanta-table wp-one-novanta-table--has-background--secondary\">\n\n\t<div class=\"wp-one-novanta-table__header\">\n\t\t\n\t\t<\/div>\n\n\t<figure data-is-loading=\"false\">\n\n\t\t<table class=\"wp-one-novanta-table__wrapper\">\n\n\t\t\t<thead class=\"wp-one-novanta-table__head\">\n\t\t\t\t<tr class=\"wp-one-novanta-table__head-row\">\n\t\t\t\t\t\t\t\t\t\t\t<th class=\"wp-one-novanta-table__head-cell wp-one-novanta-table__head-cell__background-mid-gray\">Herunterladen<\/th>\n\t\t\t\t\t\t\t\t\t\t\t<th class=\"wp-one-novanta-table__head-cell wp-one-novanta-table__head-cell__background-mid-gray\">Beschreibung<\/th>\n\t\t\t\t\t\t\t\t\t<\/tr>\n\t\t\t<\/thead>\n\n\t\t\t<tbody class=\"wp-one-novanta-table__body\">\n\t\t\t\n\n<tr class=\"wp-one-novanta-table__body-row\">\n\t\t\t\t<td class=\"wp-one-novanta-table__body-cell\">\n\t\t\t\t<a href='https:\/\/www.3dcontentcentral.com\/Model-Preview-Resp.aspx?catalogId=201&amp;name=9122-016RM-000' target='_blank'>9122-016RM-000<\/a>\t\t\t<\/td>\n\t\t\t\t\t\t\t<td class=\"wp-one-novanta-table__body-cell\">\n\t\t\t\tMC-16R Base Master NPT, Stahl mit Vollgewinde, Ratschenknopf\t\t\t<\/td>\n\t\t\t\t<\/tr>\n\n\n\n\t\t\t<\/tbody>\n\n\t\t<\/table>\n\n\t\t\n\t<div class=\"\n\t\twp-one-novanta-table__is-loading hidden\t\">\n\t\t<svg xmlns=\"http:\/\/www.w3.org\/2000\/svg\" width=\"32\" height=\"32\" viewBox=\"0 0 24 24\"><!-- Icon from SVG Spinners by Utkarsh Verma - https:\/\/github.com\/n3r4zzurr0\/svg-spinners\/blob\/main\/LICENSE --><path fill=\"currentColor\" d=\"M12,1A11,11,0,1,0,23,12,11,11,0,0,0,12,1Zm0,19a8,8,0,1,1,8-8A8,8,0,0,1,12,20Z\" opacity=\".25\" \/><path fill=\"currentColor\" d=\"M12,4a8,8,0,0,1,7.89,6.7A1.53,1.53,0,0,0,21.38,12h0a1.5,1.5,0,0,0,1.48-1.75,11,11,0,0,0-21.72,0A1.5,1.5,0,0,0,2.62,12h0a1.53,1.53,0,0,0,1.49-1.3A8,8,0,0,1,12,4Z\"><animateTransform attributeName=\"transform\" dur=\"0.75s\" repeatCount=\"indefinite\" type=\"rotate\" values=\"0 12 12;360 12 12\" \/><\/path><\/svg>\n\t<\/div>\n\n\t<\/figure>\n\n\t\n<\/div>\n\t\t\t\t<\/rt-tabs-tab>\n\n\t\t\t\n<\/rt-tabs>\n<\/div>\n<\/div>\n","protected":false},"excerpt":{"rendered":"<p>Die manuellen Werkzeugwechsler von ATI bieten eine einfache, zuverl\u00e4ssige L\u00f6sung f\u00fcr den schnellen Wechsel von Endeffektoren ohne Werkzeuge oder Strom. Sie sind auf einfache Bedienung und wiederholbare Ausrichtung ausgelegt, reduzieren Ausfallzeiten und verbessern die Flexibilit\u00e4t bei der Zusammenarbeit, im Labor oder bei Anwendungen mit geringem Volumen.<\/p>\n<ul>\n<li>(4) 1\/8 NPT Integrierte Luftdurchlass\u00f6ffnungen in einem kompakten Geh\u00e4use von 794 Gramm<\/li>\n<li>Schraubbarer Verriegelungsmechanismus (patentiert) sorgt f\u00fcr eine hohe Verriegelungskraft.<\/li>\n<li>Der Ratschenknopf sorgt f\u00fcr zus\u00e4tzliche Sicherheit in der verriegelten Position.<\/li>\n<li>Eine (1) Abflachung f\u00fcr die Montage von elektrischen Modulen f\u00fcr mehr Funktionalit\u00e4t verf\u00fcgbar<\/li>\n<li>Geeignet f\u00fcr 16 kg (35 lb) Nutzlast.<\/li>\n<\/ul>\n","protected":false},"featured_media":18387,"template":"","meta":{"_acf_changed":false,"is_product_deprecated":false,"new_product_name":"","new_product_url":""},"product_cat":[142,139],"product_tag":[],"class_list":{"0":"post-32416","1":"product","2":"type-product","3":"status-publish","4":"has-post-thumbnail","6":"product_cat-manual-tool-changers","7":"product_cat-tool-changers","9":"first","10":"instock","11":"shipping-taxable","12":"purchasable","13":"product-type-simple"},"acf":[],"yoast_head":"<!-- This site is optimized with the Yoast SEO Premium plugin v27.0 (Yoast SEO v27.3) - https:\/\/yoast.com\/product\/yoast-seo-premium-wordpress\/ -->\n<title>MC-16R Manueller Werkzeugwechsler - ATI Industrial Automation<\/title>\n<meta name=\"robots\" content=\"index, follow, max-snippet:-1, max-image-preview:large, max-video-preview:-1\" \/>\n<link rel=\"canonical\" href=\"https:\/\/ati.novanta.com\/de\/product\/tool-changers-mc-16r\/\" \/>\n<meta property=\"og:locale\" content=\"de_DE\" \/>\n<meta property=\"og:type\" content=\"article\" \/>\n<meta property=\"og:title\" content=\"MC-16R Manueller Werkzeugwechsler\" \/>\n<meta property=\"og:description\" content=\"Die manuellen Werkzeugwechsler von ATI bieten eine einfache, zuverl\u00e4ssige L\u00f6sung f\u00fcr den schnellen Wechsel von Endeffektoren ohne Werkzeuge oder Strom. Sie sind auf einfache Bedienung und wiederholbare Ausrichtung ausgelegt, reduzieren Ausfallzeiten und verbessern die Flexibilit\u00e4t bei der Zusammenarbeit, im Labor oder bei Anwendungen mit geringem Volumen.  (4) 1\/8 NPT Integrierte Luftdurchlass\u00f6ffnungen in einem kompakten Geh\u00e4use von 794 Gramm Schraubbarer Verriegelungsmechanismus (patentiert) sorgt f\u00fcr eine hohe Verriegelungskraft. Der Ratschenknopf sorgt f\u00fcr zus\u00e4tzliche Sicherheit in der verriegelten Position. Eine (1) Abflachung f\u00fcr die Montage von elektrischen Modulen f\u00fcr mehr Funktionalit\u00e4t verf\u00fcgbar Geeignet f\u00fcr 16 kg (35 lb) Nutzlast.\" \/>\n<meta property=\"og:url\" content=\"https:\/\/ati.novanta.com\/de\/product\/tool-changers-mc-16r\/\" \/>\n<meta property=\"og:site_name\" content=\"ATI Industrial Automation\" \/>\n<meta property=\"og:image\" content=\"https:\/\/ati.novanta.com\/wp-content\/uploads\/sites\/2\/2025\/05\/MC-16R.jpg?quality=85&strip=all&w=1200&h=675&crop=1\" \/>\n\t<meta property=\"og:image:width\" content=\"1920\" \/>\n\t<meta property=\"og:image:height\" content=\"640\" \/>\n\t<meta property=\"og:image:type\" content=\"image\/jpeg\" \/>\n<meta name=\"twitter:card\" content=\"summary_large_image\" \/>\n<meta name=\"twitter:label1\" content=\"Est. reading time\" \/>\n\t<meta name=\"twitter:data1\" content=\"1\u00a0Minute\" \/>\n<script type=\"application\/ld+json\" class=\"yoast-schema-graph\">{\"@context\":\"https:\\\/\\\/schema.org\",\"@graph\":[{\"@type\":\"WebPage\",\"@id\":\"https:\\\/\\\/ati.novanta.com\\\/de\\\/product\\\/tool-changers-mc-16r\\\/\",\"url\":\"https:\\\/\\\/ati.novanta.com\\\/de\\\/product\\\/tool-changers-mc-16r\\\/\",\"name\":\"MC-16R Manueller Werkzeugwechsler - ATI Industrial Automation\",\"isPartOf\":{\"@id\":\"https:\\\/\\\/ati.novanta.com\\\/#website\"},\"primaryImageOfPage\":{\"@id\":\"https:\\\/\\\/ati.novanta.com\\\/de\\\/product\\\/tool-changers-mc-16r\\\/#primaryimage\"},\"image\":{\"@id\":\"https:\\\/\\\/ati.novanta.com\\\/de\\\/product\\\/tool-changers-mc-16r\\\/#primaryimage\"},\"thumbnailUrl\":\"https:\\\/\\\/ati.novanta.com\\\/wp-content\\\/uploads\\\/sites\\\/2\\\/2025\\\/05\\\/ati-header-image.jpg?quality=85&strip=all\",\"datePublished\":\"2025-05-06T10:49:08+00:00\",\"breadcrumb\":{\"@id\":\"https:\\\/\\\/ati.novanta.com\\\/de\\\/product\\\/tool-changers-mc-16r\\\/#breadcrumb\"},\"inLanguage\":\"de\",\"potentialAction\":[{\"@type\":\"ReadAction\",\"target\":[\"https:\\\/\\\/ati.novanta.com\\\/de\\\/product\\\/tool-changers-mc-16r\\\/\"]}]},{\"@type\":\"ImageObject\",\"inLanguage\":\"de\",\"@id\":\"https:\\\/\\\/ati.novanta.com\\\/de\\\/product\\\/tool-changers-mc-16r\\\/#primaryimage\",\"url\":\"https:\\\/\\\/ati.novanta.com\\\/wp-content\\\/uploads\\\/sites\\\/2\\\/2025\\\/05\\\/ati-header-image.jpg?quality=85&strip=all\",\"contentUrl\":\"https:\\\/\\\/ati.novanta.com\\\/wp-content\\\/uploads\\\/sites\\\/2\\\/2025\\\/05\\\/ati-header-image.jpg?quality=85&strip=all\",\"width\":1920,\"height\":640},{\"@type\":\"BreadcrumbList\",\"@id\":\"https:\\\/\\\/ati.novanta.com\\\/de\\\/product\\\/tool-changers-mc-16r\\\/#breadcrumb\",\"itemListElement\":[{\"@type\":\"ListItem\",\"position\":1,\"name\":\"Home\",\"item\":\"https:\\\/\\\/ati.novanta.com\\\/de\\\/home\\\/\"},{\"@type\":\"ListItem\",\"position\":2,\"name\":\"Products\",\"item\":\"https:\\\/\\\/ati.novanta.com\\\/products\\\/\"},{\"@type\":\"ListItem\",\"position\":3,\"name\":\"MC-16R Manueller Werkzeugwechsler\"}]},{\"@type\":\"WebSite\",\"@id\":\"https:\\\/\\\/ati.novanta.com\\\/#website\",\"url\":\"https:\\\/\\\/ati.novanta.com\\\/\",\"name\":\"ATI Industrial Automation\",\"description\":\"\",\"publisher\":{\"@id\":\"https:\\\/\\\/ati.novanta.com\\\/#organization\"},\"potentialAction\":[{\"@type\":\"SearchAction\",\"target\":{\"@type\":\"EntryPoint\",\"urlTemplate\":\"https:\\\/\\\/ati.novanta.com\\\/?s={search_term_string}\"},\"query-input\":{\"@type\":\"PropertyValueSpecification\",\"valueRequired\":true,\"valueName\":\"search_term_string\"}}],\"inLanguage\":\"de\"},{\"@type\":\"Organization\",\"@id\":\"https:\\\/\\\/ati.novanta.com\\\/#organization\",\"name\":\"ATI Industrial Automation\",\"url\":\"https:\\\/\\\/ati.novanta.com\\\/\",\"logo\":{\"@type\":\"ImageObject\",\"inLanguage\":\"de\",\"@id\":\"https:\\\/\\\/ati.novanta.com\\\/#\\\/schema\\\/logo\\\/image\\\/\",\"url\":\"\",\"contentUrl\":\"\",\"caption\":\"ATI Industrial Automation\"},\"image\":{\"@id\":\"https:\\\/\\\/ati.novanta.com\\\/#\\\/schema\\\/logo\\\/image\\\/\"}}]}<\/script>\n<!-- \/ Yoast SEO Premium plugin. -->","yoast_head_json":{"title":"MC-16R Manueller Werkzeugwechsler - ATI Industrial Automation","robots":{"index":"index","follow":"follow","max-snippet":"max-snippet:-1","max-image-preview":"max-image-preview:large","max-video-preview":"max-video-preview:-1"},"canonical":"https:\/\/ati.novanta.com\/de\/product\/tool-changers-mc-16r\/","og_locale":"de_DE","og_type":"article","og_title":"MC-16R Manueller Werkzeugwechsler","og_description":"Die manuellen Werkzeugwechsler von ATI bieten eine einfache, zuverl\u00e4ssige L\u00f6sung f\u00fcr den schnellen Wechsel von Endeffektoren ohne Werkzeuge oder Strom. Sie sind auf einfache Bedienung und wiederholbare Ausrichtung ausgelegt, reduzieren Ausfallzeiten und verbessern die Flexibilit\u00e4t bei der Zusammenarbeit, im Labor oder bei Anwendungen mit geringem Volumen.  (4) 1\/8 NPT Integrierte Luftdurchlass\u00f6ffnungen in einem kompakten Geh\u00e4use von 794 Gramm Schraubbarer Verriegelungsmechanismus (patentiert) sorgt f\u00fcr eine hohe Verriegelungskraft. Der Ratschenknopf sorgt f\u00fcr zus\u00e4tzliche Sicherheit in der verriegelten Position. Eine (1) Abflachung f\u00fcr die Montage von elektrischen Modulen f\u00fcr mehr Funktionalit\u00e4t verf\u00fcgbar Geeignet f\u00fcr 16 kg (35 lb) Nutzlast.","og_url":"https:\/\/ati.novanta.com\/de\/product\/tool-changers-mc-16r\/","og_site_name":"ATI Industrial Automation","og_image":[{"width":1920,"height":640,"url":"https:\/\/ati.novanta.com\/wp-content\/uploads\/sites\/2\/2025\/05\/MC-16R.jpg?quality=85&strip=all&w=1200&h=675&crop=1","type":"image\/jpeg"}],"twitter_card":"summary_large_image","twitter_misc":{"Est. reading time":"1\u00a0Minute"},"schema":{"@context":"https:\/\/schema.org","@graph":[{"@type":"WebPage","@id":"https:\/\/ati.novanta.com\/de\/product\/tool-changers-mc-16r\/","url":"https:\/\/ati.novanta.com\/de\/product\/tool-changers-mc-16r\/","name":"MC-16R Manueller Werkzeugwechsler - ATI Industrial Automation","isPartOf":{"@id":"https:\/\/ati.novanta.com\/#website"},"primaryImageOfPage":{"@id":"https:\/\/ati.novanta.com\/de\/product\/tool-changers-mc-16r\/#primaryimage"},"image":{"@id":"https:\/\/ati.novanta.com\/de\/product\/tool-changers-mc-16r\/#primaryimage"},"thumbnailUrl":"https:\/\/ati.novanta.com\/wp-content\/uploads\/sites\/2\/2025\/05\/ati-header-image.jpg?quality=85&strip=all","datePublished":"2025-05-06T10:49:08+00:00","breadcrumb":{"@id":"https:\/\/ati.novanta.com\/de\/product\/tool-changers-mc-16r\/#breadcrumb"},"inLanguage":"de","potentialAction":[{"@type":"ReadAction","target":["https:\/\/ati.novanta.com\/de\/product\/tool-changers-mc-16r\/"]}]},{"@type":"ImageObject","inLanguage":"de","@id":"https:\/\/ati.novanta.com\/de\/product\/tool-changers-mc-16r\/#primaryimage","url":"https:\/\/ati.novanta.com\/wp-content\/uploads\/sites\/2\/2025\/05\/ati-header-image.jpg?quality=85&strip=all","contentUrl":"https:\/\/ati.novanta.com\/wp-content\/uploads\/sites\/2\/2025\/05\/ati-header-image.jpg?quality=85&strip=all","width":1920,"height":640},{"@type":"BreadcrumbList","@id":"https:\/\/ati.novanta.com\/de\/product\/tool-changers-mc-16r\/#breadcrumb","itemListElement":[{"@type":"ListItem","position":1,"name":"Home","item":"https:\/\/ati.novanta.com\/de\/home\/"},{"@type":"ListItem","position":2,"name":"Products","item":"https:\/\/ati.novanta.com\/products\/"},{"@type":"ListItem","position":3,"name":"MC-16R Manueller Werkzeugwechsler"}]},{"@type":"WebSite","@id":"https:\/\/ati.novanta.com\/#website","url":"https:\/\/ati.novanta.com\/","name":"ATI Industrial Automation","description":"","publisher":{"@id":"https:\/\/ati.novanta.com\/#organization"},"potentialAction":[{"@type":"SearchAction","target":{"@type":"EntryPoint","urlTemplate":"https:\/\/ati.novanta.com\/?s={search_term_string}"},"query-input":{"@type":"PropertyValueSpecification","valueRequired":true,"valueName":"search_term_string"}}],"inLanguage":"de"},{"@type":"Organization","@id":"https:\/\/ati.novanta.com\/#organization","name":"ATI Industrial Automation","url":"https:\/\/ati.novanta.com\/","logo":{"@type":"ImageObject","inLanguage":"de","@id":"https:\/\/ati.novanta.com\/#\/schema\/logo\/image\/","url":"","contentUrl":"","caption":"ATI Industrial Automation"},"image":{"@id":"https:\/\/ati.novanta.com\/#\/schema\/logo\/image\/"}}]}},"_links":{"self":[{"href":"https:\/\/ati.novanta.com\/de\/wp-json\/wp\/v2\/product\/32416","targetHints":{"allow":["GET"]}}],"collection":[{"href":"https:\/\/ati.novanta.com\/de\/wp-json\/wp\/v2\/product"}],"about":[{"href":"https:\/\/ati.novanta.com\/de\/wp-json\/wp\/v2\/types\/product"}],"wp:featuredmedia":[{"embeddable":true,"href":"https:\/\/ati.novanta.com\/de\/wp-json\/wp\/v2\/media\/18387"}],"wp:attachment":[{"href":"https:\/\/ati.novanta.com\/de\/wp-json\/wp\/v2\/media?parent=32416"}],"wp:term":[{"taxonomy":"product_cat","embeddable":true,"href":"https:\/\/ati.novanta.com\/de\/wp-json\/wp\/v2\/product_cat?post=32416"},{"taxonomy":"product_tag","embeddable":true,"href":"https:\/\/ati.novanta.com\/de\/wp-json\/wp\/v2\/product_tag?post=32416"}],"curies":[{"name":"wp","href":"https:\/\/api.w.org\/{rel}","templated":true}]}}