{"id":32428,"date":"2025-05-06T10:49:52","date_gmt":"2025-05-06T10:49:52","guid":{"rendered":"https:\/\/ati.novanta.com\/product\/qc-40q\/"},"modified":"2026-01-29T11:08:48","modified_gmt":"2026-01-29T11:08:48","slug":"qc-40q","status":"publish","type":"product","link":"https:\/\/ati.novanta.com\/de\/product\/qc-40q\/","title":{"rendered":"QC-40Q"},"content":{"rendered":"\n<ati-product-variation-content><\/ati-product-variation-content>\n","protected":false},"excerpt":{"rendered":"<p>Die Werkzeugwechsler von ATI erm\u00f6glichen den vollautomatischen Austausch von Endeffektoren mit sicherer Verriegelung, Durchreichen von Versorgungsleitungen und hoher Wiederholgenauigkeit. Sie sind f\u00fcr raue Umgebungen und hohe Betriebszyklen ausgelegt und erh\u00f6hen die Betriebszeit, Flexibilit\u00e4t und Produktivit\u00e4t in der Roboterautomation.<\/p>\n","protected":false},"featured_media":18387,"template":"","meta":{"_acf_changed":true,"is_product_deprecated":false,"new_product_name":"","new_product_url":""},"product_cat":[343,342],"product_tag":[],"class_list":{"0":"post-32428","1":"product","2":"type-product","3":"status-publish","4":"has-post-thumbnail","6":"product_cat-robotic-tool-changers","7":"product_cat-tool-changers","9":"first","10":"instock","11":"shipping-taxable","12":"purchasable","13":"product-type-variable","14":"has-default-attributes"},"acf":[],"yoast_head":"<!-- This site is optimized with the Yoast SEO Premium plugin v27.0 (Yoast SEO v27.3) - https:\/\/yoast.com\/product\/yoast-seo-premium-wordpress\/ -->\n<title>QC-40Q - ATI Industrial Automation<\/title>\n<meta name=\"robots\" content=\"index, follow, max-snippet:-1, max-image-preview:large, max-video-preview:-1\" \/>\n<link rel=\"canonical\" href=\"https:\/\/ati.novanta.com\/de\/product\/qc-40q\/\" \/>\n<meta property=\"og:locale\" content=\"de_DE\" \/>\n<meta property=\"og:type\" content=\"article\" \/>\n<meta property=\"og:title\" content=\"QC-40Q\" \/>\n<meta property=\"og:description\" content=\"Die Werkzeugwechsler von ATI erm\u00f6glichen den vollautomatischen Austausch von Endeffektoren mit sicherer Verriegelung, Durchreichen von Versorgungsleitungen und hoher Wiederholgenauigkeit. Sie sind f\u00fcr raue Umgebungen und hohe Betriebszyklen ausgelegt und erh\u00f6hen die Betriebszeit, Flexibilit\u00e4t und Produktivit\u00e4t in der Roboterautomation.\" \/>\n<meta property=\"og:url\" content=\"https:\/\/ati.novanta.com\/de\/product\/qc-40q\/\" \/>\n<meta property=\"og:site_name\" content=\"ATI Industrial Automation\" \/>\n<meta property=\"article:modified_time\" content=\"2026-01-29T11:08:48+00:00\" \/>\n<meta property=\"og:image\" content=\"https:\/\/ati.novanta.com\/wp-content\/uploads\/sites\/2\/2025\/05\/QC-40Q-E.jpg?quality=85&strip=all&w=1200&h=675&crop=1\" \/>\n\t<meta property=\"og:image:width\" content=\"1200\" \/>\n\t<meta property=\"og:image:height\" content=\"640\" \/>\n\t<meta property=\"og:image:type\" content=\"image\/jpeg\" \/>\n<meta name=\"twitter:card\" content=\"summary_large_image\" \/>\n<meta name=\"twitter:label1\" content=\"Est. reading time\" \/>\n\t<meta name=\"twitter:data1\" content=\"1\u00a0Minute\" \/>\n<script type=\"application\/ld+json\" class=\"yoast-schema-graph\">{\"@context\":\"https:\\\/\\\/schema.org\",\"@graph\":[{\"@type\":\"WebPage\",\"@id\":\"https:\\\/\\\/ati.novanta.com\\\/de\\\/product\\\/qc-40q\\\/\",\"url\":\"https:\\\/\\\/ati.novanta.com\\\/de\\\/product\\\/qc-40q\\\/\",\"name\":\"QC-40Q - ATI Industrial Automation\",\"isPartOf\":{\"@id\":\"https:\\\/\\\/ati.novanta.com\\\/#website\"},\"primaryImageOfPage\":{\"@id\":\"https:\\\/\\\/ati.novanta.com\\\/de\\\/product\\\/qc-40q\\\/#primaryimage\"},\"image\":{\"@id\":\"https:\\\/\\\/ati.novanta.com\\\/de\\\/product\\\/qc-40q\\\/#primaryimage\"},\"thumbnailUrl\":\"https:\\\/\\\/ati.novanta.com\\\/wp-content\\\/uploads\\\/sites\\\/2\\\/2025\\\/05\\\/ati-header-image.jpg?quality=85&strip=all\",\"datePublished\":\"2025-05-06T10:49:52+00:00\",\"dateModified\":\"2026-01-29T11:08:48+00:00\",\"breadcrumb\":{\"@id\":\"https:\\\/\\\/ati.novanta.com\\\/de\\\/product\\\/qc-40q\\\/#breadcrumb\"},\"inLanguage\":\"de\",\"potentialAction\":[{\"@type\":\"ReadAction\",\"target\":[\"https:\\\/\\\/ati.novanta.com\\\/de\\\/product\\\/qc-40q\\\/\"]}]},{\"@type\":\"ImageObject\",\"inLanguage\":\"de\",\"@id\":\"https:\\\/\\\/ati.novanta.com\\\/de\\\/product\\\/qc-40q\\\/#primaryimage\",\"url\":\"https:\\\/\\\/ati.novanta.com\\\/wp-content\\\/uploads\\\/sites\\\/2\\\/2025\\\/05\\\/ati-header-image.jpg?quality=85&strip=all\",\"contentUrl\":\"https:\\\/\\\/ati.novanta.com\\\/wp-content\\\/uploads\\\/sites\\\/2\\\/2025\\\/05\\\/ati-header-image.jpg?quality=85&strip=all\",\"width\":1920,\"height\":640},{\"@type\":\"BreadcrumbList\",\"@id\":\"https:\\\/\\\/ati.novanta.com\\\/de\\\/product\\\/qc-40q\\\/#breadcrumb\",\"itemListElement\":[{\"@type\":\"ListItem\",\"position\":1,\"name\":\"Home\",\"item\":\"https:\\\/\\\/ati.novanta.com\\\/de\\\/home\\\/\"},{\"@type\":\"ListItem\",\"position\":2,\"name\":\"Products\",\"item\":\"https:\\\/\\\/ati.novanta.com\\\/products\\\/\"},{\"@type\":\"ListItem\",\"position\":3,\"name\":\"QC-40Q\"}]},{\"@type\":\"WebSite\",\"@id\":\"https:\\\/\\\/ati.novanta.com\\\/#website\",\"url\":\"https:\\\/\\\/ati.novanta.com\\\/\",\"name\":\"ATI Industrial Automation\",\"description\":\"\",\"publisher\":{\"@id\":\"https:\\\/\\\/ati.novanta.com\\\/#organization\"},\"potentialAction\":[{\"@type\":\"SearchAction\",\"target\":{\"@type\":\"EntryPoint\",\"urlTemplate\":\"https:\\\/\\\/ati.novanta.com\\\/?s={search_term_string}\"},\"query-input\":{\"@type\":\"PropertyValueSpecification\",\"valueRequired\":true,\"valueName\":\"search_term_string\"}}],\"inLanguage\":\"de\"},{\"@type\":\"Organization\",\"@id\":\"https:\\\/\\\/ati.novanta.com\\\/#organization\",\"name\":\"ATI Industrial Automation\",\"url\":\"https:\\\/\\\/ati.novanta.com\\\/\",\"logo\":{\"@type\":\"ImageObject\",\"inLanguage\":\"de\",\"@id\":\"https:\\\/\\\/ati.novanta.com\\\/#\\\/schema\\\/logo\\\/image\\\/\",\"url\":\"\",\"contentUrl\":\"\",\"caption\":\"ATI Industrial Automation\"},\"image\":{\"@id\":\"https:\\\/\\\/ati.novanta.com\\\/#\\\/schema\\\/logo\\\/image\\\/\"}}]}<\/script>\n<!-- \/ Yoast SEO Premium plugin. -->","yoast_head_json":{"title":"QC-40Q - ATI Industrial Automation","robots":{"index":"index","follow":"follow","max-snippet":"max-snippet:-1","max-image-preview":"max-image-preview:large","max-video-preview":"max-video-preview:-1"},"canonical":"https:\/\/ati.novanta.com\/de\/product\/qc-40q\/","og_locale":"de_DE","og_type":"article","og_title":"QC-40Q","og_description":"Die Werkzeugwechsler von ATI erm\u00f6glichen den vollautomatischen Austausch von Endeffektoren mit sicherer Verriegelung, Durchreichen von Versorgungsleitungen und hoher Wiederholgenauigkeit. Sie sind f\u00fcr raue Umgebungen und hohe Betriebszyklen ausgelegt und erh\u00f6hen die Betriebszeit, Flexibilit\u00e4t und Produktivit\u00e4t in der Roboterautomation.","og_url":"https:\/\/ati.novanta.com\/de\/product\/qc-40q\/","og_site_name":"ATI Industrial Automation","article_modified_time":"2026-01-29T11:08:48+00:00","og_image":[{"width":1200,"height":640,"url":"https:\/\/ati.novanta.com\/wp-content\/uploads\/sites\/2\/2025\/05\/QC-40Q-E.jpg?quality=85&strip=all&w=1200&h=675&crop=1","type":"image\/jpeg"}],"twitter_card":"summary_large_image","twitter_misc":{"Est. reading time":"1\u00a0Minute"},"schema":{"@context":"https:\/\/schema.org","@graph":[{"@type":"WebPage","@id":"https:\/\/ati.novanta.com\/de\/product\/qc-40q\/","url":"https:\/\/ati.novanta.com\/de\/product\/qc-40q\/","name":"QC-40Q - ATI Industrial Automation","isPartOf":{"@id":"https:\/\/ati.novanta.com\/#website"},"primaryImageOfPage":{"@id":"https:\/\/ati.novanta.com\/de\/product\/qc-40q\/#primaryimage"},"image":{"@id":"https:\/\/ati.novanta.com\/de\/product\/qc-40q\/#primaryimage"},"thumbnailUrl":"https:\/\/ati.novanta.com\/wp-content\/uploads\/sites\/2\/2025\/05\/ati-header-image.jpg?quality=85&strip=all","datePublished":"2025-05-06T10:49:52+00:00","dateModified":"2026-01-29T11:08:48+00:00","breadcrumb":{"@id":"https:\/\/ati.novanta.com\/de\/product\/qc-40q\/#breadcrumb"},"inLanguage":"de","potentialAction":[{"@type":"ReadAction","target":["https:\/\/ati.novanta.com\/de\/product\/qc-40q\/"]}]},{"@type":"ImageObject","inLanguage":"de","@id":"https:\/\/ati.novanta.com\/de\/product\/qc-40q\/#primaryimage","url":"https:\/\/ati.novanta.com\/wp-content\/uploads\/sites\/2\/2025\/05\/ati-header-image.jpg?quality=85&strip=all","contentUrl":"https:\/\/ati.novanta.com\/wp-content\/uploads\/sites\/2\/2025\/05\/ati-header-image.jpg?quality=85&strip=all","width":1920,"height":640},{"@type":"BreadcrumbList","@id":"https:\/\/ati.novanta.com\/de\/product\/qc-40q\/#breadcrumb","itemListElement":[{"@type":"ListItem","position":1,"name":"Home","item":"https:\/\/ati.novanta.com\/de\/home\/"},{"@type":"ListItem","position":2,"name":"Products","item":"https:\/\/ati.novanta.com\/products\/"},{"@type":"ListItem","position":3,"name":"QC-40Q"}]},{"@type":"WebSite","@id":"https:\/\/ati.novanta.com\/#website","url":"https:\/\/ati.novanta.com\/","name":"ATI Industrial Automation","description":"","publisher":{"@id":"https:\/\/ati.novanta.com\/#organization"},"potentialAction":[{"@type":"SearchAction","target":{"@type":"EntryPoint","urlTemplate":"https:\/\/ati.novanta.com\/?s={search_term_string}"},"query-input":{"@type":"PropertyValueSpecification","valueRequired":true,"valueName":"search_term_string"}}],"inLanguage":"de"},{"@type":"Organization","@id":"https:\/\/ati.novanta.com\/#organization","name":"ATI Industrial Automation","url":"https:\/\/ati.novanta.com\/","logo":{"@type":"ImageObject","inLanguage":"de","@id":"https:\/\/ati.novanta.com\/#\/schema\/logo\/image\/","url":"","contentUrl":"","caption":"ATI Industrial Automation"},"image":{"@id":"https:\/\/ati.novanta.com\/#\/schema\/logo\/image\/"}}]}},"_links":{"self":[{"href":"https:\/\/ati.novanta.com\/de\/wp-json\/wp\/v2\/product\/32428","targetHints":{"allow":["GET"]}}],"collection":[{"href":"https:\/\/ati.novanta.com\/de\/wp-json\/wp\/v2\/product"}],"about":[{"href":"https:\/\/ati.novanta.com\/de\/wp-json\/wp\/v2\/types\/product"}],"wp:featuredmedia":[{"embeddable":true,"href":"https:\/\/ati.novanta.com\/de\/wp-json\/wp\/v2\/media\/18387"}],"wp:attachment":[{"href":"https:\/\/ati.novanta.com\/de\/wp-json\/wp\/v2\/media?parent=32428"}],"wp:term":[{"taxonomy":"product_cat","embeddable":true,"href":"https:\/\/ati.novanta.com\/de\/wp-json\/wp\/v2\/product_cat?post=32428"},{"taxonomy":"product_tag","embeddable":true,"href":"https:\/\/ati.novanta.com\/de\/wp-json\/wp\/v2\/product_tag?post=32428"}],"curies":[{"name":"wp","href":"https:\/\/api.w.org\/{rel}","templated":true}]}}