{"id":45163,"date":"2025-10-12T20:38:41","date_gmt":"2025-10-12T20:38:41","guid":{"rendered":"https:\/\/ati.novanta.com\/?page_id=45163"},"modified":"2025-10-12T20:38:41","modified_gmt":"2025-10-12T20:38:41","slug":"seleccion-de-un-sensor-de-colision","status":"publish","type":"page","link":"https:\/\/ati.novanta.com\/es\/products\/collision-sensors\/seleccion-de-un-sensor-de-colision\/","title":{"rendered":"Selecci\u00f3n de un sensor de colisi\u00f3n"},"content":{"rendered":"\n\n<div class=\"hero alignfull hero--wide hero--small has-overlay has-overlay-dark\">\n\t\t\t\t\t<figure class=\"hero__image-wrap\">\n\t\t\t\t<img decoding=\"async\" width=\"1920\" height=\"640\" src=\"https:\/\/ati.novanta.com\/wp-content\/uploads\/sites\/2\/2025\/05\/ati-header-image.jpg?quality=85&amp;strip=all&amp;w=1920\" class=\"attachment-design-max size-design-max\" alt=\"\" fetchpriority=\"high\" srcset=\"https:\/\/ati.novanta.com\/wp-content\/uploads\/sites\/2\/2025\/05\/ati-header-image.jpg?quality=85&amp;strip=all 1920w, https:\/\/ati.novanta.com\/wp-content\/uploads\/sites\/2\/2025\/05\/ati-header-image.jpg?resize=320%2C107&amp;quality=85&amp;strip=all 320w, https:\/\/ati.novanta.com\/wp-content\/uploads\/sites\/2\/2025\/05\/ati-header-image.jpg?resize=400%2C133&amp;quality=85&amp;strip=all 400w, https:\/\/ati.novanta.com\/wp-content\/uploads\/sites\/2\/2025\/05\/ati-header-image.jpg?resize=840%2C280&amp;quality=85&amp;strip=all 840w, https:\/\/ati.novanta.com\/wp-content\/uploads\/sites\/2\/2025\/05\/ati-header-image.jpg?resize=1200%2C400&amp;quality=85&amp;strip=all 1200w, https:\/\/ati.novanta.com\/wp-content\/uploads\/sites\/2\/2025\/05\/ati-header-image.jpg?resize=1680%2C560&amp;quality=85&amp;strip=all 1680w\" sizes=\"(max-width: 1920px) 100vw, 1920px\" \/>\t\t\t<\/figure>\n\t\t\t\n\t\n\t\n<div class=\"hero__content hero__content--vertical-align-middle\" style=\"--one-novanta-hero-pre-heading-acent-line-color: var(--wp--preset--color--primary)\">\n\t<div class=\"hero__content-wrap has-medium-font-size has-heading-font-family\">\n\t\t\t\t\t<p class=\"hero__pre-heading shiny-text\">\n\t\t\t\tSENSORES DE COLISI\u00d3N\t\t\t<\/p>\n\t\t\n\t\t<h1 class=\"hero__heading line-expanding has-display-font-size\">\n\t\t\tSelecci\u00f3n de un sensor de colisi\u00f3n\t\t<\/h1>\n\n\t\t<p><\/p>\t<\/div>\n<\/div>\n<\/div>\n\n\n\n<div class=\"alignfull is-layout-constrained wp-block-one-novanta-section-is-layout-constrained\" style=\"padding-top:var(--wp--preset--spacing--80);padding-bottom:var(--wp--preset--spacing--80)\">\n<div class=\"wp-block-one-novanta-section-heading alignwide\" style=\"margin-bottom:var(--wp--preset--spacing--40)\">\n<h2 class=\"wp-block-heading one-novanta-section__title has-xx-large-font-size\" id=\"h-how-to-select-a-protector-model\">C\u00f3mo seleccionar un modelo de protector<\/h2>\n<\/div>\n\n\n\n<div class=\"wp-block-one-novanta-section-content alignwide\">\n<p class=\"is-style-default\">Para que una aplicaci\u00f3n tenga \u00e9xito, el Protector elegido debe tener el tama\u00f1o adecuado. Para elegir un modelo, considere las cargas producidas debido al peso est\u00e1tico del utillaje, las cargas inerciales impuestas por el movimiento del robot y las cargas producidas por el efector final al realizar las tareas previstas. Una vez calculadas estas cargas y elegido un modelo espec\u00edfico, puede determinarse el ajuste de presi\u00f3n nominal para el punto de rotura. El ajuste de la presi\u00f3n de aire requerida debe estar f\u00e1cilmente disponible con una amplia capacidad de ajuste. Por ejemplo, un ajuste de presi\u00f3n calculado de 50 psi debe tener un rango ajustable de 25-75 psi.<\/p>\n\n\n\n<p>El proceso de selecci\u00f3n es el siguiente:<\/p>\n\n\n\n<h2 class=\"wp-block-heading is-style-default has-large-font-size\" id=\"h-1-calculate-applied-loads\">1. Calcular las cargas aplicadas:<\/h2>\n\n\n\n<p>La figura 1 puede utilizarse para convertir las fuerzas que act\u00faan sobre el utillaje del efector final en el momento, el par y las cargas axiales resultantes aplicadas al Protector. Utilice el diagrama de la figura 1 y las f\u00f3rmulas siguientes para calcular las cargas aplicadas en el peor de los casos para su aplicaci\u00f3n. Los tres casos de carga (axial, de par y de momento) deben evaluarse en funci\u00f3n de sus componentes de fuerza est\u00e1tica, din\u00e1mica y de trabajo.<\/p>\n\n\n\n<figure class=\"wp-block-image size-large\"><img loading=\"lazy\" decoding=\"async\" height=\"600\" width=\"1024\" src=\"https:\/\/ati.novanta.com\/wp-content\/uploads\/sites\/2\/2025\/10\/collision-sensor-loading-diagram.png?w=1024\" alt=\"\" class=\"wp-image-45154\" srcset=\"https:\/\/ati.novanta.com\/wp-content\/uploads\/sites\/2\/2025\/10\/collision-sensor-loading-diagram.png?quality=85&amp;strip=all 1320w, https:\/\/ati.novanta.com\/wp-content\/uploads\/sites\/2\/2025\/10\/collision-sensor-loading-diagram.png?resize=320%2C188&amp;quality=85&amp;strip=all 320w, https:\/\/ati.novanta.com\/wp-content\/uploads\/sites\/2\/2025\/10\/collision-sensor-loading-diagram.png?resize=400%2C235&amp;quality=85&amp;strip=all 400w, https:\/\/ati.novanta.com\/wp-content\/uploads\/sites\/2\/2025\/10\/collision-sensor-loading-diagram.png?resize=840%2C493&amp;quality=85&amp;strip=all 840w, https:\/\/ati.novanta.com\/wp-content\/uploads\/sites\/2\/2025\/10\/collision-sensor-loading-diagram.png?resize=1200%2C704&amp;quality=85&amp;strip=all 1200w\" sizes=\"auto, (max-width: 1024px) 100vw, 1024px\" \/><figcaption class=\"wp-element-caption\"><strong>Nota: <\/strong>No todas las fuerzas componentes (est\u00e1ticas, din\u00e1micas y de trabajo) est\u00e1n presentes durante todas las fases del programa del robot. Como resultado, las peores condiciones para las cargas axiales, de par y de momento pueden producirse en diferentes momentos del programa.<\/figcaption><\/figure>\n\n\n\n<p><strong>F\u00f3rmulas:<\/strong><\/p>\n\n\n\n<p class=\"has-medium-font-size\">     Carga Axial (F) = F2<\/p>\n\n\n\n<p class=\"has-medium-font-size\">     Par (T) = <em>F3*D3<\/em><\/p>\n\n\n\n<p class=\"has-medium-font-size\">     Momento (M) = \u221a( (F1D1)2 + (F2*D2)2 )<\/p>\n\n\n\n<p>(F1, F2 y F3 consisten en la suma de sus respectivos componentes de fuerza Est\u00e1tica, Din\u00e1mica y de Trabajo; y siempre deben ser positivos a efectos del c\u00e1lculo de los ajustes de presi\u00f3n de arranque)<\/p>\n\n\n\n<ul class=\"wp-block-list\">\n<li><strong>Fuerza est\u00e1tica: <\/strong>La carga aplicada por el peso de la herramienta mientras el brazo del robot est\u00e1 inactivo. Esto incluye el peso de todas las piezas fijadas al Protector, actuando en el centro de gravedad del conjunto a lo largo de la direcci\u00f3n de la gravedad.<\/li>\n\n\n\n<li><strong>Fuerza din\u00e1mica: <\/strong>La fuerza de inercia impuesta en el centro de gravedad del utillaje debido a la aceleraci\u00f3n del brazo rob\u00f3tico. Esta fuerza act\u00faa en la direcci\u00f3n opuesta al movimiento. Las fuerzas din\u00e1micas son aditivas a las fuerzas est\u00e1ticas y deben considerarse cuidadosamente para garantizar el dimensionamiento adecuado del protector.<\/li>\n\n\n\n<li><strong>Fuerza de trabajo:<\/strong> Las fuerzas se generan en la punta de la herramienta en condiciones normales de trabajo. Si se conocen estas fuerzas y su localizaci\u00f3n, pueden convertirse en cargas sobre el Protector utilizando la misma t\u00e9cnica.<\/li>\n<\/ul>\n\n\n\n<h2 class=\"wp-block-heading has-large-font-size\" id=\"h-choose-a-protector-model\">Elija un modelo de Protector:<\/h2>\n\n\n\n<p>Una vez conocidas las cargas aproximadas del paso uno, elija un modelo que tenga un momento nominal y un par nominal por encima de las cargas calculadas tanto en condiciones din\u00e1micas como de trabajo.<\/p>\n\n\n\n<p>3. Obtenga el ajuste de presi\u00f3n necesario:<\/p>\n\n\n\n<p>Para un modelo dado con cargas conocidas, el ajuste de presi\u00f3n requerido puede aproximarse a partir de la siguiente f\u00f3rmula:<\/p>\n\n\n\n<p class=\"has-medium-font-size\">p = PM + PT + PF<\/p>\n\n\n\n<p>Donde PM, PT y PF son los componentes de presi\u00f3n relacionados con los componentes de carga de momento, par y fuerza esperados en la rotura. PM, PT y PF se calculan utilizando las f\u00f3rmulas de las tablas siguientes, donde M, T y F son las cargas esperadas en el punto de corte de la presi\u00f3n ajustada.<\/p>\n\n\n\n<h2 class=\"wp-block-heading has-medium-font-size\" id=\"h-table-1-protector-pressure-setting-calculations\">Tabla 1: C\u00e1lculos de ajuste de la presi\u00f3n del protector<\/h2>\n\n\n\n<figure class=\"wp-block-table\"><table class=\"has-fixed-layout\"><thead><tr><th>Modelo<\/th><th>Momento<\/th><th>Par<\/th><th>Axial<\/th><\/tr><\/thead><tbody><tr><td><strong>SR-101<\/strong><\/td><td>(M x 0.0517)<\/td><td>(T x 0,0495) &#8211; 0,2<\/td><td>F x 0,00228<\/td><\/tr><tr><td><strong>SR-131<\/strong><\/td><td>(M x 0,0183)<\/td><td>(T x 0,0199) &#8211; 0,1<\/td><td>F x 0,00132<\/td><\/tr><tr><td><strong>SR-176<\/strong><\/td><td>(M x 0,0077)<\/td><td>(T x 0,0075) &#8211; 0,2<\/td><td>F x 0,00070<\/td><\/tr><tr><td><strong>SR-221<\/strong><\/td><td>(M x 0,0032)<\/td><td>(T x 0,0040) + 0,5<\/td><td>F x 0,00045<\/td><\/tr><tr><td><strong>SR-48<\/strong><\/td><td>(M x 1,0874) &#8211; 0,5<\/td><td>(T x 0,9267) &#8211; 0,2<\/td><td>F x 0,01435<\/td><\/tr><tr><td><strong>SR-61<\/strong><\/td><td>(M x 0,2294) &#8211; 0,2<\/td><td>(T x 0,2708) &#8211; 0,4<\/td><td>F x 0,00719<\/td><\/tr><tr><td><strong>SR-81<\/strong><\/td><td>(M x 0,1052)<\/td><td>(T x 0,1027) &#8211; 0,1<\/td><td>F x 0,00361<\/td><\/tr><tr><td><strong>SR-82<\/strong><\/td><td>(M x 0,1052)<\/td><td>(T x 0,1027) &#8211; 0,1<\/td><td>F x 0,00361<\/td><\/tr><\/tbody><\/table><\/figure>\n\n\n\n<p><strong>Ejemplo: <\/strong>Para un SR-81 con un momento de 100 lb-in, un par de 50 lb-in y una carga axial de 20 lbs, y una aceleraci\u00f3n de 2 G&#8217;s, el ajuste de presi\u00f3n se calcula como sigue<\/p>\n\n\n\n<p class=\"has-medium-font-size\">P = ((100*0.172) &#8211; 0.2) + ((50*0.168) &#8211; 0.8) + (20*0.233) + ((100*2*0.172) &#8211; 0.2) <br>   = 17 + 7.6 + 4.66 + 34.2<br>   = 63.46<\/p>\n\n\n\n<p>Se requiere un ajuste de presi\u00f3n de aire nominal de 63 psi.<\/p>\n<\/div>\n<\/div>\n\n\n\n<p><\/p>\n","protected":false},"excerpt":{"rendered":"","protected":false},"author":36,"featured_media":0,"parent":41364,"menu_order":0,"comment_status":"closed","ping_status":"closed","template":"","meta":{"_acf_changed":false,"footnotes":""},"class_list":["post-45163","page","type-page","status-publish","hentry"],"acf":[],"yoast_head":"<!-- This site is optimized with the Yoast SEO Premium plugin v27.0 (Yoast SEO v27.4) - https:\/\/yoast.com\/product\/yoast-seo-premium-wordpress\/ -->\n<title>Selecci\u00f3n de un sensor de colisi\u00f3n - ATI Industrial Automation<\/title>\n<meta name=\"robots\" content=\"index, follow, max-snippet:-1, max-image-preview:large, max-video-preview:-1\" \/>\n<link rel=\"canonical\" href=\"https:\/\/ati.novanta.com\/es\/products\/collision-sensors\/seleccion-de-un-sensor-de-colision\/\" \/>\n<meta property=\"og:locale\" content=\"es_MX\" \/>\n<meta property=\"og:type\" content=\"article\" \/>\n<meta property=\"og:title\" content=\"Selecci\u00f3n de un sensor de colisi\u00f3n\" \/>\n<meta property=\"og:url\" content=\"https:\/\/ati.novanta.com\/es\/products\/collision-sensors\/seleccion-de-un-sensor-de-colision\/\" \/>\n<meta property=\"og:site_name\" content=\"ATI Industrial Automation\" \/>\n<meta property=\"og:image\" content=\"https:\/\/ati.novanta.com\/wp-content\/uploads\/sites\/2\/2025\/10\/collision-sensor-loading-diagram.png?resize=1200,675\" \/>\n\t<meta property=\"og:image:width\" content=\"1200\" \/>\n\t<meta property=\"og:image:height\" content=\"675\" \/>\n\t<meta property=\"og:image:type\" content=\"image\/png\" \/>\n<meta name=\"twitter:card\" content=\"summary_large_image\" \/>\n<meta name=\"twitter:label1\" content=\"Est. reading time\" \/>\n\t<meta name=\"twitter:data1\" content=\"4 minutos\" \/>\n<script type=\"application\/ld+json\" class=\"yoast-schema-graph\">{\"@context\":\"https:\\\/\\\/schema.org\",\"@graph\":[{\"@type\":\"WebPage\",\"@id\":\"https:\\\/\\\/ati.novanta.com\\\/es\\\/products\\\/collision-sensors\\\/seleccion-de-un-sensor-de-colision\\\/\",\"url\":\"https:\\\/\\\/ati.novanta.com\\\/es\\\/products\\\/collision-sensors\\\/seleccion-de-un-sensor-de-colision\\\/\",\"name\":\"Selecci\u00f3n de un sensor de colisi\u00f3n - ATI Industrial Automation\",\"isPartOf\":{\"@id\":\"https:\\\/\\\/ati.novanta.com\\\/#website\"},\"primaryImageOfPage\":{\"@id\":\"https:\\\/\\\/ati.novanta.com\\\/es\\\/products\\\/collision-sensors\\\/seleccion-de-un-sensor-de-colision\\\/#primaryimage\"},\"image\":{\"@id\":\"https:\\\/\\\/ati.novanta.com\\\/es\\\/products\\\/collision-sensors\\\/seleccion-de-un-sensor-de-colision\\\/#primaryimage\"},\"thumbnailUrl\":\"https:\\\/\\\/ati.novanta.com\\\/wp-content\\\/uploads\\\/sites\\\/2\\\/2025\\\/10\\\/collision-sensor-loading-diagram.png?w=1024\",\"datePublished\":\"2025-10-12T20:38:41+00:00\",\"breadcrumb\":{\"@id\":\"https:\\\/\\\/ati.novanta.com\\\/es\\\/products\\\/collision-sensors\\\/seleccion-de-un-sensor-de-colision\\\/#breadcrumb\"},\"inLanguage\":\"es\",\"potentialAction\":[{\"@type\":\"ReadAction\",\"target\":[\"https:\\\/\\\/ati.novanta.com\\\/es\\\/products\\\/collision-sensors\\\/seleccion-de-un-sensor-de-colision\\\/\"]}]},{\"@type\":\"ImageObject\",\"inLanguage\":\"es\",\"@id\":\"https:\\\/\\\/ati.novanta.com\\\/es\\\/products\\\/collision-sensors\\\/seleccion-de-un-sensor-de-colision\\\/#primaryimage\",\"url\":\"https:\\\/\\\/ati.novanta.com\\\/wp-content\\\/uploads\\\/sites\\\/2\\\/2025\\\/10\\\/collision-sensor-loading-diagram.png?w=1024\",\"contentUrl\":\"https:\\\/\\\/ati.novanta.com\\\/wp-content\\\/uploads\\\/sites\\\/2\\\/2025\\\/10\\\/collision-sensor-loading-diagram.png?w=1024\"},{\"@type\":\"BreadcrumbList\",\"@id\":\"https:\\\/\\\/ati.novanta.com\\\/es\\\/products\\\/collision-sensors\\\/seleccion-de-un-sensor-de-colision\\\/#breadcrumb\",\"itemListElement\":[{\"@type\":\"ListItem\",\"position\":1,\"name\":\"Home\",\"item\":\"https:\\\/\\\/ati.novanta.com\\\/es\\\/home\\\/\"},{\"@type\":\"ListItem\",\"position\":2,\"name\":\"Productos\",\"item\":\"https:\\\/\\\/ati.novanta.com\\\/products\\\/\"},{\"@type\":\"ListItem\",\"position\":3,\"name\":\"Sensores de colisi\u00f3n\",\"item\":\"https:\\\/\\\/ati.novanta.com\\\/es\\\/products\\\/collision-sensors\\\/\"},{\"@type\":\"ListItem\",\"position\":4,\"name\":\"Selecci\u00f3n de un sensor de colisi\u00f3n\"}]},{\"@type\":\"WebSite\",\"@id\":\"https:\\\/\\\/ati.novanta.com\\\/#website\",\"url\":\"https:\\\/\\\/ati.novanta.com\\\/\",\"name\":\"ATI Industrial Automation\",\"description\":\"\",\"publisher\":{\"@id\":\"https:\\\/\\\/ati.novanta.com\\\/#organization\"},\"potentialAction\":[{\"@type\":\"SearchAction\",\"target\":{\"@type\":\"EntryPoint\",\"urlTemplate\":\"https:\\\/\\\/ati.novanta.com\\\/?s={search_term_string}\"},\"query-input\":{\"@type\":\"PropertyValueSpecification\",\"valueRequired\":true,\"valueName\":\"search_term_string\"}}],\"inLanguage\":\"es\"},{\"@type\":\"Organization\",\"@id\":\"https:\\\/\\\/ati.novanta.com\\\/#organization\",\"name\":\"ATI Industrial Automation\",\"url\":\"https:\\\/\\\/ati.novanta.com\\\/\",\"logo\":{\"@type\":\"ImageObject\",\"inLanguage\":\"es\",\"@id\":\"https:\\\/\\\/ati.novanta.com\\\/#\\\/schema\\\/logo\\\/image\\\/\",\"url\":\"\",\"contentUrl\":\"\",\"caption\":\"ATI Industrial Automation\"},\"image\":{\"@id\":\"https:\\\/\\\/ati.novanta.com\\\/#\\\/schema\\\/logo\\\/image\\\/\"}}]}<\/script>\n<!-- \/ Yoast SEO Premium plugin. -->","yoast_head_json":{"title":"Selecci\u00f3n de un sensor de colisi\u00f3n - ATI Industrial Automation","robots":{"index":"index","follow":"follow","max-snippet":"max-snippet:-1","max-image-preview":"max-image-preview:large","max-video-preview":"max-video-preview:-1"},"canonical":"https:\/\/ati.novanta.com\/es\/products\/collision-sensors\/seleccion-de-un-sensor-de-colision\/","og_locale":"es_MX","og_type":"article","og_title":"Selecci\u00f3n de un sensor de colisi\u00f3n","og_url":"https:\/\/ati.novanta.com\/es\/products\/collision-sensors\/seleccion-de-un-sensor-de-colision\/","og_site_name":"ATI Industrial Automation","og_image":[{"width":1200,"height":675,"url":"https:\/\/ati.novanta.com\/wp-content\/uploads\/sites\/2\/2025\/10\/collision-sensor-loading-diagram.png?resize=1200,675","type":"image\/png"}],"twitter_card":"summary_large_image","twitter_misc":{"Est. reading time":"4 minutos"},"schema":{"@context":"https:\/\/schema.org","@graph":[{"@type":"WebPage","@id":"https:\/\/ati.novanta.com\/es\/products\/collision-sensors\/seleccion-de-un-sensor-de-colision\/","url":"https:\/\/ati.novanta.com\/es\/products\/collision-sensors\/seleccion-de-un-sensor-de-colision\/","name":"Selecci\u00f3n de un sensor de colisi\u00f3n - ATI Industrial Automation","isPartOf":{"@id":"https:\/\/ati.novanta.com\/#website"},"primaryImageOfPage":{"@id":"https:\/\/ati.novanta.com\/es\/products\/collision-sensors\/seleccion-de-un-sensor-de-colision\/#primaryimage"},"image":{"@id":"https:\/\/ati.novanta.com\/es\/products\/collision-sensors\/seleccion-de-un-sensor-de-colision\/#primaryimage"},"thumbnailUrl":"https:\/\/ati.novanta.com\/wp-content\/uploads\/sites\/2\/2025\/10\/collision-sensor-loading-diagram.png?w=1024","datePublished":"2025-10-12T20:38:41+00:00","breadcrumb":{"@id":"https:\/\/ati.novanta.com\/es\/products\/collision-sensors\/seleccion-de-un-sensor-de-colision\/#breadcrumb"},"inLanguage":"es","potentialAction":[{"@type":"ReadAction","target":["https:\/\/ati.novanta.com\/es\/products\/collision-sensors\/seleccion-de-un-sensor-de-colision\/"]}]},{"@type":"ImageObject","inLanguage":"es","@id":"https:\/\/ati.novanta.com\/es\/products\/collision-sensors\/seleccion-de-un-sensor-de-colision\/#primaryimage","url":"https:\/\/ati.novanta.com\/wp-content\/uploads\/sites\/2\/2025\/10\/collision-sensor-loading-diagram.png?w=1024","contentUrl":"https:\/\/ati.novanta.com\/wp-content\/uploads\/sites\/2\/2025\/10\/collision-sensor-loading-diagram.png?w=1024"},{"@type":"BreadcrumbList","@id":"https:\/\/ati.novanta.com\/es\/products\/collision-sensors\/seleccion-de-un-sensor-de-colision\/#breadcrumb","itemListElement":[{"@type":"ListItem","position":1,"name":"Home","item":"https:\/\/ati.novanta.com\/es\/home\/"},{"@type":"ListItem","position":2,"name":"Productos","item":"https:\/\/ati.novanta.com\/products\/"},{"@type":"ListItem","position":3,"name":"Sensores de colisi\u00f3n","item":"https:\/\/ati.novanta.com\/es\/products\/collision-sensors\/"},{"@type":"ListItem","position":4,"name":"Selecci\u00f3n de un sensor de colisi\u00f3n"}]},{"@type":"WebSite","@id":"https:\/\/ati.novanta.com\/#website","url":"https:\/\/ati.novanta.com\/","name":"ATI Industrial Automation","description":"","publisher":{"@id":"https:\/\/ati.novanta.com\/#organization"},"potentialAction":[{"@type":"SearchAction","target":{"@type":"EntryPoint","urlTemplate":"https:\/\/ati.novanta.com\/?s={search_term_string}"},"query-input":{"@type":"PropertyValueSpecification","valueRequired":true,"valueName":"search_term_string"}}],"inLanguage":"es"},{"@type":"Organization","@id":"https:\/\/ati.novanta.com\/#organization","name":"ATI Industrial Automation","url":"https:\/\/ati.novanta.com\/","logo":{"@type":"ImageObject","inLanguage":"es","@id":"https:\/\/ati.novanta.com\/#\/schema\/logo\/image\/","url":"","contentUrl":"","caption":"ATI Industrial Automation"},"image":{"@id":"https:\/\/ati.novanta.com\/#\/schema\/logo\/image\/"}}]}},"parsely":{"version":"1.1.0","canonical_url":"https:\/\/novanta.com\/es\/products\/collision-sensors\/seleccion-de-un-sensor-de-colision\/","smart_links":{"inbound":0,"outbound":0},"traffic_boost_suggestions_count":0,"meta":{"@context":"https:\/\/schema.org","@type":"WebPage","headline":"Selecci\u00f3n de un sensor de colisi\u00f3n","url":"http:\/\/ati.novanta.com\/es\/products\/collision-sensors\/seleccion-de-un-sensor-de-colision\/","mainEntityOfPage":{"@type":"WebPage","@id":"http:\/\/ati.novanta.com\/es\/products\/collision-sensors\/seleccion-de-un-sensor-de-colision\/"},"thumbnailUrl":"","image":{"@type":"ImageObject","url":""},"articleSection":"Sin categor\u00eda","author":[{"@type":"Person","name":"evan"}],"creator":["evan"],"publisher":{"@type":"Organization","name":"ATI Industrial Automation","logo":""},"keywords":[],"dateCreated":"2025-10-12T20:38:41Z","datePublished":"2025-10-12T20:38:41Z","dateModified":"2025-10-12T20:38:41Z"},"rendered":"<script type=\"application\/ld+json\" class=\"wp-parsely-metadata\">{\"@context\":\"https:\\\/\\\/schema.org\",\"@type\":\"WebPage\",\"headline\":\"Selecci\\u00f3n de un sensor de colisi\\u00f3n\",\"url\":\"http:\\\/\\\/ati.novanta.com\\\/es\\\/products\\\/collision-sensors\\\/seleccion-de-un-sensor-de-colision\\\/\",\"mainEntityOfPage\":{\"@type\":\"WebPage\",\"@id\":\"http:\\\/\\\/ati.novanta.com\\\/es\\\/products\\\/collision-sensors\\\/seleccion-de-un-sensor-de-colision\\\/\"},\"thumbnailUrl\":\"\",\"image\":{\"@type\":\"ImageObject\",\"url\":\"\"},\"articleSection\":\"Sin categor\\u00eda\",\"author\":[{\"@type\":\"Person\",\"name\":\"evan\"}],\"creator\":[\"evan\"],\"publisher\":{\"@type\":\"Organization\",\"name\":\"ATI Industrial Automation\",\"logo\":\"\"},\"keywords\":[],\"dateCreated\":\"2025-10-12T20:38:41Z\",\"datePublished\":\"2025-10-12T20:38:41Z\",\"dateModified\":\"2025-10-12T20:38:41Z\"}<\/script>","tracker_url":"https:\/\/cdn.parsely.com\/keys\/novanta.com\/p.js"},"_links":{"self":[{"href":"https:\/\/ati.novanta.com\/es\/wp-json\/wp\/v2\/pages\/45163","targetHints":{"allow":["GET"]}}],"collection":[{"href":"https:\/\/ati.novanta.com\/es\/wp-json\/wp\/v2\/pages"}],"about":[{"href":"https:\/\/ati.novanta.com\/es\/wp-json\/wp\/v2\/types\/page"}],"author":[{"embeddable":true,"href":"https:\/\/ati.novanta.com\/es\/wp-json\/wp\/v2\/users\/36"}],"replies":[{"embeddable":true,"href":"https:\/\/ati.novanta.com\/es\/wp-json\/wp\/v2\/comments?post=45163"}],"version-history":[{"count":1,"href":"https:\/\/ati.novanta.com\/es\/wp-json\/wp\/v2\/pages\/45163\/revisions"}],"predecessor-version":[{"id":45165,"href":"https:\/\/ati.novanta.com\/es\/wp-json\/wp\/v2\/pages\/45163\/revisions\/45165"}],"up":[{"embeddable":true,"href":"https:\/\/ati.novanta.com\/es\/wp-json\/wp\/v2\/pages\/41364"}],"wp:attachment":[{"href":"https:\/\/ati.novanta.com\/es\/wp-json\/wp\/v2\/media?parent=45163"}],"curies":[{"name":"wp","href":"https:\/\/api.w.org\/{rel}","templated":true}]}}