{"id":35743,"date":"2025-06-06T19:22:32","date_gmt":"2025-06-06T19:22:32","guid":{"rendered":"https:\/\/ati.novanta.com\/products\/utility-couplers\/"},"modified":"2025-10-12T15:49:00","modified_gmt":"2025-10-12T15:49:00","slug":"utility-couplers","status":"publish","type":"page","link":"https:\/\/ati.novanta.com\/fr\/products\/utility-couplers\/","title":{"rendered":"Coupleurs utilitaires"},"content":{"rendered":"\n\n<div class=\"hero alignfull hero--wide hero--medium has-overlay has-overlay-dark\">\n\t\t\t\t\t<figure class=\"hero__image-wrap\">\n\t\t\t\t<img decoding=\"async\" width=\"2560\" height=\"1227\" src=\"https:\/\/ati.novanta.com\/wp-content\/uploads\/sites\/2\/2025\/06\/utility-coupler-featured-image.webp?quality=85&amp;strip=all&amp;w=2560\" class=\"attachment-design-max size-design-max\" alt=\"\" fetchpriority=\"high\" srcset=\"https:\/\/ati.novanta.com\/wp-content\/uploads\/sites\/2\/2025\/06\/utility-coupler-featured-image.webp?resize=320%2C153&amp;quality=85&amp;strip=all 320w, https:\/\/ati.novanta.com\/wp-content\/uploads\/sites\/2\/2025\/06\/utility-coupler-featured-image.webp?resize=400%2C192&amp;quality=85&amp;strip=all 400w, https:\/\/ati.novanta.com\/wp-content\/uploads\/sites\/2\/2025\/06\/utility-coupler-featured-image.webp?resize=840%2C403&amp;quality=85&amp;strip=all 840w, https:\/\/ati.novanta.com\/wp-content\/uploads\/sites\/2\/2025\/06\/utility-coupler-featured-image.webp?resize=1200%2C575&amp;quality=85&amp;strip=all 1200w, https:\/\/ati.novanta.com\/wp-content\/uploads\/sites\/2\/2025\/06\/utility-coupler-featured-image.webp?resize=1680%2C805&amp;quality=85&amp;strip=all 1680w, https:\/\/ati.novanta.com\/wp-content\/uploads\/sites\/2\/2025\/06\/utility-coupler-featured-image.webp?resize=1920%2C920&amp;quality=85&amp;strip=all 1920w\" sizes=\"(max-width: 2560px) 100vw, 2560px\" \/>\t\t\t<\/figure>\n\t\t\t\n\t\n\t\n<div class=\"hero__content hero__content--vertical-align-bottom\" style=\"--one-novanta-hero-pre-heading-acent-line-color: var(--wp--preset--color--primary)\">\n\t<div class=\"hero__content-wrap has-medium-font-size has-heading-font-family\">\n\t\t\t\t\t<p class=\"hero__pre-heading shiny-text\">\n\t\t\t\tProduits\t\t\t<\/p>\n\t\t\n\t\t<h1 class=\"hero__heading line-expanding has-display-font-size\">\n\t\t\tCoupleurs utilitaires\t\t<\/h1>\n\n\t\t<p><\/p>\t<\/div>\n<\/div>\n<\/div>\n\n\n\n<div class=\"alignfull large-text-block is-layout-constrained wp-block-one-novanta-section-is-layout-constrained\" style=\"padding-top:var(--wp--preset--spacing--80);padding-bottom:var(--wp--preset--spacing--80)\">\n<div class=\"wp-block-one-novanta-section-content alignwide\">\n<p class=\"large-text-block__text has-heading-font-family has-xx-large-font-size\" style=\"font-style:normal;font-weight:600\">Automatisez les changements d&rsquo;outils gr\u00e2ce \u00e0 un passage rapide et fiable des connexions d&rsquo;alimentation, de fluide et de signal.<\/p>\n<\/div>\n\n\n\n<div class=\"alignfull is-layout-constrained wp-block-one-novanta-section-is-layout-constrained\" style=\"padding-top:var(--wp--preset--spacing--40);padding-bottom:var(--wp--preset--spacing--40)\">\n<div class=\"wp-block-one-novanta-section-content alignwide\">\n<hr class=\"wp-block-separator has-alpha-channel-opacity\" style=\"margin-top:0;margin-bottom:0;padding-top:0;padding-bottom:0\"\/>\n<\/div>\n<\/div>\n\n\n\n<div class=\"alignfull is-layout-constrained wp-block-one-novanta-section-is-layout-constrained\" style=\"padding-top:var(--wp--preset--spacing--40);padding-bottom:var(--wp--preset--spacing--40)\">\n<div class=\"wp-block-one-novanta-section-content alignwide\">\n<div class=\"featured-content featured-content--media-align-right\" >\n\t\n<div class=\"featured-content__media\">\n\t\n<novanta-video class=\"novanta-video one-novanta-video-component\" thumbnail=\"static\" id=\"video_69ecc4e6e1474\">\n\t<figure class=\"novanta-video__thumbnail image-zoom-in\">\n\t\t\n<div class=\"media-lightbox\">\n\t<ati-media-lightbox>\n\t\t<rt-lightbox id=\"videolightbox_video_69ecc4e6e1474\" close-on-overlay-click=\"yes\" swipe=\"yes\" swipe-threshold=\"300\" class=\"media-lightbox__wrapper\">\n\t\t\t<dialog class=\"media-lightbox__dialog\">\n\t\t\t\t<div class=\"media-lightbox__content-wrapper\">\n\t\t\t\t\t<rt-lightbox-close class=\"media-lightbox__close\">\n\t\t\t\t\t\t<button class=\"media-lightbox__close-button\" aria-label=\"Fermer\">\n\t\t\t\t\t\t\t<svg xmlns=\"http:\/\/www.w3.org\/2000\/svg\" fill=\"none\" stroke=\"currentColor\" width=\"24\" height=\"24\" viewBox=\"0 0 24 24\"><path stroke-linecap=\"round\" stroke-linejoin=\"round\" d=\"M6 18 18 6M6 6l12 12\" \/><\/svg>\n\t\t\t\t\t\t<\/button>\n\t\t\t\t\t<\/rt-lightbox-close>\n\n\t\t\t\t\t<rt-lightbox-previous class=\"media-lightbox__navigation-previous\">\n\t\t\t\t\t\t<button class=\"media-lightbox__navigation-button\" aria-label=\"Pr\u00e9c\u00e9dent\">\n\t\t\t\t\t\t\t<svg xmlns=\"http:\/\/www.w3.org\/2000\/svg\" width=\"16\" height=\"30\" fill=\"none\" viewBox=\"0 0 16 30\"><path stroke=\"currentColor\" d=\"M.86.857 15.001 15 .858 29.142\" \/><\/svg>\t\t\t\t\t\t<\/button>\n\t\t\t\t\t<\/rt-lightbox-previous>\n\t\t\t\t\t<rt-lightbox-content class=\"media-lightbox__content\"><\/rt-lightbox-content>\n\t\t\t\t\t<rt-lightbox-next class=\"media-lightbox__navigation-next\">\n\t\t\t\t\t\t<button class=\"media-lightbox__navigation-button\" aria-label=\"Suivant\">\n\t\t\t\t\t\t\t<svg xmlns=\"http:\/\/www.w3.org\/2000\/svg\" width=\"16\" height=\"30\" fill=\"none\" viewBox=\"0 0 16 30\"><path stroke=\"currentColor\" d=\"M.86.857 15.001 15 .858 29.142\" \/><\/svg>\t\t\t\t\t\t<\/button>\n\t\t\t\t\t<\/rt-lightbox-next>\n\t\t\t\t\t\t\t\t\t\t<div class=\"media-lightbox__nav\"><\/div>\n\t\t\t\t<\/div>\n\t\t\t<\/dialog>\n\t\t<\/rt-lightbox>\n\t<\/ati-media-lightbox>\n\t<rt-lightbox-trigger lightbox=\"videolightbox_video_69ecc4e6e1474\" group=\"video-gallery-video_69ecc4e6e1474\" class=\"media-lightbox__trigger\">\n\t\t<button class=\"media-lightbox__trigger-button\" aria-label=\"Ouvrir la bo\u00eete \u00e0 lumi\u00e8re\">\n\t\t\t<figure class=\"media-lightbox__figure\">\n\t\t\t\t<img loading=\"lazy\" decoding=\"async\" style=\"object-position: 50% 50%\" width=\"840\" height=\"403\" src=\"https:\/\/ati.novanta.com\/wp-content\/uploads\/sites\/2\/2025\/06\/utility-coupler-featured-image.webp?quality=85&amp;strip=all&amp;w=840\" class=\"one-novanta-default-image novanta-video__static-thumbnail\" alt=\"\" srcset=\"https:\/\/ati.novanta.com\/wp-content\/uploads\/sites\/2\/2025\/06\/utility-coupler-featured-image.webp?resize=320%2C153&amp;quality=85&amp;strip=all 320w, https:\/\/ati.novanta.com\/wp-content\/uploads\/sites\/2\/2025\/06\/utility-coupler-featured-image.webp?resize=400%2C192&amp;quality=85&amp;strip=all 400w, https:\/\/ati.novanta.com\/wp-content\/uploads\/sites\/2\/2025\/06\/utility-coupler-featured-image.webp?resize=840%2C403&amp;quality=85&amp;strip=all 840w, https:\/\/ati.novanta.com\/wp-content\/uploads\/sites\/2\/2025\/06\/utility-coupler-featured-image.webp?resize=1200%2C575&amp;quality=85&amp;strip=all 1200w, https:\/\/ati.novanta.com\/wp-content\/uploads\/sites\/2\/2025\/06\/utility-coupler-featured-image.webp?resize=1680%2C805&amp;quality=85&amp;strip=all 1680w, https:\/\/ati.novanta.com\/wp-content\/uploads\/sites\/2\/2025\/06\/utility-coupler-featured-image.webp?resize=1920%2C920&amp;quality=85&amp;strip=all 1920w\" sizes=\"auto, (max-width: 840px) 100vw, 840px\" \/>\t\t\t\t\n\t\t\t\t\t\t\t<\/figure>\n\t\t<\/button>\n\t\t<template>\n\t\t\t\t\t\t\t\t\t\t\t<wistia-player media-id=\"apabudsyns\"><\/wistia-player>\n\t\t\t\t\t<\/template>\n\t<\/rt-lightbox-trigger>\n<\/div>\n\n\t\t\n\t\t<button class=\"novanta-video__play-button\" aria-label=\"Bouton de lecture vid\u00e9o\" type=\"button\">\n\t\t\t<svg xmlns=\"http:\/\/www.w3.org\/2000\/svg\" fill=\"none\" viewBox=\"0 0 166 166\"><path stroke=\"currentColor\" stroke-width=\"2\" d=\"M66.75 115.719V49.281L117.183 82.5 66.75 115.719Z\" \/><circle cx=\"83\" cy=\"83\" r=\"82\" stroke=\"currentColor\" stroke-width=\"2\" \/><\/svg>\n\t\t<\/button>\n\t<\/figure>\n<\/novanta-video>\n<\/div>\n\n<div class=\"featured-content__content\">\n\t\n\n<h2 class=\"wp-block-heading has-x-large-font-size\" id=\"h-why-ati-utility-couplers\">Pourquoi les coupleurs d&rsquo;utilit\u00e9 ATI ?<\/h2>\n\n\n\n<p class=\"has-normal-font-size\">Les coupleurs d&rsquo;utilit\u00e9 ATI simplifient la connexion des utilit\u00e9s &#8211; telles que les pneumatiques, les signaux \u00e9lectriques, le liquide de refroidissement ou le vide &#8211; entre un robot et ses outils ou l&rsquo;\u00e9quipement de traitement.<br><br>Con\u00e7us pour une utilisation automatis\u00e9e ou manuelle, ces coupleurs r\u00e9duisent le temps de cycle, \u00e9liminent les erreurs de reconnexion manuelle et assurent des connexions r\u00e9p\u00e9tables et sans fuite, m\u00eame dans des environnements industriels difficiles.<\/p>\n\n\n\n<div class=\"wp-block-buttons is-layout-flex wp-container-core-buttons-is-layout-6a34cae4 wp-block-buttons-is-layout-flex\">\n<div class=\"wp-block-button is-style-fill has-arrow\"><a class=\"wp-block-button__link wp-element-button\" href=\"https:\/\/ati.novanta.com\/fr\/product-category\/utility-couplers\/\">Parcourir les mod\u00e8les<\/a><\/div>\n\n\n\n<div class=\"wp-block-button is-style-outline has-arrow is-style-outline--1\"><a class=\"wp-block-button__link wp-element-button\" href=\"https:\/\/ati.novanta.com\/wp-content\/uploads\/sites\/2\/2025\/06\/ATI-Utility-Coupler-Application-Sheet.xlsx\">T\u00e9l\u00e9charger la fiche de travail<\/a><\/div>\n<\/div>\n\n<\/div>\n<\/div>\n<\/div>\n<\/div>\n<\/div>\n\n\n\n<div class=\"alignfull is-layout-constrained wp-block-one-novanta-section-is-layout-constrained\" style=\"padding-top:0;padding-bottom:0\">\n<div class=\"wp-block-one-novanta-section-heading alignwide\" style=\"margin-bottom:var(--wp--preset--spacing--40)\">\n<h2 class=\"wp-block-heading one-novanta-section__title has-xx-large-font-size\" id=\"h-utility-couplers\">Coupleurs utilitaires<\/h2>\n\n\n\n<p class=\"one-novanta-section__description has-medium-font-size has-heading-font-family\"><\/p>\n<\/div>\n\n\n\n<div class=\"wp-block-one-novanta-section-content alignwide\">\n<figure class=\"wp-block-table is-style-wp-novanta-quick-compare-table\"><table class=\"has-fixed-layout\"><thead><tr><th>Mod\u00e8le<\/th><th>Type de conformit\u00e9<\/th><th>Conformit\u00e9 X-Y<\/th><th>Type de verrouillage<\/th><th>Force de couplage min. Force de couplage*<\/th><th>Port #<\/th><th>Taille du port<\/th><th>Type de port<\/th><th>Type de module<\/th><th>Plats<\/th><\/tr><\/thead><tbody><tr><td><strong><a href=\"https:\/\/ati.novanta.com\/fr\/product\/utility-couplers-uc-ga2\/\">UC-GA2<\/a><\/strong><\/td><td>Aucun<\/td><td>SANS OBJET<\/td><td>Aucun<\/td><td>1400 N<\/td><td>10<\/td><td>G1\/4 ou 3\/8 NPT<\/td><td>Passage<\/td><td>Moyen<\/td><td>2<\/td><\/tr><tr><td><strong><a href=\"https:\/\/ati.novanta.com\/fr\/product\/utility-couplers-uc-gh1\/\">UC-GH1<\/a><\/strong><\/td><td>Aucun<\/td><td>SANS OBJET<\/td><td>Manuel<\/td><td>N\/A<\/td><td>4<\/td><td>3\/8<\/td><td>V\u00e9rifi\u00e9<\/td><td>Moyen<\/td><td>3<\/td><\/tr><tr><td><strong><a href=\"https:\/\/ati.novanta.com\/fr\/product\/utility-couplers-uc-gh2\/\">UC-GH2<\/a><\/strong><\/td><td>Aucun<\/td><td>SANS OBJET<\/td><td>Manuel<\/td><td>N\/A<\/td><td>16<\/td><td>M6<\/td><td>Passage<\/td><td>Moyen<\/td><td>N\/A<\/td><\/tr><tr><td><strong><a href=\"https:\/\/ati.novanta.com\/fr\/product\/utility-couplers-uc-gh3\/\">UC-GH3<\/a><\/strong><\/td><td>Aucun<\/td><td>SANS OBJET<\/td><td>Manuel<\/td><td>N\/A<\/td><td>8<\/td><td>M6<\/td><td>Passage<\/td><td>N\/A<\/td><td>N\/A<\/td><\/tr><tr><td><strong><a href=\"https:\/\/ati.novanta.com\/fr\/product\/utility-couplers-uc-gh5\/\">UC-GH5<\/a><\/strong><\/td><td>Aucun<\/td><td>N\/A<\/td><td>Manuel<\/td><td>N\/A<\/td><td>0<\/td><td>N\/A<\/td><td>N\/A<\/td><td>Moyennement<\/td><td>2<\/td><\/tr><tr><td><strong><a href=\"https:\/\/ati.novanta.com\/fr\/product\/utility-couplers-uc-gk1\/\">UC-GK1<\/a><\/strong><\/td><td>Int\u00e9gr\u00e9<\/td><td>\u00b13 mm<\/td><td>Aucun<\/td><td>180 N<\/td><td>0<\/td><td>N\/A<\/td><td>SANS OBJET<\/td><td>Moyenne<\/td><td>4<\/td><\/tr><tr><td><strong><a href=\"https:\/\/ati.novanta.com\/fr\/product\/utility-couplers-uc-gk2\/\">UC-GK2<\/a><\/strong><\/td><td>Int\u00e9gr\u00e9<\/td><td>\u00b14,1 mm<\/td><td>Aucun<\/td><td>980 N<\/td><td>2<\/td><td>3\/8<\/td><td>V\u00e9rifi\u00e9<\/td><td>Moyen<\/td><td>4<\/td><\/tr><tr><td><strong><a href=\"https:\/\/ati.novanta.com\/fr\/product\/utility-couplers-uc-gl2\/\">UC-GL2<\/a><\/strong><\/td><td>Int\u00e9gr\u00e9<\/td><td>\u00b14,1 mm<\/td><td>Aucun<\/td><td>2200 N<\/td><td>2<\/td><td>3\/4<\/td><td>Contr\u00f4l\u00e9<\/td><td>Lourd<\/td><td>N\/A<\/td><\/tr><tr><td><strong><a href=\"https:\/\/ati.novanta.com\/fr\/product\/utility-couplers-uc-gl2p\/\">UC-GL2P<\/a><\/strong><\/td><td>Int\u00e9gr\u00e9<\/td><td>\u00b14,1 mm<\/td><td>Aucun<\/td><td>2200 N<\/td><td>2<\/td><td>3\/4<\/td><td>Passage<\/td><td>Lourd<\/td><td>N\/A<\/td><\/tr><tr><td><strong><a href=\"https:\/\/ati.novanta.com\/fr\/product\/utility-couplers-uc-gl3\/\">UC-GL3<\/a><\/strong><\/td><td>Int\u00e9gr\u00e9<\/td><td>\u00b14,1 mm<\/td><td>Aucun<\/td><td>4400 N<\/td><td>4<\/td><td>3\/4<\/td><td>Contr\u00f4l\u00e9<\/td><td>Lourd<\/td><td>4<\/td><\/tr><tr><td><strong><a href=\"https:\/\/ati.novanta.com\/fr\/product\/utility-couplers-uc-gl5\/\">UC-GL5<\/a><\/strong><\/td><td>Int\u00e9gr\u00e9<\/td><td>\u00b14,1 mm<\/td><td>Aucun<\/td><td>2200 N<\/td><td>2<\/td><td>1\/2<\/td><td>V\u00e9rifi\u00e9<\/td><td>Lourd<\/td><td>4<\/td><\/tr><tr><td><strong><a href=\"https:\/\/ati.novanta.com\/fr\/product\/utility-couplers-uc-gl6l\/\">UC-GL6L<\/a><\/strong><\/td><td>Modulaire<\/td><td>\u00b17,6 mm<\/td><td>Automatique<\/td><td>SANS OBJET<\/td><td>4<\/td><td>1<\/td><td>Passage<\/td><td>Lourd<\/td><td>4<\/td><\/tr><\/tbody><\/table><figcaption class=\"wp-element-caption\">* Force minimale requise pour l&rsquo;accouplement \u00e0 80 psi (lbs)<\/figcaption><\/figure>\n<\/div>\n<\/div>\n\n\n\n<div class=\"alignfull has-background-background-color has-background is-layout-constrained wp-block-one-novanta-section-is-layout-constrained\" style=\"padding-top:var(--wp--preset--spacing--80);padding-bottom:var(--wp--preset--spacing--80)\">\n<div class=\"wp-block-one-novanta-section-content alignwide\">\n<div class=\"wp-block-one-novanta-media-text-cover media-text-cover alignwide media-text-cover--content-align-right\" >\n\n\t<figure class=\"media-text-cover__image-wrap\">\n\t\t<img loading=\"lazy\" decoding=\"async\" width=\"1680\" height=\"710\" src=\"https:\/\/ati.novanta.com\/wp-content\/uploads\/sites\/2\/2025\/05\/63e6eba529e1ef173f41fbfdb8d59f2b52b56010_52637d.png?quality=85&amp;strip=all&amp;w=1680\" class=\"attachment-design-xl size-design-xl\" alt=\"\" srcset=\"https:\/\/ati.novanta.com\/wp-content\/uploads\/sites\/2\/2025\/05\/63e6eba529e1ef173f41fbfdb8d59f2b52b56010_52637d.png?quality=85&amp;strip=all 1680w, https:\/\/ati.novanta.com\/wp-content\/uploads\/sites\/2\/2025\/05\/63e6eba529e1ef173f41fbfdb8d59f2b52b56010_52637d.png?resize=320%2C135&amp;quality=85&amp;strip=all 320w, https:\/\/ati.novanta.com\/wp-content\/uploads\/sites\/2\/2025\/05\/63e6eba529e1ef173f41fbfdb8d59f2b52b56010_52637d.png?resize=400%2C169&amp;quality=85&amp;strip=all 400w, https:\/\/ati.novanta.com\/wp-content\/uploads\/sites\/2\/2025\/05\/63e6eba529e1ef173f41fbfdb8d59f2b52b56010_52637d.png?resize=840%2C355&amp;quality=85&amp;strip=all 840w, https:\/\/ati.novanta.com\/wp-content\/uploads\/sites\/2\/2025\/05\/63e6eba529e1ef173f41fbfdb8d59f2b52b56010_52637d.png?resize=1200%2C507&amp;quality=85&amp;strip=all 1200w\" sizes=\"auto, (max-width: 1680px) 100vw, 1680px\" \/>\t<\/figure>\n\n\t\t\t<div class=\"media-text-cover__content has-medium-font-size has-heading-font-family\">\n\t\t\t\n\t\t\t<h2 class=\"media-text-cover__heading has-xxx-large-font-size\">\n\t\t\t\tParler \u00e0 un expert\t\t\t<\/h2>\n\n\t\t\t<p>Pr\u00eat \u00e0 relever vos d\u00e9fis et \u00e0 exploiter tout le potentiel de vos applications robotiques ? Contactez notre \u00e9quipe d&rsquo;experts d\u00e8s aujourd&rsquo;hui.<\/p>\n\n<div class=\"wp-block-buttons is-layout-flex wp-block-buttons-is-layout-flex\">\n<div class=\"wp-block-button is-style-fill has-arrow\"><a class=\"wp-block-button__link wp-element-button\" href=\"https:\/\/ati.novanta.com\/fr\/talk-to-an-expert\/\">Nous contacter<\/a><\/div>\n<\/div>\n\n\t\t<\/div>\n\t<\/div>\n<\/div>\n<\/div>\n","protected":false},"excerpt":{"rendered":"","protected":false},"author":36,"featured_media":0,"parent":35676,"menu_order":0,"comment_status":"closed","ping_status":"closed","template":"","meta":{"_acf_changed":false,"footnotes":""},"class_list":["post-35743","page","type-page","status-publish","hentry"],"acf":[],"yoast_head":"<!-- This site is optimized with the Yoast SEO Premium plugin v27.0 (Yoast SEO v27.3) - https:\/\/yoast.com\/product\/yoast-seo-premium-wordpress\/ -->\n<title>Coupleurs utilitaires - ATI Industrial Automation<\/title>\n<meta name=\"robots\" content=\"index, follow, max-snippet:-1, max-image-preview:large, max-video-preview:-1\" \/>\n<link rel=\"canonical\" href=\"https:\/\/ati.novanta.com\/fr\/products\/utility-couplers\/\" \/>\n<meta property=\"og:locale\" content=\"fr_FR\" \/>\n<meta property=\"og:type\" content=\"article\" \/>\n<meta property=\"og:title\" content=\"Coupleurs utilitaires\" \/>\n<meta property=\"og:url\" content=\"https:\/\/ati.novanta.com\/fr\/products\/utility-couplers\/\" \/>\n<meta property=\"og:site_name\" content=\"ATI Industrial Automation\" \/>\n<meta property=\"article:modified_time\" content=\"2025-10-12T15:49:00+00:00\" \/>\n<meta property=\"og:image\" content=\"https:\/\/ati.novanta.com\/wp-content\/uploads\/sites\/2\/2026\/01\/ati-logo_1024x1024.png?resize=1024,675\" \/>\n\t<meta property=\"og:image:width\" content=\"1024\" \/>\n\t<meta property=\"og:image:height\" content=\"675\" \/>\n\t<meta property=\"og:image:type\" content=\"image\/png\" \/>\n<meta name=\"twitter:card\" content=\"summary_large_image\" \/>\n<meta name=\"twitter:label1\" content=\"Est. reading time\" \/>\n\t<meta name=\"twitter:data1\" content=\"2 minutes\" \/>\n<script type=\"application\/ld+json\" class=\"yoast-schema-graph\">{\"@context\":\"https:\\\/\\\/schema.org\",\"@graph\":[{\"@type\":\"WebPage\",\"@id\":\"https:\\\/\\\/ati.novanta.com\\\/fr\\\/products\\\/utility-couplers\\\/\",\"url\":\"https:\\\/\\\/ati.novanta.com\\\/fr\\\/products\\\/utility-couplers\\\/\",\"name\":\"Coupleurs utilitaires - ATI Industrial Automation\",\"isPartOf\":{\"@id\":\"https:\\\/\\\/ati.novanta.com\\\/#website\"},\"datePublished\":\"2025-06-06T19:22:32+00:00\",\"dateModified\":\"2025-10-12T15:49:00+00:00\",\"breadcrumb\":{\"@id\":\"https:\\\/\\\/ati.novanta.com\\\/fr\\\/products\\\/utility-couplers\\\/#breadcrumb\"},\"inLanguage\":\"fr-FR\",\"potentialAction\":[{\"@type\":\"ReadAction\",\"target\":[\"https:\\\/\\\/ati.novanta.com\\\/fr\\\/products\\\/utility-couplers\\\/\"]}]},{\"@type\":\"BreadcrumbList\",\"@id\":\"https:\\\/\\\/ati.novanta.com\\\/fr\\\/products\\\/utility-couplers\\\/#breadcrumb\",\"itemListElement\":[{\"@type\":\"ListItem\",\"position\":1,\"name\":\"Home\",\"item\":\"https:\\\/\\\/ati.novanta.com\\\/fr\\\/home\\\/\"},{\"@type\":\"ListItem\",\"position\":2,\"name\":\"Produits\",\"item\":\"https:\\\/\\\/ati.novanta.com\\\/products\\\/\"},{\"@type\":\"ListItem\",\"position\":3,\"name\":\"Coupleurs utilitaires\"}]},{\"@type\":\"WebSite\",\"@id\":\"https:\\\/\\\/ati.novanta.com\\\/#website\",\"url\":\"https:\\\/\\\/ati.novanta.com\\\/\",\"name\":\"ATI Industrial Automation\",\"description\":\"\",\"publisher\":{\"@id\":\"https:\\\/\\\/ati.novanta.com\\\/#organization\"},\"potentialAction\":[{\"@type\":\"SearchAction\",\"target\":{\"@type\":\"EntryPoint\",\"urlTemplate\":\"https:\\\/\\\/ati.novanta.com\\\/?s={search_term_string}\"},\"query-input\":{\"@type\":\"PropertyValueSpecification\",\"valueRequired\":true,\"valueName\":\"search_term_string\"}}],\"inLanguage\":\"fr-FR\"},{\"@type\":\"Organization\",\"@id\":\"https:\\\/\\\/ati.novanta.com\\\/#organization\",\"name\":\"ATI Industrial Automation\",\"url\":\"https:\\\/\\\/ati.novanta.com\\\/\",\"logo\":{\"@type\":\"ImageObject\",\"inLanguage\":\"fr-FR\",\"@id\":\"https:\\\/\\\/ati.novanta.com\\\/#\\\/schema\\\/logo\\\/image\\\/\",\"url\":\"\",\"contentUrl\":\"\",\"caption\":\"ATI Industrial Automation\"},\"image\":{\"@id\":\"https:\\\/\\\/ati.novanta.com\\\/#\\\/schema\\\/logo\\\/image\\\/\"}}]}<\/script>\n<!-- \/ Yoast SEO Premium plugin. -->","yoast_head_json":{"title":"Coupleurs utilitaires - ATI Industrial Automation","robots":{"index":"index","follow":"follow","max-snippet":"max-snippet:-1","max-image-preview":"max-image-preview:large","max-video-preview":"max-video-preview:-1"},"canonical":"https:\/\/ati.novanta.com\/fr\/products\/utility-couplers\/","og_locale":"fr_FR","og_type":"article","og_title":"Coupleurs utilitaires","og_url":"https:\/\/ati.novanta.com\/fr\/products\/utility-couplers\/","og_site_name":"ATI Industrial Automation","article_modified_time":"2025-10-12T15:49:00+00:00","og_image":[{"width":1024,"height":675,"url":"https:\/\/ati.novanta.com\/wp-content\/uploads\/sites\/2\/2026\/01\/ati-logo_1024x1024.png?resize=1024,675","type":"image\/png"}],"twitter_card":"summary_large_image","twitter_misc":{"Est. reading time":"2 minutes"},"schema":{"@context":"https:\/\/schema.org","@graph":[{"@type":"WebPage","@id":"https:\/\/ati.novanta.com\/fr\/products\/utility-couplers\/","url":"https:\/\/ati.novanta.com\/fr\/products\/utility-couplers\/","name":"Coupleurs utilitaires - ATI Industrial Automation","isPartOf":{"@id":"https:\/\/ati.novanta.com\/#website"},"datePublished":"2025-06-06T19:22:32+00:00","dateModified":"2025-10-12T15:49:00+00:00","breadcrumb":{"@id":"https:\/\/ati.novanta.com\/fr\/products\/utility-couplers\/#breadcrumb"},"inLanguage":"fr-FR","potentialAction":[{"@type":"ReadAction","target":["https:\/\/ati.novanta.com\/fr\/products\/utility-couplers\/"]}]},{"@type":"BreadcrumbList","@id":"https:\/\/ati.novanta.com\/fr\/products\/utility-couplers\/#breadcrumb","itemListElement":[{"@type":"ListItem","position":1,"name":"Home","item":"https:\/\/ati.novanta.com\/fr\/home\/"},{"@type":"ListItem","position":2,"name":"Produits","item":"https:\/\/ati.novanta.com\/products\/"},{"@type":"ListItem","position":3,"name":"Coupleurs utilitaires"}]},{"@type":"WebSite","@id":"https:\/\/ati.novanta.com\/#website","url":"https:\/\/ati.novanta.com\/","name":"ATI Industrial Automation","description":"","publisher":{"@id":"https:\/\/ati.novanta.com\/#organization"},"potentialAction":[{"@type":"SearchAction","target":{"@type":"EntryPoint","urlTemplate":"https:\/\/ati.novanta.com\/?s={search_term_string}"},"query-input":{"@type":"PropertyValueSpecification","valueRequired":true,"valueName":"search_term_string"}}],"inLanguage":"fr-FR"},{"@type":"Organization","@id":"https:\/\/ati.novanta.com\/#organization","name":"ATI Industrial Automation","url":"https:\/\/ati.novanta.com\/","logo":{"@type":"ImageObject","inLanguage":"fr-FR","@id":"https:\/\/ati.novanta.com\/#\/schema\/logo\/image\/","url":"","contentUrl":"","caption":"ATI Industrial Automation"},"image":{"@id":"https:\/\/ati.novanta.com\/#\/schema\/logo\/image\/"}}]}},"parsely":{"version":"1.1.0","canonical_url":"https:\/\/novanta.com\/fr\/products\/utility-couplers\/","smart_links":{"inbound":0,"outbound":0},"traffic_boost_suggestions_count":0,"meta":{"@context":"https:\/\/schema.org","@type":"WebPage","headline":"Coupleurs utilitaires","url":"http:\/\/ati.novanta.com\/fr\/products\/utility-couplers\/","mainEntityOfPage":{"@type":"WebPage","@id":"http:\/\/ati.novanta.com\/fr\/products\/utility-couplers\/"},"thumbnailUrl":"","image":{"@type":"ImageObject","url":""},"articleSection":"Non cat\u00e9goris\u00e9","author":[{"@type":"Person","name":"evan"}],"creator":["evan"],"publisher":{"@type":"Organization","name":"ATI Industrial Automation","logo":""},"keywords":[],"dateCreated":"2025-06-06T19:22:32Z","datePublished":"2025-06-06T19:22:32Z","dateModified":"2025-10-12T15:49:00Z"},"rendered":"<script type=\"application\/ld+json\" class=\"wp-parsely-metadata\">{\"@context\":\"https:\\\/\\\/schema.org\",\"@type\":\"WebPage\",\"headline\":\"Coupleurs utilitaires\",\"url\":\"http:\\\/\\\/ati.novanta.com\\\/fr\\\/products\\\/utility-couplers\\\/\",\"mainEntityOfPage\":{\"@type\":\"WebPage\",\"@id\":\"http:\\\/\\\/ati.novanta.com\\\/fr\\\/products\\\/utility-couplers\\\/\"},\"thumbnailUrl\":\"\",\"image\":{\"@type\":\"ImageObject\",\"url\":\"\"},\"articleSection\":\"Non cat\\u00e9goris\\u00e9\",\"author\":[{\"@type\":\"Person\",\"name\":\"evan\"}],\"creator\":[\"evan\"],\"publisher\":{\"@type\":\"Organization\",\"name\":\"ATI Industrial Automation\",\"logo\":\"\"},\"keywords\":[],\"dateCreated\":\"2025-06-06T19:22:32Z\",\"datePublished\":\"2025-06-06T19:22:32Z\",\"dateModified\":\"2025-10-12T15:49:00Z\"}<\/script>","tracker_url":"https:\/\/cdn.parsely.com\/keys\/novanta.com\/p.js"},"_links":{"self":[{"href":"https:\/\/ati.novanta.com\/fr\/wp-json\/wp\/v2\/pages\/35743","targetHints":{"allow":["GET"]}}],"collection":[{"href":"https:\/\/ati.novanta.com\/fr\/wp-json\/wp\/v2\/pages"}],"about":[{"href":"https:\/\/ati.novanta.com\/fr\/wp-json\/wp\/v2\/types\/page"}],"author":[{"embeddable":true,"href":"https:\/\/ati.novanta.com\/fr\/wp-json\/wp\/v2\/users\/36"}],"replies":[{"embeddable":true,"href":"https:\/\/ati.novanta.com\/fr\/wp-json\/wp\/v2\/comments?post=35743"}],"version-history":[{"count":1,"href":"https:\/\/ati.novanta.com\/fr\/wp-json\/wp\/v2\/pages\/35743\/revisions"}],"predecessor-version":[{"id":45070,"href":"https:\/\/ati.novanta.com\/fr\/wp-json\/wp\/v2\/pages\/35743\/revisions\/45070"}],"up":[{"embeddable":true,"href":"https:\/\/ati.novanta.com\/fr\/wp-json\/wp\/v2\/pages\/35676"}],"wp:attachment":[{"href":"https:\/\/ati.novanta.com\/fr\/wp-json\/wp\/v2\/media?parent=35743"}],"curies":[{"name":"wp","href":"https:\/\/api.w.org\/{rel}","templated":true}]}}