{"id":38052,"date":"2025-05-06T10:49:51","date_gmt":"2025-05-06T10:49:51","guid":{"rendered":"https:\/\/ati.novanta.com\/product\/qc-7\/"},"modified":"2025-05-06T10:49:51","modified_gmt":"2025-05-06T10:49:51","slug":"qc-7","status":"publish","type":"product","link":"https:\/\/ati.novanta.com\/fr\/product\/qc-7\/","title":{"rendered":"QC-7"},"content":{"rendered":"\n<ati-product-variation-content><\/ati-product-variation-content>\n","protected":false},"excerpt":{"rendered":"<p>Les changeurs d&rsquo;outils robotis\u00e9s ATI permettent un \u00e9change enti\u00e8rement automatis\u00e9 de l&rsquo;extr\u00e9mit\u00e9 de l&rsquo;effecteur avec un verrouillage s\u00e9curis\u00e9, un passage de l&rsquo;utilitaire et une haute r\u00e9p\u00e9tabilit\u00e9. Con\u00e7us pour les environnements difficiles et les cycles \u00e9lev\u00e9s, ils augmentent le temps de fonctionnement, la flexibilit\u00e9 et la productivit\u00e9 de l&rsquo;automatisation robotique.<\/p>\n","protected":false},"featured_media":18386,"template":"","meta":{"_acf_changed":true,"is_product_deprecated":false,"new_product_name":"","new_product_url":""},"product_cat":[340,341],"product_tag":[],"class_list":{"0":"post-38052","1":"product","2":"type-product","3":"status-publish","4":"has-post-thumbnail","6":"product_cat-tool-changers","7":"product_cat-robotic-tool-changers","9":"first","10":"instock","11":"shipping-taxable","12":"purchasable","13":"product-type-variable","14":"has-default-attributes"},"acf":[],"yoast_head":"<!-- This site is optimized with the Yoast SEO Premium plugin v27.0 (Yoast SEO v27.3) - https:\/\/yoast.com\/product\/yoast-seo-premium-wordpress\/ -->\n<title>QC-7 - ATI Industrial Automation<\/title>\n<meta name=\"robots\" content=\"index, follow, max-snippet:-1, max-image-preview:large, max-video-preview:-1\" \/>\n<link rel=\"canonical\" href=\"https:\/\/ati.novanta.com\/fr\/product\/qc-7\/\" \/>\n<meta property=\"og:locale\" content=\"fr_FR\" \/>\n<meta property=\"og:type\" content=\"article\" \/>\n<meta property=\"og:title\" content=\"QC-7\" \/>\n<meta property=\"og:description\" content=\"Les changeurs d&#039;outils robotis\u00e9s ATI permettent un \u00e9change enti\u00e8rement automatis\u00e9 de l&#039;extr\u00e9mit\u00e9 de l&#039;effecteur avec un verrouillage s\u00e9curis\u00e9, un passage de l&#039;utilitaire et une haute r\u00e9p\u00e9tabilit\u00e9. Con\u00e7us pour les environnements difficiles et les cycles \u00e9lev\u00e9s, ils augmentent le temps de fonctionnement, la flexibilit\u00e9 et la productivit\u00e9 de l&#039;automatisation robotique.\" \/>\n<meta property=\"og:url\" content=\"https:\/\/ati.novanta.com\/fr\/product\/qc-7\/\" \/>\n<meta property=\"og:site_name\" content=\"ATI Industrial Automation\" \/>\n<meta property=\"og:image\" content=\"https:\/\/ati.novanta.com\/wp-content\/uploads\/sites\/2\/2025\/05\/QC-7-B.jpg?quality=85&strip=all&w=1200&h=675&crop=1\" \/>\n\t<meta property=\"og:image:width\" content=\"1920\" \/>\n\t<meta property=\"og:image:height\" content=\"640\" \/>\n\t<meta property=\"og:image:type\" content=\"image\/jpeg\" \/>\n<meta name=\"twitter:card\" content=\"summary_large_image\" \/>\n<meta name=\"twitter:label1\" content=\"Est. reading time\" \/>\n\t<meta name=\"twitter:data1\" content=\"1 minute\" \/>\n<script type=\"application\/ld+json\" class=\"yoast-schema-graph\">{\"@context\":\"https:\\\/\\\/schema.org\",\"@graph\":[{\"@type\":\"WebPage\",\"@id\":\"https:\\\/\\\/ati.novanta.com\\\/fr\\\/product\\\/qc-7\\\/\",\"url\":\"https:\\\/\\\/ati.novanta.com\\\/fr\\\/product\\\/qc-7\\\/\",\"name\":\"QC-7 - ATI Industrial Automation\",\"isPartOf\":{\"@id\":\"https:\\\/\\\/ati.novanta.com\\\/#website\"},\"primaryImageOfPage\":{\"@id\":\"https:\\\/\\\/ati.novanta.com\\\/fr\\\/product\\\/qc-7\\\/#primaryimage\"},\"image\":{\"@id\":\"https:\\\/\\\/ati.novanta.com\\\/fr\\\/product\\\/qc-7\\\/#primaryimage\"},\"thumbnailUrl\":\"https:\\\/\\\/ati.novanta.com\\\/wp-content\\\/uploads\\\/sites\\\/2\\\/2025\\\/05\\\/ati-header-image.jpg?quality=85&strip=all\",\"datePublished\":\"2025-05-06T10:49:51+00:00\",\"breadcrumb\":{\"@id\":\"https:\\\/\\\/ati.novanta.com\\\/fr\\\/product\\\/qc-7\\\/#breadcrumb\"},\"inLanguage\":\"fr-FR\",\"potentialAction\":[{\"@type\":\"ReadAction\",\"target\":[\"https:\\\/\\\/ati.novanta.com\\\/fr\\\/product\\\/qc-7\\\/\"]}]},{\"@type\":\"ImageObject\",\"inLanguage\":\"fr-FR\",\"@id\":\"https:\\\/\\\/ati.novanta.com\\\/fr\\\/product\\\/qc-7\\\/#primaryimage\",\"url\":\"https:\\\/\\\/ati.novanta.com\\\/wp-content\\\/uploads\\\/sites\\\/2\\\/2025\\\/05\\\/ati-header-image.jpg?quality=85&strip=all\",\"contentUrl\":\"https:\\\/\\\/ati.novanta.com\\\/wp-content\\\/uploads\\\/sites\\\/2\\\/2025\\\/05\\\/ati-header-image.jpg?quality=85&strip=all\",\"width\":1920,\"height\":640},{\"@type\":\"BreadcrumbList\",\"@id\":\"https:\\\/\\\/ati.novanta.com\\\/fr\\\/product\\\/qc-7\\\/#breadcrumb\",\"itemListElement\":[{\"@type\":\"ListItem\",\"position\":1,\"name\":\"Home\",\"item\":\"https:\\\/\\\/ati.novanta.com\\\/fr\\\/home\\\/\"},{\"@type\":\"ListItem\",\"position\":2,\"name\":\"Products\",\"item\":\"https:\\\/\\\/ati.novanta.com\\\/products\\\/\"},{\"@type\":\"ListItem\",\"position\":3,\"name\":\"QC-7\"}]},{\"@type\":\"WebSite\",\"@id\":\"https:\\\/\\\/ati.novanta.com\\\/#website\",\"url\":\"https:\\\/\\\/ati.novanta.com\\\/\",\"name\":\"ATI Industrial Automation\",\"description\":\"\",\"publisher\":{\"@id\":\"https:\\\/\\\/ati.novanta.com\\\/#organization\"},\"potentialAction\":[{\"@type\":\"SearchAction\",\"target\":{\"@type\":\"EntryPoint\",\"urlTemplate\":\"https:\\\/\\\/ati.novanta.com\\\/?s={search_term_string}\"},\"query-input\":{\"@type\":\"PropertyValueSpecification\",\"valueRequired\":true,\"valueName\":\"search_term_string\"}}],\"inLanguage\":\"fr-FR\"},{\"@type\":\"Organization\",\"@id\":\"https:\\\/\\\/ati.novanta.com\\\/#organization\",\"name\":\"ATI Industrial Automation\",\"url\":\"https:\\\/\\\/ati.novanta.com\\\/\",\"logo\":{\"@type\":\"ImageObject\",\"inLanguage\":\"fr-FR\",\"@id\":\"https:\\\/\\\/ati.novanta.com\\\/#\\\/schema\\\/logo\\\/image\\\/\",\"url\":\"\",\"contentUrl\":\"\",\"caption\":\"ATI Industrial Automation\"},\"image\":{\"@id\":\"https:\\\/\\\/ati.novanta.com\\\/#\\\/schema\\\/logo\\\/image\\\/\"}}]}<\/script>\n<!-- \/ Yoast SEO Premium plugin. -->","yoast_head_json":{"title":"QC-7 - ATI Industrial Automation","robots":{"index":"index","follow":"follow","max-snippet":"max-snippet:-1","max-image-preview":"max-image-preview:large","max-video-preview":"max-video-preview:-1"},"canonical":"https:\/\/ati.novanta.com\/fr\/product\/qc-7\/","og_locale":"fr_FR","og_type":"article","og_title":"QC-7","og_description":"Les changeurs d'outils robotis\u00e9s ATI permettent un \u00e9change enti\u00e8rement automatis\u00e9 de l'extr\u00e9mit\u00e9 de l'effecteur avec un verrouillage s\u00e9curis\u00e9, un passage de l'utilitaire et une haute r\u00e9p\u00e9tabilit\u00e9. Con\u00e7us pour les environnements difficiles et les cycles \u00e9lev\u00e9s, ils augmentent le temps de fonctionnement, la flexibilit\u00e9 et la productivit\u00e9 de l'automatisation robotique.","og_url":"https:\/\/ati.novanta.com\/fr\/product\/qc-7\/","og_site_name":"ATI Industrial Automation","og_image":[{"width":1920,"height":640,"url":"https:\/\/ati.novanta.com\/wp-content\/uploads\/sites\/2\/2025\/05\/QC-7-B.jpg?quality=85&strip=all&w=1200&h=675&crop=1","type":"image\/jpeg"}],"twitter_card":"summary_large_image","twitter_misc":{"Est. reading time":"1 minute"},"schema":{"@context":"https:\/\/schema.org","@graph":[{"@type":"WebPage","@id":"https:\/\/ati.novanta.com\/fr\/product\/qc-7\/","url":"https:\/\/ati.novanta.com\/fr\/product\/qc-7\/","name":"QC-7 - ATI Industrial Automation","isPartOf":{"@id":"https:\/\/ati.novanta.com\/#website"},"primaryImageOfPage":{"@id":"https:\/\/ati.novanta.com\/fr\/product\/qc-7\/#primaryimage"},"image":{"@id":"https:\/\/ati.novanta.com\/fr\/product\/qc-7\/#primaryimage"},"thumbnailUrl":"https:\/\/ati.novanta.com\/wp-content\/uploads\/sites\/2\/2025\/05\/ati-header-image.jpg?quality=85&strip=all","datePublished":"2025-05-06T10:49:51+00:00","breadcrumb":{"@id":"https:\/\/ati.novanta.com\/fr\/product\/qc-7\/#breadcrumb"},"inLanguage":"fr-FR","potentialAction":[{"@type":"ReadAction","target":["https:\/\/ati.novanta.com\/fr\/product\/qc-7\/"]}]},{"@type":"ImageObject","inLanguage":"fr-FR","@id":"https:\/\/ati.novanta.com\/fr\/product\/qc-7\/#primaryimage","url":"https:\/\/ati.novanta.com\/wp-content\/uploads\/sites\/2\/2025\/05\/ati-header-image.jpg?quality=85&strip=all","contentUrl":"https:\/\/ati.novanta.com\/wp-content\/uploads\/sites\/2\/2025\/05\/ati-header-image.jpg?quality=85&strip=all","width":1920,"height":640},{"@type":"BreadcrumbList","@id":"https:\/\/ati.novanta.com\/fr\/product\/qc-7\/#breadcrumb","itemListElement":[{"@type":"ListItem","position":1,"name":"Home","item":"https:\/\/ati.novanta.com\/fr\/home\/"},{"@type":"ListItem","position":2,"name":"Products","item":"https:\/\/ati.novanta.com\/products\/"},{"@type":"ListItem","position":3,"name":"QC-7"}]},{"@type":"WebSite","@id":"https:\/\/ati.novanta.com\/#website","url":"https:\/\/ati.novanta.com\/","name":"ATI Industrial Automation","description":"","publisher":{"@id":"https:\/\/ati.novanta.com\/#organization"},"potentialAction":[{"@type":"SearchAction","target":{"@type":"EntryPoint","urlTemplate":"https:\/\/ati.novanta.com\/?s={search_term_string}"},"query-input":{"@type":"PropertyValueSpecification","valueRequired":true,"valueName":"search_term_string"}}],"inLanguage":"fr-FR"},{"@type":"Organization","@id":"https:\/\/ati.novanta.com\/#organization","name":"ATI Industrial Automation","url":"https:\/\/ati.novanta.com\/","logo":{"@type":"ImageObject","inLanguage":"fr-FR","@id":"https:\/\/ati.novanta.com\/#\/schema\/logo\/image\/","url":"","contentUrl":"","caption":"ATI Industrial Automation"},"image":{"@id":"https:\/\/ati.novanta.com\/#\/schema\/logo\/image\/"}}]}},"_links":{"self":[{"href":"https:\/\/ati.novanta.com\/fr\/wp-json\/wp\/v2\/product\/38052","targetHints":{"allow":["GET"]}}],"collection":[{"href":"https:\/\/ati.novanta.com\/fr\/wp-json\/wp\/v2\/product"}],"about":[{"href":"https:\/\/ati.novanta.com\/fr\/wp-json\/wp\/v2\/types\/product"}],"wp:featuredmedia":[{"embeddable":true,"href":"https:\/\/ati.novanta.com\/fr\/wp-json\/wp\/v2\/media\/18386"}],"wp:attachment":[{"href":"https:\/\/ati.novanta.com\/fr\/wp-json\/wp\/v2\/media?parent=38052"}],"wp:term":[{"taxonomy":"product_cat","embeddable":true,"href":"https:\/\/ati.novanta.com\/fr\/wp-json\/wp\/v2\/product_cat?post=38052"},{"taxonomy":"product_tag","embeddable":true,"href":"https:\/\/ati.novanta.com\/fr\/wp-json\/wp\/v2\/product_tag?post=38052"}],"curies":[{"name":"wp","href":"https:\/\/api.w.org\/{rel}","templated":true}]}}