{"id":45160,"date":"2025-10-12T20:38:41","date_gmt":"2025-10-12T20:38:41","guid":{"rendered":"https:\/\/ati.novanta.com\/?page_id=45160"},"modified":"2025-10-12T20:38:42","modified_gmt":"2025-10-12T20:38:42","slug":"selezione-di-un-sensore-di-collisione","status":"publish","type":"page","link":"https:\/\/ati.novanta.com\/it\/products\/collision-sensors\/selezione-di-un-sensore-di-collisione\/","title":{"rendered":"Selezione di un sensore di collisione"},"content":{"rendered":"\n\n<div class=\"hero alignfull hero--wide hero--small has-overlay has-overlay-dark\">\n\t\t\t\t\t<figure class=\"hero__image-wrap\">\n\t\t\t\t<img decoding=\"async\" width=\"1920\" height=\"640\" src=\"https:\/\/ati.novanta.com\/wp-content\/uploads\/sites\/2\/2025\/05\/ati-header-image.jpg?quality=85&amp;strip=all&amp;w=1920\" class=\"attachment-design-max size-design-max\" alt=\"\" fetchpriority=\"high\" srcset=\"https:\/\/ati.novanta.com\/wp-content\/uploads\/sites\/2\/2025\/05\/ati-header-image.jpg?quality=85&amp;strip=all 1920w, https:\/\/ati.novanta.com\/wp-content\/uploads\/sites\/2\/2025\/05\/ati-header-image.jpg?resize=320%2C107&amp;quality=85&amp;strip=all 320w, https:\/\/ati.novanta.com\/wp-content\/uploads\/sites\/2\/2025\/05\/ati-header-image.jpg?resize=400%2C133&amp;quality=85&amp;strip=all 400w, https:\/\/ati.novanta.com\/wp-content\/uploads\/sites\/2\/2025\/05\/ati-header-image.jpg?resize=840%2C280&amp;quality=85&amp;strip=all 840w, https:\/\/ati.novanta.com\/wp-content\/uploads\/sites\/2\/2025\/05\/ati-header-image.jpg?resize=1200%2C400&amp;quality=85&amp;strip=all 1200w, https:\/\/ati.novanta.com\/wp-content\/uploads\/sites\/2\/2025\/05\/ati-header-image.jpg?resize=1680%2C560&amp;quality=85&amp;strip=all 1680w\" sizes=\"(max-width: 1920px) 100vw, 1920px\" \/>\t\t\t<\/figure>\n\t\t\t\n\t\n\t\n<div class=\"hero__content hero__content--vertical-align-middle\" style=\"--one-novanta-hero-pre-heading-acent-line-color: var(--wp--preset--color--primary)\">\n\t<div class=\"hero__content-wrap has-medium-font-size has-heading-font-family\">\n\t\t\t\t\t<p class=\"hero__pre-heading shiny-text\">\n\t\t\t\tSENSORI DI COLLISIONE\t\t\t<\/p>\n\t\t\n\t\t<h1 class=\"hero__heading line-expanding has-display-font-size\">\n\t\t\tSelezione di un sensore di collisione\t\t<\/h1>\n\n\t\t<p><\/p>\t<\/div>\n<\/div>\n<\/div>\n\n\n\n<div class=\"alignfull is-layout-constrained wp-block-one-novanta-section-is-layout-constrained\" style=\"padding-top:var(--wp--preset--spacing--80);padding-bottom:var(--wp--preset--spacing--80)\">\n<div class=\"wp-block-one-novanta-section-heading alignwide\" style=\"margin-bottom:var(--wp--preset--spacing--40)\">\n<h2 class=\"wp-block-heading one-novanta-section__title has-xx-large-font-size\" id=\"h-how-to-select-a-protector-model\">Come selezionare un modello di protettore<\/h2>\n<\/div>\n\n\n\n<div class=\"wp-block-one-novanta-section-content alignwide\">\n<p class=\"is-style-default\">Per un&#8217;applicazione di successo, il Protector scelto deve essere dimensionato in modo appropriato. Per scegliere un modello, \u00e8 necessario considerare i carichi prodotti dal peso statico dell&#8217;utensile, i carichi inerziali imposti dal movimento del robot e i carichi prodotti dal dispositivo finale durante l&#8217;esecuzione dei compiti previsti. Una volta calcolati questi carichi e scelto un modello specifico, \u00e8 possibile determinare la pressione nominale per il punto di distacco. L&#8217;impostazione della pressione dell&#8217;aria richiesta deve essere prontamente disponibile con un&#8217;ampia possibilit\u00e0 di regolazione. Ad esempio, una pressione calcolata di 50 psi dovrebbe avere un intervallo regolabile di 25-75 psi.<\/p>\n\n\n\n<p>Il processo di selezione \u00e8 il seguente:<\/p>\n\n\n\n<h2 class=\"wp-block-heading is-style-default has-large-font-size\" id=\"h-1-calculate-applied-loads\">1. Calcolo dei carichi applicati:<\/h2>\n\n\n\n<p>La Figura 1 pu\u00f2 essere utilizzata per convertire le forze che agiscono sull&#8217;utensile dell&#8217;end-effector nel momento, nella coppia e nei carichi assiali risultanti applicati al Protector. Utilizzare il diagramma mostrato nella Figura 1 e le formule seguenti per calcolare i carichi applicati nel caso peggiore per la propria applicazione. Tutti e tre i casi di carico &#8211; assiale, coppia e momento &#8211; devono essere valutati per le loro componenti di forza statica, dinamica e di lavoro.<\/p>\n\n\n\n<figure class=\"wp-block-image size-large\"><img loading=\"lazy\" decoding=\"async\" height=\"600\" width=\"1024\" src=\"https:\/\/ati.novanta.com\/wp-content\/uploads\/sites\/2\/2025\/10\/collision-sensor-loading-diagram.png?w=1024\" alt=\"\" class=\"wp-image-45151\" srcset=\"https:\/\/ati.novanta.com\/wp-content\/uploads\/sites\/2\/2025\/10\/collision-sensor-loading-diagram.png?quality=85&amp;strip=all 1320w, https:\/\/ati.novanta.com\/wp-content\/uploads\/sites\/2\/2025\/10\/collision-sensor-loading-diagram.png?resize=320%2C188&amp;quality=85&amp;strip=all 320w, https:\/\/ati.novanta.com\/wp-content\/uploads\/sites\/2\/2025\/10\/collision-sensor-loading-diagram.png?resize=400%2C235&amp;quality=85&amp;strip=all 400w, https:\/\/ati.novanta.com\/wp-content\/uploads\/sites\/2\/2025\/10\/collision-sensor-loading-diagram.png?resize=840%2C493&amp;quality=85&amp;strip=all 840w, https:\/\/ati.novanta.com\/wp-content\/uploads\/sites\/2\/2025\/10\/collision-sensor-loading-diagram.png?resize=1200%2C704&amp;quality=85&amp;strip=all 1200w\" sizes=\"auto, (max-width: 1024px) 100vw, 1024px\" \/><figcaption class=\"wp-element-caption\"><strong>Nota: <\/strong>non tutte le forze componenti (statiche, dinamiche e di lavoro) sono presenti durante tutte le fasi del programma del robot. Di conseguenza, le condizioni peggiori per i carichi assiali, di coppia e di momento possono verificarsi in momenti diversi del programma.<\/figcaption><\/figure>\n\n\n\n<p><strong>Formule:<\/strong><\/p>\n\n\n\n<p class=\"has-medium-font-size\">     Carico assiale (F) = F2<\/p>\n\n\n\n<p class=\"has-medium-font-size\">     Coppia (T) = <em>F3*D3<\/em><\/p>\n\n\n\n<p class=\"has-medium-font-size\">     Momento (M) = \u221a( (F1D1)2 + (F2*D2)2 )<\/p>\n\n\n\n<p>(F1, F2 e F3 consistono nella somma delle rispettive componenti di forza statica, dinamica e di lavoro e devono sempre essere positive ai fini del calcolo delle impostazioni della pressione di distacco)<\/p>\n\n\n\n<ul class=\"wp-block-list\">\n<li><strong>Forza statica: <\/strong>Il carico applicato dal peso dell&#8217;utensile mentre il braccio del robot \u00e8 inattivo. Include il peso di tutte le parti collegate al Protector, che agisce sul centro di gravit\u00e0 dell&#8217;assieme lungo la direzione di gravit\u00e0.<\/li>\n\n\n\n<li><strong>Forza dinamica: <\/strong>La forza inerziale imposta al centro di gravit\u00e0 dell&#8217;utensile a causa dell&#8217;accelerazione del braccio robotico. Questa forza agisce nella direzione opposta al movimento. Le forze dinamiche sono additive rispetto alle forze statiche e devono essere considerate attentamente per garantire il corretto dimensionamento della protezione.<\/li>\n\n\n\n<li><strong>Forza di lavoro:<\/strong> Le forze che si generano sulla punta dell&#8217;utensile in condizioni di lavoro normali. Se queste forze e la loro posizione sono note, possono essere convertite in carichi sul Protector utilizzando la stessa tecnica.<\/li>\n<\/ul>\n\n\n\n<h2 class=\"wp-block-heading has-large-font-size\" id=\"h-choose-a-protector-model\">Scegliere un modello di Protector:<\/h2>\n\n\n\n<p>Una volta noti i carichi approssimativi del primo passo, scegliere un modello che abbia un momento nominale e una coppia nominale superiori ai carichi calcolati sia in condizioni dinamiche che di lavoro.<\/p>\n\n\n\n<p>3. Ottenere l&#8217;impostazione della pressione richiesta:<\/p>\n\n\n\n<p>Per un determinato modello con carichi noti, l&#8217;impostazione della pressione richiesta pu\u00f2 essere approssimata dalla seguente formula:<\/p>\n\n\n\n<p class=\"has-medium-font-size\">p = PM + PT + PF<\/p>\n\n\n\n<p>Dove PM, PT e PF sono le componenti di pressione relative alle componenti di carico di momento, coppia e forza previste al distacco. PM, PT e PF sono calcolati con le formule riportate nelle tabelle seguenti, dove M, T e F sono i carichi previsti alla rottura della pressione impostata.<\/p>\n\n\n\n<h2 class=\"wp-block-heading has-medium-font-size\" id=\"h-table-1-protector-pressure-setting-calculations\">Tabella 1: Calcoli di impostazione della pressione del protettore<\/h2>\n\n\n\n<figure class=\"wp-block-table\"><table class=\"has-fixed-layout\"><thead><tr><th>Modello<\/th><th>Momento<\/th><th>Coppia<\/th><th>Assiale<\/th><\/tr><\/thead><tbody><tr><td><strong>SR-101<\/strong><\/td><td>(M x 0,0517)<\/td><td>(T x 0,0495) &#8211; 0,2<\/td><td>F x 0,00228<\/td><\/tr><tr><td><strong>SR-131<\/strong><\/td><td>(M x 0,0183)<\/td><td>(T x 0,0199) &#8211; 0,1<\/td><td>F x 0,00132<\/td><\/tr><tr><td><strong>SR-176<\/strong><\/td><td>(M x 0,0077)<\/td><td>(T x 0,0075) &#8211; 0,2<\/td><td>F x 0,00070<\/td><\/tr><tr><td><strong>SR-221<\/strong><\/td><td>(M x 0,0032)<\/td><td>(T x 0,0040) + 0,5<\/td><td>F x 0,00045<\/td><\/tr><tr><td><strong>SR-48<\/strong><\/td><td>(M x 1,0874) &#8211; 0,5<\/td><td>(T x 0,9267) &#8211; 0,2<\/td><td>F x 0,01435<\/td><\/tr><tr><td><strong>SR-61<\/strong><\/td><td>(M x 0,2294) &#8211; 0,2<\/td><td>(T x 0,2708) &#8211; 0,4<\/td><td>F x 0,00719<\/td><\/tr><tr><td><strong>SR-81<\/strong><\/td><td>(M x 0,1052)<\/td><td>(T x 0,1027) &#8211; 0,1<\/td><td>F x 0,00361<\/td><\/tr><tr><td><strong>SR-82<\/strong><\/td><td>(M x 0,1052)<\/td><td>(T x 0,1027) &#8211; 0,1<\/td><td>F x 0,00361<\/td><\/tr><\/tbody><\/table><\/figure>\n\n\n\n<p><strong>Esempio: <\/strong>Per un SR-81 con un momento di 100 lb-in, una coppia di 50 lb-in e un carico assiale di 20 lbs, e un&#8217;accelerazione di 2 G, la regolazione della pressione viene calcolata come segue:<\/p>\n\n\n\n<p class=\"has-medium-font-size\">P = ((100*0.172) &#8211; 0.2) + ((50*0.168) &#8211; 0.8) + (20*0.233) + ((100*2*0.172) &#8211; 0.2) <br>   = 17 + 7.6 + 4.66 + 34.2<br>   = 63.46<\/p>\n\n\n\n<p>\u00c8 richiesta una pressione nominale dell&#8217;aria di 63 psi.<\/p>\n<\/div>\n<\/div>\n\n\n\n<p><\/p>\n","protected":false},"excerpt":{"rendered":"","protected":false},"author":36,"featured_media":0,"parent":38554,"menu_order":0,"comment_status":"closed","ping_status":"closed","template":"","meta":{"_acf_changed":false,"footnotes":""},"class_list":["post-45160","page","type-page","status-publish","hentry"],"acf":[],"yoast_head":"<!-- This site is optimized with the Yoast SEO Premium plugin v27.0 (Yoast SEO v27.4) - https:\/\/yoast.com\/product\/yoast-seo-premium-wordpress\/ -->\n<title>Selezione di un sensore di collisione - ATI Industrial Automation<\/title>\n<meta name=\"robots\" content=\"index, follow, max-snippet:-1, max-image-preview:large, max-video-preview:-1\" \/>\n<link rel=\"canonical\" href=\"https:\/\/ati.novanta.com\/it\/products\/collision-sensors\/selezione-di-un-sensore-di-collisione\/\" \/>\n<meta property=\"og:locale\" content=\"it_IT\" \/>\n<meta property=\"og:type\" content=\"article\" \/>\n<meta property=\"og:title\" content=\"Selezione di un sensore di collisione\" \/>\n<meta property=\"og:url\" content=\"https:\/\/ati.novanta.com\/it\/products\/collision-sensors\/selezione-di-un-sensore-di-collisione\/\" \/>\n<meta property=\"og:site_name\" content=\"ATI Industrial Automation\" \/>\n<meta property=\"article:modified_time\" content=\"2025-10-12T20:38:42+00:00\" \/>\n<meta property=\"og:image\" content=\"https:\/\/ati.novanta.com\/wp-content\/uploads\/sites\/2\/2025\/10\/collision-sensor-loading-diagram.png?resize=1200,675\" \/>\n\t<meta property=\"og:image:width\" content=\"1200\" \/>\n\t<meta property=\"og:image:height\" content=\"675\" \/>\n\t<meta property=\"og:image:type\" content=\"image\/png\" \/>\n<meta name=\"twitter:card\" content=\"summary_large_image\" \/>\n<meta name=\"twitter:label1\" content=\"Est. reading time\" \/>\n\t<meta name=\"twitter:data1\" content=\"4 minuti\" \/>\n<script type=\"application\/ld+json\" class=\"yoast-schema-graph\">{\"@context\":\"https:\\\/\\\/schema.org\",\"@graph\":[{\"@type\":\"WebPage\",\"@id\":\"https:\\\/\\\/ati.novanta.com\\\/it\\\/products\\\/collision-sensors\\\/selezione-di-un-sensore-di-collisione\\\/\",\"url\":\"https:\\\/\\\/ati.novanta.com\\\/it\\\/products\\\/collision-sensors\\\/selezione-di-un-sensore-di-collisione\\\/\",\"name\":\"Selezione di un sensore di collisione - ATI Industrial Automation\",\"isPartOf\":{\"@id\":\"https:\\\/\\\/ati.novanta.com\\\/#website\"},\"primaryImageOfPage\":{\"@id\":\"https:\\\/\\\/ati.novanta.com\\\/it\\\/products\\\/collision-sensors\\\/selezione-di-un-sensore-di-collisione\\\/#primaryimage\"},\"image\":{\"@id\":\"https:\\\/\\\/ati.novanta.com\\\/it\\\/products\\\/collision-sensors\\\/selezione-di-un-sensore-di-collisione\\\/#primaryimage\"},\"thumbnailUrl\":\"https:\\\/\\\/ati.novanta.com\\\/wp-content\\\/uploads\\\/sites\\\/2\\\/2025\\\/10\\\/collision-sensor-loading-diagram.png?w=1024\",\"datePublished\":\"2025-10-12T20:38:41+00:00\",\"dateModified\":\"2025-10-12T20:38:42+00:00\",\"breadcrumb\":{\"@id\":\"https:\\\/\\\/ati.novanta.com\\\/it\\\/products\\\/collision-sensors\\\/selezione-di-un-sensore-di-collisione\\\/#breadcrumb\"},\"inLanguage\":\"it-IT\",\"potentialAction\":[{\"@type\":\"ReadAction\",\"target\":[\"https:\\\/\\\/ati.novanta.com\\\/it\\\/products\\\/collision-sensors\\\/selezione-di-un-sensore-di-collisione\\\/\"]}]},{\"@type\":\"ImageObject\",\"inLanguage\":\"it-IT\",\"@id\":\"https:\\\/\\\/ati.novanta.com\\\/it\\\/products\\\/collision-sensors\\\/selezione-di-un-sensore-di-collisione\\\/#primaryimage\",\"url\":\"https:\\\/\\\/ati.novanta.com\\\/wp-content\\\/uploads\\\/sites\\\/2\\\/2025\\\/10\\\/collision-sensor-loading-diagram.png?w=1024\",\"contentUrl\":\"https:\\\/\\\/ati.novanta.com\\\/wp-content\\\/uploads\\\/sites\\\/2\\\/2025\\\/10\\\/collision-sensor-loading-diagram.png?w=1024\"},{\"@type\":\"BreadcrumbList\",\"@id\":\"https:\\\/\\\/ati.novanta.com\\\/it\\\/products\\\/collision-sensors\\\/selezione-di-un-sensore-di-collisione\\\/#breadcrumb\",\"itemListElement\":[{\"@type\":\"ListItem\",\"position\":1,\"name\":\"Home\",\"item\":\"https:\\\/\\\/ati.novanta.com\\\/it\\\/home\\\/\"},{\"@type\":\"ListItem\",\"position\":2,\"name\":\"Prodotti\",\"item\":\"https:\\\/\\\/ati.novanta.com\\\/products\\\/\"},{\"@type\":\"ListItem\",\"position\":3,\"name\":\"Sensori di collisione\",\"item\":\"https:\\\/\\\/ati.novanta.com\\\/it\\\/products\\\/collision-sensors\\\/\"},{\"@type\":\"ListItem\",\"position\":4,\"name\":\"Selezione di un sensore di collisione\"}]},{\"@type\":\"WebSite\",\"@id\":\"https:\\\/\\\/ati.novanta.com\\\/#website\",\"url\":\"https:\\\/\\\/ati.novanta.com\\\/\",\"name\":\"ATI Industrial Automation\",\"description\":\"\",\"publisher\":{\"@id\":\"https:\\\/\\\/ati.novanta.com\\\/#organization\"},\"potentialAction\":[{\"@type\":\"SearchAction\",\"target\":{\"@type\":\"EntryPoint\",\"urlTemplate\":\"https:\\\/\\\/ati.novanta.com\\\/?s={search_term_string}\"},\"query-input\":{\"@type\":\"PropertyValueSpecification\",\"valueRequired\":true,\"valueName\":\"search_term_string\"}}],\"inLanguage\":\"it-IT\"},{\"@type\":\"Organization\",\"@id\":\"https:\\\/\\\/ati.novanta.com\\\/#organization\",\"name\":\"ATI Industrial Automation\",\"url\":\"https:\\\/\\\/ati.novanta.com\\\/\",\"logo\":{\"@type\":\"ImageObject\",\"inLanguage\":\"it-IT\",\"@id\":\"https:\\\/\\\/ati.novanta.com\\\/#\\\/schema\\\/logo\\\/image\\\/\",\"url\":\"\",\"contentUrl\":\"\",\"caption\":\"ATI Industrial Automation\"},\"image\":{\"@id\":\"https:\\\/\\\/ati.novanta.com\\\/#\\\/schema\\\/logo\\\/image\\\/\"}}]}<\/script>\n<!-- \/ Yoast SEO Premium plugin. -->","yoast_head_json":{"title":"Selezione di un sensore di collisione - ATI Industrial Automation","robots":{"index":"index","follow":"follow","max-snippet":"max-snippet:-1","max-image-preview":"max-image-preview:large","max-video-preview":"max-video-preview:-1"},"canonical":"https:\/\/ati.novanta.com\/it\/products\/collision-sensors\/selezione-di-un-sensore-di-collisione\/","og_locale":"it_IT","og_type":"article","og_title":"Selezione di un sensore di collisione","og_url":"https:\/\/ati.novanta.com\/it\/products\/collision-sensors\/selezione-di-un-sensore-di-collisione\/","og_site_name":"ATI Industrial Automation","article_modified_time":"2025-10-12T20:38:42+00:00","og_image":[{"width":1200,"height":675,"url":"https:\/\/ati.novanta.com\/wp-content\/uploads\/sites\/2\/2025\/10\/collision-sensor-loading-diagram.png?resize=1200,675","type":"image\/png"}],"twitter_card":"summary_large_image","twitter_misc":{"Est. reading time":"4 minuti"},"schema":{"@context":"https:\/\/schema.org","@graph":[{"@type":"WebPage","@id":"https:\/\/ati.novanta.com\/it\/products\/collision-sensors\/selezione-di-un-sensore-di-collisione\/","url":"https:\/\/ati.novanta.com\/it\/products\/collision-sensors\/selezione-di-un-sensore-di-collisione\/","name":"Selezione di un sensore di collisione - ATI Industrial Automation","isPartOf":{"@id":"https:\/\/ati.novanta.com\/#website"},"primaryImageOfPage":{"@id":"https:\/\/ati.novanta.com\/it\/products\/collision-sensors\/selezione-di-un-sensore-di-collisione\/#primaryimage"},"image":{"@id":"https:\/\/ati.novanta.com\/it\/products\/collision-sensors\/selezione-di-un-sensore-di-collisione\/#primaryimage"},"thumbnailUrl":"https:\/\/ati.novanta.com\/wp-content\/uploads\/sites\/2\/2025\/10\/collision-sensor-loading-diagram.png?w=1024","datePublished":"2025-10-12T20:38:41+00:00","dateModified":"2025-10-12T20:38:42+00:00","breadcrumb":{"@id":"https:\/\/ati.novanta.com\/it\/products\/collision-sensors\/selezione-di-un-sensore-di-collisione\/#breadcrumb"},"inLanguage":"it-IT","potentialAction":[{"@type":"ReadAction","target":["https:\/\/ati.novanta.com\/it\/products\/collision-sensors\/selezione-di-un-sensore-di-collisione\/"]}]},{"@type":"ImageObject","inLanguage":"it-IT","@id":"https:\/\/ati.novanta.com\/it\/products\/collision-sensors\/selezione-di-un-sensore-di-collisione\/#primaryimage","url":"https:\/\/ati.novanta.com\/wp-content\/uploads\/sites\/2\/2025\/10\/collision-sensor-loading-diagram.png?w=1024","contentUrl":"https:\/\/ati.novanta.com\/wp-content\/uploads\/sites\/2\/2025\/10\/collision-sensor-loading-diagram.png?w=1024"},{"@type":"BreadcrumbList","@id":"https:\/\/ati.novanta.com\/it\/products\/collision-sensors\/selezione-di-un-sensore-di-collisione\/#breadcrumb","itemListElement":[{"@type":"ListItem","position":1,"name":"Home","item":"https:\/\/ati.novanta.com\/it\/home\/"},{"@type":"ListItem","position":2,"name":"Prodotti","item":"https:\/\/ati.novanta.com\/products\/"},{"@type":"ListItem","position":3,"name":"Sensori di collisione","item":"https:\/\/ati.novanta.com\/it\/products\/collision-sensors\/"},{"@type":"ListItem","position":4,"name":"Selezione di un sensore di collisione"}]},{"@type":"WebSite","@id":"https:\/\/ati.novanta.com\/#website","url":"https:\/\/ati.novanta.com\/","name":"ATI Industrial Automation","description":"","publisher":{"@id":"https:\/\/ati.novanta.com\/#organization"},"potentialAction":[{"@type":"SearchAction","target":{"@type":"EntryPoint","urlTemplate":"https:\/\/ati.novanta.com\/?s={search_term_string}"},"query-input":{"@type":"PropertyValueSpecification","valueRequired":true,"valueName":"search_term_string"}}],"inLanguage":"it-IT"},{"@type":"Organization","@id":"https:\/\/ati.novanta.com\/#organization","name":"ATI Industrial Automation","url":"https:\/\/ati.novanta.com\/","logo":{"@type":"ImageObject","inLanguage":"it-IT","@id":"https:\/\/ati.novanta.com\/#\/schema\/logo\/image\/","url":"","contentUrl":"","caption":"ATI Industrial Automation"},"image":{"@id":"https:\/\/ati.novanta.com\/#\/schema\/logo\/image\/"}}]}},"parsely":{"version":"1.1.0","canonical_url":"https:\/\/novanta.com\/it\/products\/collision-sensors\/selezione-di-un-sensore-di-collisione\/","smart_links":{"inbound":0,"outbound":0},"traffic_boost_suggestions_count":0,"meta":{"@context":"https:\/\/schema.org","@type":"WebPage","headline":"Selezione di un sensore di collisione","url":"http:\/\/ati.novanta.com\/it\/products\/collision-sensors\/selezione-di-un-sensore-di-collisione\/","mainEntityOfPage":{"@type":"WebPage","@id":"http:\/\/ati.novanta.com\/it\/products\/collision-sensors\/selezione-di-un-sensore-di-collisione\/"},"thumbnailUrl":"","image":{"@type":"ImageObject","url":""},"articleSection":"Senza categoria","author":[{"@type":"Person","name":"evan"}],"creator":["evan"],"publisher":{"@type":"Organization","name":"ATI Industrial Automation","logo":""},"keywords":[],"dateCreated":"2025-10-12T20:38:41Z","datePublished":"2025-10-12T20:38:41Z","dateModified":"2025-10-12T20:38:42Z"},"rendered":"<script type=\"application\/ld+json\" class=\"wp-parsely-metadata\">{\"@context\":\"https:\\\/\\\/schema.org\",\"@type\":\"WebPage\",\"headline\":\"Selezione di un sensore di collisione\",\"url\":\"http:\\\/\\\/ati.novanta.com\\\/it\\\/products\\\/collision-sensors\\\/selezione-di-un-sensore-di-collisione\\\/\",\"mainEntityOfPage\":{\"@type\":\"WebPage\",\"@id\":\"http:\\\/\\\/ati.novanta.com\\\/it\\\/products\\\/collision-sensors\\\/selezione-di-un-sensore-di-collisione\\\/\"},\"thumbnailUrl\":\"\",\"image\":{\"@type\":\"ImageObject\",\"url\":\"\"},\"articleSection\":\"Senza categoria\",\"author\":[{\"@type\":\"Person\",\"name\":\"evan\"}],\"creator\":[\"evan\"],\"publisher\":{\"@type\":\"Organization\",\"name\":\"ATI Industrial Automation\",\"logo\":\"\"},\"keywords\":[],\"dateCreated\":\"2025-10-12T20:38:41Z\",\"datePublished\":\"2025-10-12T20:38:41Z\",\"dateModified\":\"2025-10-12T20:38:42Z\"}<\/script>","tracker_url":"https:\/\/cdn.parsely.com\/keys\/novanta.com\/p.js"},"_links":{"self":[{"href":"https:\/\/ati.novanta.com\/it\/wp-json\/wp\/v2\/pages\/45160","targetHints":{"allow":["GET"]}}],"collection":[{"href":"https:\/\/ati.novanta.com\/it\/wp-json\/wp\/v2\/pages"}],"about":[{"href":"https:\/\/ati.novanta.com\/it\/wp-json\/wp\/v2\/types\/page"}],"author":[{"embeddable":true,"href":"https:\/\/ati.novanta.com\/it\/wp-json\/wp\/v2\/users\/36"}],"replies":[{"embeddable":true,"href":"https:\/\/ati.novanta.com\/it\/wp-json\/wp\/v2\/comments?post=45160"}],"version-history":[{"count":1,"href":"https:\/\/ati.novanta.com\/it\/wp-json\/wp\/v2\/pages\/45160\/revisions"}],"predecessor-version":[{"id":45167,"href":"https:\/\/ati.novanta.com\/it\/wp-json\/wp\/v2\/pages\/45160\/revisions\/45167"}],"up":[{"embeddable":true,"href":"https:\/\/ati.novanta.com\/it\/wp-json\/wp\/v2\/pages\/38554"}],"wp:attachment":[{"href":"https:\/\/ati.novanta.com\/it\/wp-json\/wp\/v2\/media?parent=45160"}],"curies":[{"name":"wp","href":"https:\/\/api.w.org\/{rel}","templated":true}]}}