{"id":45162,"date":"2025-10-12T20:38:41","date_gmt":"2025-10-12T20:38:41","guid":{"rendered":"https:\/\/ati.novanta.com\/?page_id=45162"},"modified":"2025-10-12T20:38:42","modified_gmt":"2025-10-12T20:38:42","slug":"selecao-de-um-sensor-de-colisao","status":"publish","type":"page","link":"https:\/\/ati.novanta.com\/pt\/products\/collision-sensors\/selecao-de-um-sensor-de-colisao\/","title":{"rendered":"Sele\u00e7\u00e3o de um sensor de colis\u00e3o"},"content":{"rendered":"\n\n<div class=\"hero alignfull hero--wide hero--small has-overlay has-overlay-dark\">\n\t\t\t\t\t<figure class=\"hero__image-wrap\">\n\t\t\t\t<img decoding=\"async\" width=\"1920\" height=\"640\" src=\"https:\/\/ati.novanta.com\/wp-content\/uploads\/sites\/2\/2025\/05\/ati-header-image.jpg?quality=85&amp;strip=all&amp;w=1920\" class=\"attachment-design-max size-design-max\" alt=\"\" fetchpriority=\"high\" srcset=\"https:\/\/ati.novanta.com\/wp-content\/uploads\/sites\/2\/2025\/05\/ati-header-image.jpg?quality=85&amp;strip=all 1920w, https:\/\/ati.novanta.com\/wp-content\/uploads\/sites\/2\/2025\/05\/ati-header-image.jpg?resize=320%2C107&amp;quality=85&amp;strip=all 320w, https:\/\/ati.novanta.com\/wp-content\/uploads\/sites\/2\/2025\/05\/ati-header-image.jpg?resize=400%2C133&amp;quality=85&amp;strip=all 400w, https:\/\/ati.novanta.com\/wp-content\/uploads\/sites\/2\/2025\/05\/ati-header-image.jpg?resize=840%2C280&amp;quality=85&amp;strip=all 840w, https:\/\/ati.novanta.com\/wp-content\/uploads\/sites\/2\/2025\/05\/ati-header-image.jpg?resize=1200%2C400&amp;quality=85&amp;strip=all 1200w, https:\/\/ati.novanta.com\/wp-content\/uploads\/sites\/2\/2025\/05\/ati-header-image.jpg?resize=1680%2C560&amp;quality=85&amp;strip=all 1680w\" sizes=\"(max-width: 1920px) 100vw, 1920px\" \/>\t\t\t<\/figure>\n\t\t\t\n\t\n\t\n<div class=\"hero__content hero__content--vertical-align-middle\" style=\"--one-novanta-hero-pre-heading-acent-line-color: var(--wp--preset--color--primary)\">\n\t<div class=\"hero__content-wrap has-medium-font-size has-heading-font-family\">\n\t\t\t\t\t<p class=\"hero__pre-heading shiny-text\">\n\t\t\t\tSENSORES DE COLIS\u00c3O\t\t\t<\/p>\n\t\t\n\t\t<h1 class=\"hero__heading line-expanding has-display-font-size\">\n\t\t\tSele\u00e7\u00e3o de um sensor de colis\u00e3o\t\t<\/h1>\n\n\t\t<p><\/p>\t<\/div>\n<\/div>\n<\/div>\n\n\n\n<div class=\"alignfull is-layout-constrained wp-block-one-novanta-section-is-layout-constrained\" style=\"padding-top:var(--wp--preset--spacing--80);padding-bottom:var(--wp--preset--spacing--80)\">\n<div class=\"wp-block-one-novanta-section-heading alignwide\" style=\"margin-bottom:var(--wp--preset--spacing--40)\">\n<h2 class=\"wp-block-heading one-novanta-section__title has-xx-large-font-size\" id=\"h-how-to-select-a-protector-model\">Como selecionar um modelo de protetor<\/h2>\n<\/div>\n\n\n\n<div class=\"wp-block-one-novanta-section-content alignwide\">\n<p class=\"is-style-default\">Para uma aplica\u00e7\u00e3o bem-sucedida, o Protetor escolhido deve ser dimensionado adequadamente. Para escolher um modelo, considere as cargas produzidas devido ao peso est\u00e1tico da ferramenta, as cargas inerciais impostas pelo movimento do rob\u00f4 e as cargas produzidas pelo efetor final ao executar as tarefas pretendidas. Depois que essas cargas forem calculadas e um modelo espec\u00edfico for escolhido, a configura\u00e7\u00e3o de press\u00e3o nominal para o ponto de ruptura poder\u00e1 ser determinada. A configura\u00e7\u00e3o de press\u00e3o de ar necess\u00e1ria deve estar prontamente dispon\u00edvel com ampla capacidade de ajuste. Por exemplo, uma configura\u00e7\u00e3o de press\u00e3o calculada de 50 psi deve ter uma faixa ajust\u00e1vel de 25 a 75 psi.<\/p>\n\n\n\n<p>O processo de sele\u00e7\u00e3o \u00e9 o seguinte:<\/p>\n\n\n\n<h2 class=\"wp-block-heading is-style-default has-large-font-size\" id=\"h-1-calculate-applied-loads\">1. Calcular as cargas aplicadas:<\/h2>\n\n\n\n<p>A Figura 1 pode ser usada para converter as for\u00e7as que atuam no ferramental do efetor final em momento, torque e cargas axiais resultantes aplicadas ao Protetor. Use o diagrama mostrado na Figura 1 e as f\u00f3rmulas abaixo para calcular as cargas aplicadas no pior caso para sua aplica\u00e7\u00e3o. Todos os tr\u00eas casos de carga &#8211; axial, torque e momento &#8211; devem ser avaliados quanto aos seus componentes de for\u00e7a est\u00e1tica, din\u00e2mica e de trabalho.<\/p>\n\n\n\n<figure class=\"wp-block-image size-large\"><img loading=\"lazy\" decoding=\"async\" height=\"600\" width=\"1024\" src=\"https:\/\/ati.novanta.com\/wp-content\/uploads\/sites\/2\/2025\/10\/collision-sensor-loading-diagram.png?w=1024\" alt=\"\" class=\"wp-image-45153\" srcset=\"https:\/\/ati.novanta.com\/wp-content\/uploads\/sites\/2\/2025\/10\/collision-sensor-loading-diagram.png?quality=85&amp;strip=all 1320w, https:\/\/ati.novanta.com\/wp-content\/uploads\/sites\/2\/2025\/10\/collision-sensor-loading-diagram.png?resize=320%2C188&amp;quality=85&amp;strip=all 320w, https:\/\/ati.novanta.com\/wp-content\/uploads\/sites\/2\/2025\/10\/collision-sensor-loading-diagram.png?resize=400%2C235&amp;quality=85&amp;strip=all 400w, https:\/\/ati.novanta.com\/wp-content\/uploads\/sites\/2\/2025\/10\/collision-sensor-loading-diagram.png?resize=840%2C493&amp;quality=85&amp;strip=all 840w, https:\/\/ati.novanta.com\/wp-content\/uploads\/sites\/2\/2025\/10\/collision-sensor-loading-diagram.png?resize=1200%2C704&amp;quality=85&amp;strip=all 1200w\" sizes=\"auto, (max-width: 1024px) 100vw, 1024px\" \/><figcaption class=\"wp-element-caption\"><strong>Observa\u00e7\u00e3o: <\/strong>Nem todas as for\u00e7as componentes (Est\u00e1tica, Din\u00e2mica e de Trabalho) est\u00e3o presentes durante todas as fases do programa do rob\u00f4. Como resultado, as piores condi\u00e7\u00f5es de caso para cargas axiais, de torque e de momento podem ocorrer em momentos diferentes do programa.<\/figcaption><\/figure>\n\n\n\n<p><strong>F\u00f3rmulas:<\/strong><\/p>\n\n\n\n<p class=\"has-medium-font-size\">     Carga axial (F) = F2<\/p>\n\n\n\n<p class=\"has-medium-font-size\">     Torque (T) = <em>F3*D3<\/em><\/p>\n\n\n\n<p class=\"has-medium-font-size\">     Momento (M) = \u221a( (F1D1)2 + (F2*D2)2 )<\/p>\n\n\n\n<p>(F1, F2 e F3 consistem na soma de seus respectivos componentes de for\u00e7a est\u00e1tica, din\u00e2mica e de trabalho e devem ser sempre positivos para fins de c\u00e1lculo das configura\u00e7\u00f5es de press\u00e3o de ruptura)<\/p>\n\n\n\n<ul class=\"wp-block-list\">\n<li><strong>For\u00e7a est\u00e1tica: <\/strong>A carga aplicada pelo peso da ferramenta enquanto o bra\u00e7o do rob\u00f4 est\u00e1 ocioso. Isso inclui o peso de todas as pe\u00e7as anexadas ao Protetor, atuando no centro de gravidade do conjunto ao longo da dire\u00e7\u00e3o da gravidade.<\/li>\n\n\n\n<li><strong>For\u00e7a din\u00e2mica: <\/strong>A for\u00e7a inercial imposta no centro de gravidade do ferramental devido \u00e0 acelera\u00e7\u00e3o do bra\u00e7o do rob\u00f4. Essa for\u00e7a atua na dire\u00e7\u00e3o oposta ao movimento. As for\u00e7as din\u00e2micas s\u00e3o aditivas \u00e0s for\u00e7as est\u00e1ticas e devem ser cuidadosamente consideradas para garantir o dimensionamento adequado do protetor.<\/li>\n\n\n\n<li><strong>For\u00e7a de trabalho:<\/strong> As for\u00e7as s\u00e3o geradas na ponta da ferramenta em condi\u00e7\u00f5es normais de trabalho. Se essas for\u00e7as e sua localiza\u00e7\u00e3o forem conhecidas, elas poder\u00e3o ser convertidas em cargas no Protetor usando a mesma t\u00e9cnica.<\/li>\n<\/ul>\n\n\n\n<h2 class=\"wp-block-heading has-large-font-size\" id=\"h-choose-a-protector-model\">Escolha um modelo de Protetor:<\/h2>\n\n\n\n<p>Depois que as cargas aproximadas forem conhecidas na etapa 1, escolha um modelo que tenha um momento nominal e uma classifica\u00e7\u00e3o de torque acima das cargas calculadas, tanto em condi\u00e7\u00f5es din\u00e2micas quanto de trabalho.<\/p>\n\n\n\n<p>3. Obtenha a configura\u00e7\u00e3o de press\u00e3o necess\u00e1ria:<\/p>\n\n\n\n<p>Para um determinado modelo com cargas conhecidas, o ajuste de press\u00e3o necess\u00e1rio pode ser aproximado a partir da f\u00f3rmula a seguir:<\/p>\n\n\n\n<p class=\"has-medium-font-size\">p = PM + PT + PF<\/p>\n\n\n\n<p>Em que PM, PT e PF s\u00e3o os componentes de press\u00e3o relacionados aos componentes de momento, torque e carga de for\u00e7a esperados na ruptura. PM, PT e PF s\u00e3o calculados usando as f\u00f3rmulas das tabelas a seguir, em que M, T e F s\u00e3o as cargas esperadas no rompimento da press\u00e3o definida.<\/p>\n\n\n\n<h2 class=\"wp-block-heading has-medium-font-size\" id=\"h-table-1-protector-pressure-setting-calculations\">Tabela 1: C\u00e1lculos de ajuste da press\u00e3o do protetor<\/h2>\n\n\n\n<figure class=\"wp-block-table\"><table class=\"has-fixed-layout\"><thead><tr><th>Modelo<\/th><th>Momento<\/th><th>Torque<\/th><th>Axial<\/th><\/tr><\/thead><tbody><tr><td><strong>SR-101<\/strong><\/td><td>(M x 0,0517)<\/td><td>(T x 0,0495) &#8211; 0,2<\/td><td>F x 0,00228<\/td><\/tr><tr><td><strong>SR-131<\/strong><\/td><td>(M x 0,0183)<\/td><td>(T x 0,0199) &#8211; 0,1<\/td><td>F x 0,00132<\/td><\/tr><tr><td><strong>SR-176<\/strong><\/td><td>(M x 0,0077)<\/td><td>(T x 0,0075) &#8211; 0,2<\/td><td>F x 0,00070<\/td><\/tr><tr><td><strong>SR-221<\/strong><\/td><td>(M x 0,0032)<\/td><td>(T x 0,0040) + 0,5<\/td><td>F x 0,00045<\/td><\/tr><tr><td><strong>SR-48<\/strong><\/td><td>(M x 1,0874) &#8211; 0,5<\/td><td>(T x 0,9267) &#8211; 0,2<\/td><td>F x 0,01435<\/td><\/tr><tr><td><strong>SR-61<\/strong><\/td><td>(M x 0,2294) &#8211; 0,2<\/td><td>(T x 0,2708) &#8211; 0,4<\/td><td>F x 0,00719<\/td><\/tr><tr><td><strong>SR-81<\/strong><\/td><td>(M x 0,1052)<\/td><td>(T x 0,1027) &#8211; 0,1<\/td><td>F x 0,00361<\/td><\/tr><tr><td><strong>SR-82<\/strong><\/td><td>(M x 0,1052)<\/td><td>(T x 0,1027) &#8211; 0,1<\/td><td>F x 0,00361<\/td><\/tr><\/tbody><\/table><\/figure>\n\n\n\n<p><strong>Exemplo: <\/strong>Para um SR-81 com um momento de 100 lb-in, torque de 50 lb-in e uma carga axial de 20 lbs, e uma acelera\u00e7\u00e3o de 2 G&#8217;s, a configura\u00e7\u00e3o de press\u00e3o \u00e9 calculada da seguinte forma:<\/p>\n\n\n\n<p class=\"has-medium-font-size\">P = ((100*0.172) &#8211; 0.2) + ((50*0.168) &#8211; 0.8) + (20*0.233) + ((100*2*0.172) &#8211; 0.2) <br>   = 17 + 7.6 + 4.66 + 34.2<br>   = 63.46<\/p>\n\n\n\n<p>\u00c9 necess\u00e1ria uma configura\u00e7\u00e3o de press\u00e3o de ar nominal de 63 psi.<\/p>\n<\/div>\n<\/div>\n\n\n\n<p><\/p>\n","protected":false},"excerpt":{"rendered":"","protected":false},"author":36,"featured_media":0,"parent":32924,"menu_order":0,"comment_status":"closed","ping_status":"closed","template":"","meta":{"_acf_changed":false,"footnotes":""},"class_list":["post-45162","page","type-page","status-publish","hentry"],"acf":[],"yoast_head":"<!-- This site is optimized with the Yoast SEO Premium plugin v27.0 (Yoast SEO v27.4) - https:\/\/yoast.com\/product\/yoast-seo-premium-wordpress\/ -->\n<title>Sele\u00e7\u00e3o de um sensor de colis\u00e3o - ATI Industrial Automation<\/title>\n<meta name=\"robots\" content=\"index, follow, max-snippet:-1, max-image-preview:large, max-video-preview:-1\" \/>\n<link rel=\"canonical\" href=\"https:\/\/ati.novanta.com\/pt\/products\/collision-sensors\/selecao-de-um-sensor-de-colisao\/\" \/>\n<meta property=\"og:locale\" content=\"pt_BR\" \/>\n<meta property=\"og:type\" content=\"article\" \/>\n<meta property=\"og:title\" content=\"Sele\u00e7\u00e3o de um sensor de colis\u00e3o\" \/>\n<meta property=\"og:url\" content=\"https:\/\/ati.novanta.com\/pt\/products\/collision-sensors\/selecao-de-um-sensor-de-colisao\/\" \/>\n<meta property=\"og:site_name\" content=\"ATI Industrial Automation\" \/>\n<meta property=\"article:modified_time\" content=\"2025-10-12T20:38:42+00:00\" \/>\n<meta property=\"og:image\" content=\"https:\/\/ati.novanta.com\/wp-content\/uploads\/sites\/2\/2025\/10\/collision-sensor-loading-diagram.png?resize=1200,675\" \/>\n\t<meta property=\"og:image:width\" content=\"1200\" \/>\n\t<meta property=\"og:image:height\" content=\"675\" \/>\n\t<meta property=\"og:image:type\" content=\"image\/png\" \/>\n<meta name=\"twitter:card\" content=\"summary_large_image\" \/>\n<meta name=\"twitter:label1\" content=\"Est. reading time\" \/>\n\t<meta name=\"twitter:data1\" content=\"4 minutos\" \/>\n<script type=\"application\/ld+json\" class=\"yoast-schema-graph\">{\"@context\":\"https:\\\/\\\/schema.org\",\"@graph\":[{\"@type\":\"WebPage\",\"@id\":\"https:\\\/\\\/ati.novanta.com\\\/pt\\\/products\\\/collision-sensors\\\/selecao-de-um-sensor-de-colisao\\\/\",\"url\":\"https:\\\/\\\/ati.novanta.com\\\/pt\\\/products\\\/collision-sensors\\\/selecao-de-um-sensor-de-colisao\\\/\",\"name\":\"Sele\u00e7\u00e3o de um sensor de colis\u00e3o - ATI Industrial Automation\",\"isPartOf\":{\"@id\":\"https:\\\/\\\/ati.novanta.com\\\/#website\"},\"primaryImageOfPage\":{\"@id\":\"https:\\\/\\\/ati.novanta.com\\\/pt\\\/products\\\/collision-sensors\\\/selecao-de-um-sensor-de-colisao\\\/#primaryimage\"},\"image\":{\"@id\":\"https:\\\/\\\/ati.novanta.com\\\/pt\\\/products\\\/collision-sensors\\\/selecao-de-um-sensor-de-colisao\\\/#primaryimage\"},\"thumbnailUrl\":\"https:\\\/\\\/ati.novanta.com\\\/wp-content\\\/uploads\\\/sites\\\/2\\\/2025\\\/10\\\/collision-sensor-loading-diagram.png?w=1024\",\"datePublished\":\"2025-10-12T20:38:41+00:00\",\"dateModified\":\"2025-10-12T20:38:42+00:00\",\"breadcrumb\":{\"@id\":\"https:\\\/\\\/ati.novanta.com\\\/pt\\\/products\\\/collision-sensors\\\/selecao-de-um-sensor-de-colisao\\\/#breadcrumb\"},\"inLanguage\":\"pt-BR\",\"potentialAction\":[{\"@type\":\"ReadAction\",\"target\":[\"https:\\\/\\\/ati.novanta.com\\\/pt\\\/products\\\/collision-sensors\\\/selecao-de-um-sensor-de-colisao\\\/\"]}]},{\"@type\":\"ImageObject\",\"inLanguage\":\"pt-BR\",\"@id\":\"https:\\\/\\\/ati.novanta.com\\\/pt\\\/products\\\/collision-sensors\\\/selecao-de-um-sensor-de-colisao\\\/#primaryimage\",\"url\":\"https:\\\/\\\/ati.novanta.com\\\/wp-content\\\/uploads\\\/sites\\\/2\\\/2025\\\/10\\\/collision-sensor-loading-diagram.png?w=1024\",\"contentUrl\":\"https:\\\/\\\/ati.novanta.com\\\/wp-content\\\/uploads\\\/sites\\\/2\\\/2025\\\/10\\\/collision-sensor-loading-diagram.png?w=1024\"},{\"@type\":\"BreadcrumbList\",\"@id\":\"https:\\\/\\\/ati.novanta.com\\\/pt\\\/products\\\/collision-sensors\\\/selecao-de-um-sensor-de-colisao\\\/#breadcrumb\",\"itemListElement\":[{\"@type\":\"ListItem\",\"position\":1,\"name\":\"Home\",\"item\":\"https:\\\/\\\/ati.novanta.com\\\/pt\\\/home\\\/\"},{\"@type\":\"ListItem\",\"position\":2,\"name\":\"Produtos\",\"item\":\"https:\\\/\\\/ati.novanta.com\\\/products\\\/\"},{\"@type\":\"ListItem\",\"position\":3,\"name\":\"Sensores de colis\u00e3o\",\"item\":\"https:\\\/\\\/ati.novanta.com\\\/pt\\\/products\\\/collision-sensors\\\/\"},{\"@type\":\"ListItem\",\"position\":4,\"name\":\"Sele\u00e7\u00e3o de um sensor de colis\u00e3o\"}]},{\"@type\":\"WebSite\",\"@id\":\"https:\\\/\\\/ati.novanta.com\\\/#website\",\"url\":\"https:\\\/\\\/ati.novanta.com\\\/\",\"name\":\"ATI Industrial Automation\",\"description\":\"\",\"publisher\":{\"@id\":\"https:\\\/\\\/ati.novanta.com\\\/#organization\"},\"potentialAction\":[{\"@type\":\"SearchAction\",\"target\":{\"@type\":\"EntryPoint\",\"urlTemplate\":\"https:\\\/\\\/ati.novanta.com\\\/?s={search_term_string}\"},\"query-input\":{\"@type\":\"PropertyValueSpecification\",\"valueRequired\":true,\"valueName\":\"search_term_string\"}}],\"inLanguage\":\"pt-BR\"},{\"@type\":\"Organization\",\"@id\":\"https:\\\/\\\/ati.novanta.com\\\/#organization\",\"name\":\"ATI Industrial Automation\",\"url\":\"https:\\\/\\\/ati.novanta.com\\\/\",\"logo\":{\"@type\":\"ImageObject\",\"inLanguage\":\"pt-BR\",\"@id\":\"https:\\\/\\\/ati.novanta.com\\\/#\\\/schema\\\/logo\\\/image\\\/\",\"url\":\"\",\"contentUrl\":\"\",\"caption\":\"ATI Industrial Automation\"},\"image\":{\"@id\":\"https:\\\/\\\/ati.novanta.com\\\/#\\\/schema\\\/logo\\\/image\\\/\"}}]}<\/script>\n<!-- \/ Yoast SEO Premium plugin. -->","yoast_head_json":{"title":"Sele\u00e7\u00e3o de um sensor de colis\u00e3o - ATI Industrial Automation","robots":{"index":"index","follow":"follow","max-snippet":"max-snippet:-1","max-image-preview":"max-image-preview:large","max-video-preview":"max-video-preview:-1"},"canonical":"https:\/\/ati.novanta.com\/pt\/products\/collision-sensors\/selecao-de-um-sensor-de-colisao\/","og_locale":"pt_BR","og_type":"article","og_title":"Sele\u00e7\u00e3o de um sensor de colis\u00e3o","og_url":"https:\/\/ati.novanta.com\/pt\/products\/collision-sensors\/selecao-de-um-sensor-de-colisao\/","og_site_name":"ATI Industrial Automation","article_modified_time":"2025-10-12T20:38:42+00:00","og_image":[{"width":1200,"height":675,"url":"https:\/\/ati.novanta.com\/wp-content\/uploads\/sites\/2\/2025\/10\/collision-sensor-loading-diagram.png?resize=1200,675","type":"image\/png"}],"twitter_card":"summary_large_image","twitter_misc":{"Est. reading time":"4 minutos"},"schema":{"@context":"https:\/\/schema.org","@graph":[{"@type":"WebPage","@id":"https:\/\/ati.novanta.com\/pt\/products\/collision-sensors\/selecao-de-um-sensor-de-colisao\/","url":"https:\/\/ati.novanta.com\/pt\/products\/collision-sensors\/selecao-de-um-sensor-de-colisao\/","name":"Sele\u00e7\u00e3o de um sensor de colis\u00e3o - ATI Industrial Automation","isPartOf":{"@id":"https:\/\/ati.novanta.com\/#website"},"primaryImageOfPage":{"@id":"https:\/\/ati.novanta.com\/pt\/products\/collision-sensors\/selecao-de-um-sensor-de-colisao\/#primaryimage"},"image":{"@id":"https:\/\/ati.novanta.com\/pt\/products\/collision-sensors\/selecao-de-um-sensor-de-colisao\/#primaryimage"},"thumbnailUrl":"https:\/\/ati.novanta.com\/wp-content\/uploads\/sites\/2\/2025\/10\/collision-sensor-loading-diagram.png?w=1024","datePublished":"2025-10-12T20:38:41+00:00","dateModified":"2025-10-12T20:38:42+00:00","breadcrumb":{"@id":"https:\/\/ati.novanta.com\/pt\/products\/collision-sensors\/selecao-de-um-sensor-de-colisao\/#breadcrumb"},"inLanguage":"pt-BR","potentialAction":[{"@type":"ReadAction","target":["https:\/\/ati.novanta.com\/pt\/products\/collision-sensors\/selecao-de-um-sensor-de-colisao\/"]}]},{"@type":"ImageObject","inLanguage":"pt-BR","@id":"https:\/\/ati.novanta.com\/pt\/products\/collision-sensors\/selecao-de-um-sensor-de-colisao\/#primaryimage","url":"https:\/\/ati.novanta.com\/wp-content\/uploads\/sites\/2\/2025\/10\/collision-sensor-loading-diagram.png?w=1024","contentUrl":"https:\/\/ati.novanta.com\/wp-content\/uploads\/sites\/2\/2025\/10\/collision-sensor-loading-diagram.png?w=1024"},{"@type":"BreadcrumbList","@id":"https:\/\/ati.novanta.com\/pt\/products\/collision-sensors\/selecao-de-um-sensor-de-colisao\/#breadcrumb","itemListElement":[{"@type":"ListItem","position":1,"name":"Home","item":"https:\/\/ati.novanta.com\/pt\/home\/"},{"@type":"ListItem","position":2,"name":"Produtos","item":"https:\/\/ati.novanta.com\/products\/"},{"@type":"ListItem","position":3,"name":"Sensores de colis\u00e3o","item":"https:\/\/ati.novanta.com\/pt\/products\/collision-sensors\/"},{"@type":"ListItem","position":4,"name":"Sele\u00e7\u00e3o de um sensor de colis\u00e3o"}]},{"@type":"WebSite","@id":"https:\/\/ati.novanta.com\/#website","url":"https:\/\/ati.novanta.com\/","name":"ATI Industrial Automation","description":"","publisher":{"@id":"https:\/\/ati.novanta.com\/#organization"},"potentialAction":[{"@type":"SearchAction","target":{"@type":"EntryPoint","urlTemplate":"https:\/\/ati.novanta.com\/?s={search_term_string}"},"query-input":{"@type":"PropertyValueSpecification","valueRequired":true,"valueName":"search_term_string"}}],"inLanguage":"pt-BR"},{"@type":"Organization","@id":"https:\/\/ati.novanta.com\/#organization","name":"ATI Industrial Automation","url":"https:\/\/ati.novanta.com\/","logo":{"@type":"ImageObject","inLanguage":"pt-BR","@id":"https:\/\/ati.novanta.com\/#\/schema\/logo\/image\/","url":"","contentUrl":"","caption":"ATI Industrial Automation"},"image":{"@id":"https:\/\/ati.novanta.com\/#\/schema\/logo\/image\/"}}]}},"parsely":{"version":"1.1.0","canonical_url":"https:\/\/novanta.com\/pt\/products\/collision-sensors\/selecao-de-um-sensor-de-colisao\/","smart_links":{"inbound":0,"outbound":0},"traffic_boost_suggestions_count":0,"meta":{"@context":"https:\/\/schema.org","@type":"WebPage","headline":"Sele\u00e7\u00e3o de um sensor de colis\u00e3o","url":"http:\/\/ati.novanta.com\/pt\/products\/collision-sensors\/selecao-de-um-sensor-de-colisao\/","mainEntityOfPage":{"@type":"WebPage","@id":"http:\/\/ati.novanta.com\/pt\/products\/collision-sensors\/selecao-de-um-sensor-de-colisao\/"},"thumbnailUrl":"","image":{"@type":"ImageObject","url":""},"articleSection":"Sem categoria","author":[{"@type":"Person","name":"evan"}],"creator":["evan"],"publisher":{"@type":"Organization","name":"ATI Industrial Automation","logo":""},"keywords":[],"dateCreated":"2025-10-12T20:38:41Z","datePublished":"2025-10-12T20:38:41Z","dateModified":"2025-10-12T20:38:42Z"},"rendered":"<script type=\"application\/ld+json\" class=\"wp-parsely-metadata\">{\"@context\":\"https:\\\/\\\/schema.org\",\"@type\":\"WebPage\",\"headline\":\"Sele\\u00e7\\u00e3o de um sensor de colis\\u00e3o\",\"url\":\"http:\\\/\\\/ati.novanta.com\\\/pt\\\/products\\\/collision-sensors\\\/selecao-de-um-sensor-de-colisao\\\/\",\"mainEntityOfPage\":{\"@type\":\"WebPage\",\"@id\":\"http:\\\/\\\/ati.novanta.com\\\/pt\\\/products\\\/collision-sensors\\\/selecao-de-um-sensor-de-colisao\\\/\"},\"thumbnailUrl\":\"\",\"image\":{\"@type\":\"ImageObject\",\"url\":\"\"},\"articleSection\":\"Sem categoria\",\"author\":[{\"@type\":\"Person\",\"name\":\"evan\"}],\"creator\":[\"evan\"],\"publisher\":{\"@type\":\"Organization\",\"name\":\"ATI Industrial Automation\",\"logo\":\"\"},\"keywords\":[],\"dateCreated\":\"2025-10-12T20:38:41Z\",\"datePublished\":\"2025-10-12T20:38:41Z\",\"dateModified\":\"2025-10-12T20:38:42Z\"}<\/script>","tracker_url":"https:\/\/cdn.parsely.com\/keys\/novanta.com\/p.js"},"_links":{"self":[{"href":"https:\/\/ati.novanta.com\/pt\/wp-json\/wp\/v2\/pages\/45162","targetHints":{"allow":["GET"]}}],"collection":[{"href":"https:\/\/ati.novanta.com\/pt\/wp-json\/wp\/v2\/pages"}],"about":[{"href":"https:\/\/ati.novanta.com\/pt\/wp-json\/wp\/v2\/types\/page"}],"author":[{"embeddable":true,"href":"https:\/\/ati.novanta.com\/pt\/wp-json\/wp\/v2\/users\/36"}],"replies":[{"embeddable":true,"href":"https:\/\/ati.novanta.com\/pt\/wp-json\/wp\/v2\/comments?post=45162"}],"version-history":[{"count":1,"href":"https:\/\/ati.novanta.com\/pt\/wp-json\/wp\/v2\/pages\/45162\/revisions"}],"predecessor-version":[{"id":45169,"href":"https:\/\/ati.novanta.com\/pt\/wp-json\/wp\/v2\/pages\/45162\/revisions\/45169"}],"up":[{"embeddable":true,"href":"https:\/\/ati.novanta.com\/pt\/wp-json\/wp\/v2\/pages\/32924"}],"wp:attachment":[{"href":"https:\/\/ati.novanta.com\/pt\/wp-json\/wp\/v2\/media?parent=45162"}],"curies":[{"name":"wp","href":"https:\/\/api.w.org\/{rel}","templated":true}]}}